{"id":22718,"date":"2025-08-01T16:57:07","date_gmt":"2025-08-01T14:57:07","guid":{"rendered":"https:\/\/uj.adatbank.ro\/lexikon\/termek\/tataru-george\/"},"modified":"2025-08-01T16:57:07","modified_gmt":"2025-08-01T14:57:07","slug":"tataru-george","status":"publish","type":"product","link":"https:\/\/uj.adatbank.ro\/lexikon\/termek\/tataru-george\/","title":{"rendered":"T\u0102TARU, George"},"content":{"rendered":"<p>1905. m\u00e1j. 6., \u2020 ?: tan\u00edt\u00f3. \u2013 Marosszentgy\u00f6rgy\u00f6n tan\u00edtott a g. kat. iskol\u00e1ban 40 tanul\u00f3t (1880). <br \/><strong>\u2013 Irod.:<\/strong> S\u00e2ngeorgiu de Mure\u015f \u2013 \u015ecoala.<\/br><\/p>\n","protected":false},"excerpt":{"rendered":"<p>1905. m\u00e1j. 6., \u2020 ?: tan\u00edt\u00f3. \u2013 Marosszentgy\u00f6rgy\u00f6n tan\u00edtott a g. kat. iskol\u00e1ban 40 tanul\u00f3t (1880). \u2013 Irod.: S\u00e2ngeorgiu de Mure\u015f \u2013 \u015ecoala.<\/p>\n","protected":false},"featured_media":0,"comment_status":"open","ping_status":"closed","template":"","meta":[],"product_brand":[],"product_cat":[137],"product_tag":[],"class_list":{"0":"post-22718","1":"product","2":"type-product","3":"status-publish","5":"product_cat-maros-megyei-eletrajzi-lexikon","7":"first","8":"instock","9":"shipping-taxable","10":"product-type-simple"},"_links":{"self":[{"href":"https:\/\/uj.adatbank.ro\/lexikon\/wp-json\/wp\/v2\/product\/22718","targetHints":{"allow":["GET"]}}],"collection":[{"href":"https:\/\/uj.adatbank.ro\/lexikon\/wp-json\/wp\/v2\/product"}],"about":[{"href":"https:\/\/uj.adatbank.ro\/lexikon\/wp-json\/wp\/v2\/types\/product"}],"replies":[{"embeddable":true,"href":"https:\/\/uj.adatbank.ro\/lexikon\/wp-json\/wp\/v2\/comments?post=22718"}],"wp:attachment":[{"href":"https:\/\/uj.adatbank.ro\/lexikon\/wp-json\/wp\/v2\/media?parent=22718"}],"wp:term":[{"taxonomy":"product_brand","embeddable":true,"href":"https:\/\/uj.adatbank.ro\/lexikon\/wp-json\/wp\/v2\/product_brand?post=22718"},{"taxonomy":"product_cat","embeddable":true,"href":"https:\/\/uj.adatbank.ro\/lexikon\/wp-json\/wp\/v2\/product_cat?post=22718"},{"taxonomy":"product_tag","embeddable":true,"href":"https:\/\/uj.adatbank.ro\/lexikon\/wp-json\/wp\/v2\/product_tag?post=22718"}],"curies":[{"name":"wp","href":"https:\/\/api.w.org\/{rel}","templated":true}]}}