{"id":22720,"date":"2025-08-01T16:57:11","date_gmt":"2025-08-01T14:57:11","guid":{"rendered":"https:\/\/uj.adatbank.ro\/lexikon\/termek\/tauffer-johann-tauffer-janos\/"},"modified":"2025-08-01T16:57:11","modified_gmt":"2025-08-01T14:57:11","slug":"tauffer-johann-tauffer-janos","status":"publish","type":"product","link":"https:\/\/uj.adatbank.ro\/lexikon\/termek\/tauffer-johann-tauffer-janos\/","title":{"rendered":"TAUFFER Johann, Tauffer J\u00e1nos"},"content":{"rendered":"<p>1792? \u2020 Kv., 1856. okt. 3.: k\u00e1rpitos. \u2013 Feles\u00e9ge: Kom\u00e1romi M\u00e1ria. Gyermekeik: Louise Eduard Koz\u00e1k; Karl, feles\u00e9ge Theresia Hints. \u2013 A mesters\u00e9g\u00e9t B\u00e9csben tanulta, Samuel Brukenthal mag\u00e1val vitte Szebenbe, a Gubernium Kv.-ra k\u00f6lt\u00f6z\u00e9se ut\u00e1n k\u00e9rte a leteleped\u00e9si enged\u00e9ly\u00e9t Kv.-on (1803). Itt h\u00e1zat \u00e9p\u00edtett mag\u00e1nak. Keresden dolgozott a Bethlen csal\u00e1dnak (1787), majd a Telekieknek dolgozott (1794\u20131801) \u00e9s a gyulakutai L\u00e1z\u00e1r udvarh\u00e1znak is dolgozott (1812). A fi\u00e1val k\u00f6z\u00f6sen k\u00e1rpitozott b\u00fatorokat \u00e1rul\u00f3 \u00fczlete volt Kv.-on (1821\u2013). A dologh\u00e1z f\u0151fel\u00fcgyel\u0151je volt (1847). <br \/><strong>\u2013 Irod.:<\/strong> B. Nagy Margit 1970; Lev\u00e9lt\u00e1ri gy\u00e1szj.<\/br><\/p>\n","protected":false},"excerpt":{"rendered":"<p>1792? \u2020 Kv., 1856. okt. 3.: k\u00e1rpitos. \u2013 Feles\u00e9ge: Kom\u00e1romi M\u00e1ria. Gyermekeik: Louise Eduard Koz\u00e1k; Karl, feles\u00e9ge Theresia Hints. \u2013 A mesters\u00e9g\u00e9t B\u00e9csben tanulta, Samuel Brukenthal mag\u00e1val vitte Szebenbe, a Gubernium Kv.-ra k\u00f6lt\u00f6z\u00e9se ut\u00e1n k\u00e9rte a leteleped\u00e9si enged\u00e9ly\u00e9t Kv.-on (1803). Itt h\u00e1zat \u00e9p\u00edtett mag\u00e1nak. Keresden dolgozott a Bethlen csal\u00e1dnak (1787), majd a Telekieknek dolgozott (1794\u20131801) [&hellip;]<\/p>\n","protected":false},"featured_media":0,"comment_status":"open","ping_status":"closed","template":"","meta":[],"product_brand":[],"product_cat":[137],"product_tag":[],"class_list":{"0":"post-22720","1":"product","2":"type-product","3":"status-publish","5":"product_cat-maros-megyei-eletrajzi-lexikon","7":"first","8":"instock","9":"shipping-taxable","10":"product-type-simple"},"_links":{"self":[{"href":"https:\/\/uj.adatbank.ro\/lexikon\/wp-json\/wp\/v2\/product\/22720","targetHints":{"allow":["GET"]}}],"collection":[{"href":"https:\/\/uj.adatbank.ro\/lexikon\/wp-json\/wp\/v2\/product"}],"about":[{"href":"https:\/\/uj.adatbank.ro\/lexikon\/wp-json\/wp\/v2\/types\/product"}],"replies":[{"embeddable":true,"href":"https:\/\/uj.adatbank.ro\/lexikon\/wp-json\/wp\/v2\/comments?post=22720"}],"wp:attachment":[{"href":"https:\/\/uj.adatbank.ro\/lexikon\/wp-json\/wp\/v2\/media?parent=22720"}],"wp:term":[{"taxonomy":"product_brand","embeddable":true,"href":"https:\/\/uj.adatbank.ro\/lexikon\/wp-json\/wp\/v2\/product_brand?post=22720"},{"taxonomy":"product_cat","embeddable":true,"href":"https:\/\/uj.adatbank.ro\/lexikon\/wp-json\/wp\/v2\/product_cat?post=22720"},{"taxonomy":"product_tag","embeddable":true,"href":"https:\/\/uj.adatbank.ro\/lexikon\/wp-json\/wp\/v2\/product_tag?post=22720"}],"curies":[{"name":"wp","href":"https:\/\/api.w.org\/{rel}","templated":true}]}}