{"id":22721,"date":"2025-08-01T16:57:14","date_gmt":"2025-08-01T14:57:14","guid":{"rendered":"https:\/\/uj.adatbank.ro\/lexikon\/termek\/tauszik-b-hugo-tauszig-hugo-b-tanszig-b-hugo\/"},"modified":"2025-08-01T16:57:14","modified_gmt":"2025-08-01T14:57:14","slug":"tauszik-b-hugo-tauszig-hugo-b-tanszig-b-hugo","status":"publish","type":"product","link":"https:\/\/uj.adatbank.ro\/lexikon\/termek\/tauszik-b-hugo-tauszig-hugo-b-tanszig-b-hugo\/","title":{"rendered":"TAUSZIK B. Hug\u00f3, Tauszig Hug\u00f3, B., Tanszig B. Hugo"},"content":{"rendered":"<p>Moh\u00e1cs, 1848. \u2020 Mv., 1912. febr. 11: s\u00edrja a mv.-i Ref.temet\u0151ben: kir. tan\u00e1csos, bankigazgat\u00f3, iparkamarai eln\u00f6k, nagyv\u00e1llalkoz\u00f3. \u2013 Feles\u00e9ge: farkaslaki Hints \/ Hincs Etelka (1855? \u2013 Mv., 1913. j\u00fal. 30.). \u2013 Az Agr\u00e1r-Takar\u00e9kp\u00e9nzt\u00e1r Rt. vez\u00e9rigazgat\u00f3ja volt. A mv.-i Tornaegyes\u00fclet alap\u00edt\u00f3 tagja, a tornaoszt\u00e1ly fel\u00fcgyel\u0151je volt (1884\u2013), az EMKE alap\u00edt\u00f3 \u00e9s \u00f6r\u00f6k\u00f6s tagja (1885\u2013), a Mv.-i Kereskedelmi \u00e9s Iparkamara eln\u00f6ke megalakul\u00e1s\u00e1t\u00f3l (1890\u20131912), Eln\u00f6ke, Vez\u00e9rigazgat\u00f3ja az Agr\u00e1r Takar\u00e9kp\u00e9nzt\u00e1rnak alap\u00edt\u00e1s\u00e1t\u00f3l (1897); R\u00e9szt vett a villanytelep meg\u00e9p\u00edt\u00e9s\u00e9ben (1897); a mv.-i \u00c1llami Fa- \u00e9s F\u00e9mipari Szakiskola (M. Kir. \u00c1llami&#8230;, 1897\u2013) fel\u00fcgyel\u0151bizotts\u00e1g\u00e1nak eln\u00f6ke. Kir. tan\u00e1csos (1898). Szabadelv\u0171 programmal kandid\u00e1lt a k\u00e9pvisel\u0151v\u00e1laszt\u00e1sokon (1901).Tagja volt a rendez\u0151bizotts\u00e1gnak a Cs\u00edktusn\u00e1don tartott Sz\u00e9kely Kongresszuson (1902. aug. 28\u201330). Az MTE alap\u00edt\u00f3tagja (1884). A Mv.-i Kaszin\u00f3 tagja. A Vaskoronarend lovagja, kir tan\u00e1csos. Az \u00f6n\u00e1ll\u00f3 v\u00e1mter\u00fcletr\u0151l \u00edrt tanulm\u00e1nyt. Feles\u00e9g\u00e9vel vill\u00e1t \u00e9p\u00edttettek Szov\u00e1t\u00e1n (1905 k.). A gyermektelen \u00f6zv. feles\u00e9ge \u00f6r\u00f6ks\u00e9g\u00fcl hagyta unokatestv\u00e9re, Hints Zolt\u00e1n le\u00e1ny\u00e1nak, Editnek (1913. m\u00e1j. 13.), az \u00f6r\u00f6khagy\u00f3 eml\u00e9k\u00e9re nevezte Etelka-vill\u00e1nak. Ezt a vill\u00e1t vette meg Bern\u00e1dyn\u00e9 Kelemen Margit (1929). <br \/><strong>\u2013 Irod.:<\/strong> Ajtay L\u00e1szl\u00f3. M\u00e1rv\u00e1nyt\u00e1bl\u00e1k helyett (N\u00fa., 1997. dec. 6.); Bern\u00e1dy; Bi\u00e1s Istv\u00e1n; Gy\u00e1szjelent\u0151; Id\u0151t\u00e1r 2; J\u00f3zsa Andr\u00e1s: B. Gy. Szov\u00e1t\u00e1n = Eml\u00e9kk. Szab\u00f3 Mikl\u00f3s; K\u00e1d\u00e1r \u2013 P\u00e1l-Antal; Mv.-i ref. temet\u0151; \u00d6kr\u00f6s; P\u00e1lmay; P\u00e1lmay J\u00f3zsef; S\u00e1ndor; Sikl\u00f3ssy; A Sz\u00e9kely Kongresszus szervezete, tagjainak n\u00e9vsora, t\u00e1rgyal\u00e1sai \u00e9s hat\u00e1rozatai (Bp, 1902); Un secol de electricitate.<\/br><\/p>\n","protected":false},"excerpt":{"rendered":"<p>Moh\u00e1cs, 1848. \u2020 Mv., 1912. febr. 11: s\u00edrja a mv.-i Ref.temet\u0151ben: kir. tan\u00e1csos, bankigazgat\u00f3, iparkamarai eln\u00f6k, nagyv\u00e1llalkoz\u00f3. \u2013 Feles\u00e9ge: farkaslaki Hints \/ Hincs Etelka (1855? \u2013 Mv., 1913. j\u00fal. 30.). \u2013 Az Agr\u00e1r-Takar\u00e9kp\u00e9nzt\u00e1r Rt. vez\u00e9rigazgat\u00f3ja volt. A mv.-i Tornaegyes\u00fclet alap\u00edt\u00f3 tagja, a tornaoszt\u00e1ly fel\u00fcgyel\u0151je volt (1884\u2013), az EMKE alap\u00edt\u00f3 \u00e9s \u00f6r\u00f6k\u00f6s tagja (1885\u2013), a Mv.-i [&hellip;]<\/p>\n","protected":false},"featured_media":0,"comment_status":"open","ping_status":"closed","template":"","meta":[],"product_brand":[],"product_cat":[137],"product_tag":[],"class_list":{"0":"post-22721","1":"product","2":"type-product","3":"status-publish","5":"product_cat-maros-megyei-eletrajzi-lexikon","7":"first","8":"instock","9":"shipping-taxable","10":"product-type-simple"},"_links":{"self":[{"href":"https:\/\/uj.adatbank.ro\/lexikon\/wp-json\/wp\/v2\/product\/22721","targetHints":{"allow":["GET"]}}],"collection":[{"href":"https:\/\/uj.adatbank.ro\/lexikon\/wp-json\/wp\/v2\/product"}],"about":[{"href":"https:\/\/uj.adatbank.ro\/lexikon\/wp-json\/wp\/v2\/types\/product"}],"replies":[{"embeddable":true,"href":"https:\/\/uj.adatbank.ro\/lexikon\/wp-json\/wp\/v2\/comments?post=22721"}],"wp:attachment":[{"href":"https:\/\/uj.adatbank.ro\/lexikon\/wp-json\/wp\/v2\/media?parent=22721"}],"wp:term":[{"taxonomy":"product_brand","embeddable":true,"href":"https:\/\/uj.adatbank.ro\/lexikon\/wp-json\/wp\/v2\/product_brand?post=22721"},{"taxonomy":"product_cat","embeddable":true,"href":"https:\/\/uj.adatbank.ro\/lexikon\/wp-json\/wp\/v2\/product_cat?post=22721"},{"taxonomy":"product_tag","embeddable":true,"href":"https:\/\/uj.adatbank.ro\/lexikon\/wp-json\/wp\/v2\/product_tag?post=22721"}],"curies":[{"name":"wp","href":"https:\/\/api.w.org\/{rel}","templated":true}]}}