{"id":22724,"date":"2025-08-01T16:57:22","date_gmt":"2025-08-01T14:57:22","guid":{"rendered":"https:\/\/uj.adatbank.ro\/lexikon\/termek\/tavaszi-daniel\/"},"modified":"2025-08-01T16:57:22","modified_gmt":"2025-08-01T14:57:22","slug":"tavaszi-daniel","status":"publish","type":"product","link":"https:\/\/uj.adatbank.ro\/lexikon\/termek\/tavaszi-daniel\/","title":{"rendered":"TAVASZI D\u00e1niel"},"content":{"rendered":"<p>Nagyernye, 1892., \u2020 ?: gazd\u00e1lkod\u00f3. \u2013 \u00d6n\u00e1ll\u00f3 gazda sz\u00fcl\u0151faluj\u00e1ban (1919\u2013). Az els\u0151 vh.-ban a 62. cs. kir. gy. ezredben az orosz fronton harcolt, s\u00falyosan megsebes\u00fclt, mint rokkant szerelt le. A Tejsz\u00f6vetkezet p\u00e9nzt\u00e1rosa \u00e9s ig. tagja, a ref. egyh\u00e1z presbitere, gondnoka, a Hangya \u00e9s Hitelsz\u00f6v. ig.-i tagja volt. <br \/><strong>\u2013 Irod.:<\/strong> Sz\u00e9kelyf\u00f6ld \u00ed. k.<\/br><\/p>\n","protected":false},"excerpt":{"rendered":"<p>Nagyernye, 1892., \u2020 ?: gazd\u00e1lkod\u00f3. \u2013 \u00d6n\u00e1ll\u00f3 gazda sz\u00fcl\u0151faluj\u00e1ban (1919\u2013). Az els\u0151 vh.-ban a 62. cs. kir. gy. ezredben az orosz fronton harcolt, s\u00falyosan megsebes\u00fclt, mint rokkant szerelt le. A Tejsz\u00f6vetkezet p\u00e9nzt\u00e1rosa \u00e9s ig. tagja, a ref. egyh\u00e1z presbitere, gondnoka, a Hangya \u00e9s Hitelsz\u00f6v. ig.-i tagja volt. \u2013 Irod.: Sz\u00e9kelyf\u00f6ld \u00ed. k.<\/p>\n","protected":false},"featured_media":0,"comment_status":"open","ping_status":"closed","template":"","meta":[],"product_brand":[],"product_cat":[137],"product_tag":[],"class_list":{"0":"post-22724","1":"product","2":"type-product","3":"status-publish","5":"product_cat-maros-megyei-eletrajzi-lexikon","7":"first","8":"instock","9":"shipping-taxable","10":"product-type-simple"},"_links":{"self":[{"href":"https:\/\/uj.adatbank.ro\/lexikon\/wp-json\/wp\/v2\/product\/22724","targetHints":{"allow":["GET"]}}],"collection":[{"href":"https:\/\/uj.adatbank.ro\/lexikon\/wp-json\/wp\/v2\/product"}],"about":[{"href":"https:\/\/uj.adatbank.ro\/lexikon\/wp-json\/wp\/v2\/types\/product"}],"replies":[{"embeddable":true,"href":"https:\/\/uj.adatbank.ro\/lexikon\/wp-json\/wp\/v2\/comments?post=22724"}],"wp:attachment":[{"href":"https:\/\/uj.adatbank.ro\/lexikon\/wp-json\/wp\/v2\/media?parent=22724"}],"wp:term":[{"taxonomy":"product_brand","embeddable":true,"href":"https:\/\/uj.adatbank.ro\/lexikon\/wp-json\/wp\/v2\/product_brand?post=22724"},{"taxonomy":"product_cat","embeddable":true,"href":"https:\/\/uj.adatbank.ro\/lexikon\/wp-json\/wp\/v2\/product_cat?post=22724"},{"taxonomy":"product_tag","embeddable":true,"href":"https:\/\/uj.adatbank.ro\/lexikon\/wp-json\/wp\/v2\/product_tag?post=22724"}],"curies":[{"name":"wp","href":"https:\/\/api.w.org\/{rel}","templated":true}]}}