{"id":22726,"date":"2025-08-01T16:57:27","date_gmt":"2025-08-01T14:57:27","guid":{"rendered":"https:\/\/uj.adatbank.ro\/lexikon\/termek\/tavaszy-gyorgy-magyarbolkenyi-es-szaszfulposi\/"},"modified":"2025-08-01T16:57:27","modified_gmt":"2025-08-01T14:57:27","slug":"tavaszy-gyorgy-magyarbolkenyi-es-szaszfulposi","status":"publish","type":"product","link":"https:\/\/uj.adatbank.ro\/lexikon\/termek\/tavaszy-gyorgy-magyarbolkenyi-es-szaszfulposi\/","title":{"rendered":"TAVASZY Gy\u00f6rgy; magyarb\u00f6lk\u00e9nyi \u00e9s sz\u00e1szf\u00fclp\u00f6si"},"content":{"rendered":"<p>? \u2020 Magyarb\u00f6lk\u00e9ny, ?: nemes, f\u00f6ldbirtokos. \u2013 T. M\u00e1rton fia, a Kolozs megyei nemesek soraiban r\u00e9szt vett II. R\u00e1k\u00f3czi Gy\u00f6rgy Lengyelorsz\u00e1gi szerencs\u00e9tlen hadj\u00e1rat\u00e1ban, sok ezer erd\u00e9lyi bajt\u00e1rs\u00e1val egy\u00fctt tat\u00e1r fogs\u00e1gba ker\u00fclt (1657). Volt a moldovai vajda szolg\u00e1lat\u00e1ban egy rokona T\u00f6r\u00f6k P\u00e1l, aki 400 tall\u00e9r sarcot fizetett \u00e9rte minek k\u00e9tszeres\u00e9t kellett megadnia. Mivel nem tudta kifizetni a nagy \u00f6sszeget Rh\u00e9dey Ferenc fejedelem (1657) sz\u00e1szf\u00fclp\u00f6si \u00f6sszes javait lefoglalta. Szeg\u00e9ny sorban \u00e9lt t\u00edz \u00e9vig, amikor Apafi Mih\u00e1ly Ebesfalv\u00e1r\u00f3l kelt adom\u00e1nylevel\u00e9vel Magyarb\u00f6lk\u00e9nyben 60 fr.-\u00e9rt eg jobb\u00e1gytelket inscrib\u00e1lt neki (1667), majd m\u00e1sf\u00e9l \u00e9v m\u00falva (1668) ugyanazt \u00e9lete v\u00e9g\u00e9ig neki aj\u00e1nd\u00e9kozta, mentes\u00edtette \u00e9s nemes\u00edtette. Val\u00f3sz\u00edn\u0171leg hal\u00e1l\u00e1ig Magyarb\u00f6lk\u00e9nyben maradt. Ut\u00f3dai visszanyert\u00e9k r\u00e9gi j\u00f3sz\u00e1gait is. <br \/><strong>\u2013 Irod.:<\/strong> Kelemen Lajos 2006.<\/br><\/p>\n","protected":false},"excerpt":{"rendered":"<p>? \u2020 Magyarb\u00f6lk\u00e9ny, ?: nemes, f\u00f6ldbirtokos. \u2013 T. M\u00e1rton fia, a Kolozs megyei nemesek soraiban r\u00e9szt vett II. R\u00e1k\u00f3czi Gy\u00f6rgy Lengyelorsz\u00e1gi szerencs\u00e9tlen hadj\u00e1rat\u00e1ban, sok ezer erd\u00e9lyi bajt\u00e1rs\u00e1val egy\u00fctt tat\u00e1r fogs\u00e1gba ker\u00fclt (1657). Volt a moldovai vajda szolg\u00e1lat\u00e1ban egy rokona T\u00f6r\u00f6k P\u00e1l, aki 400 tall\u00e9r sarcot fizetett \u00e9rte minek k\u00e9tszeres\u00e9t kellett megadnia. Mivel nem tudta kifizetni [&hellip;]<\/p>\n","protected":false},"featured_media":0,"comment_status":"open","ping_status":"closed","template":"","meta":[],"product_brand":[],"product_cat":[137],"product_tag":[],"class_list":{"0":"post-22726","1":"product","2":"type-product","3":"status-publish","5":"product_cat-maros-megyei-eletrajzi-lexikon","7":"first","8":"instock","9":"shipping-taxable","10":"product-type-simple"},"_links":{"self":[{"href":"https:\/\/uj.adatbank.ro\/lexikon\/wp-json\/wp\/v2\/product\/22726","targetHints":{"allow":["GET"]}}],"collection":[{"href":"https:\/\/uj.adatbank.ro\/lexikon\/wp-json\/wp\/v2\/product"}],"about":[{"href":"https:\/\/uj.adatbank.ro\/lexikon\/wp-json\/wp\/v2\/types\/product"}],"replies":[{"embeddable":true,"href":"https:\/\/uj.adatbank.ro\/lexikon\/wp-json\/wp\/v2\/comments?post=22726"}],"wp:attachment":[{"href":"https:\/\/uj.adatbank.ro\/lexikon\/wp-json\/wp\/v2\/media?parent=22726"}],"wp:term":[{"taxonomy":"product_brand","embeddable":true,"href":"https:\/\/uj.adatbank.ro\/lexikon\/wp-json\/wp\/v2\/product_brand?post=22726"},{"taxonomy":"product_cat","embeddable":true,"href":"https:\/\/uj.adatbank.ro\/lexikon\/wp-json\/wp\/v2\/product_cat?post=22726"},{"taxonomy":"product_tag","embeddable":true,"href":"https:\/\/uj.adatbank.ro\/lexikon\/wp-json\/wp\/v2\/product_tag?post=22726"}],"curies":[{"name":"wp","href":"https:\/\/api.w.org\/{rel}","templated":true}]}}