{"id":22737,"date":"2025-08-01T16:57:54","date_gmt":"2025-08-01T14:57:54","guid":{"rendered":"https:\/\/uj.adatbank.ro\/lexikon\/termek\/tecsi-gyorgy\/"},"modified":"2025-08-01T16:57:54","modified_gmt":"2025-08-01T14:57:54","slug":"tecsi-gyorgy","status":"publish","type":"product","link":"https:\/\/uj.adatbank.ro\/lexikon\/termek\/tecsi-gyorgy\/","title":{"rendered":"T\u00c9CSI Gy\u00f6rgy"},"content":{"rendered":"<p>? \u2020 ?: ref. lelk\u00e9sz. \u2013 Apja: T\u00e9csi S. J\u00e1nos esperes. Feles\u00e9ge Pataki Borb\u00e1la. \u2013 Kv.-on subscrib\u00e1lt (1695 k.). Kentelk\u00e9n \u00e9s Ceg\u0151telk\u00e9n (1705), Marosfelfaluban (1731, 1739?) \u00e9s Nagy\u00f6lyvesen (1737) volt lelk\u00e9sz. \u2013  <strong>F. m..:<\/strong> Halotti besz\u00e9d Bocskai Istv\u00e1n felett, 1673, m\u00e1j, 29, (Kv., 1674). <br \/><strong>\u2013 Irod.:<\/strong> Halotti besz\u00e9dek; \u0150sz.<\/br><\/p>\n","protected":false},"excerpt":{"rendered":"<p>? \u2020 ?: ref. lelk\u00e9sz. \u2013 Apja: T\u00e9csi S. J\u00e1nos esperes. Feles\u00e9ge Pataki Borb\u00e1la. \u2013 Kv.-on subscrib\u00e1lt (1695 k.). Kentelk\u00e9n \u00e9s Ceg\u0151telk\u00e9n (1705), Marosfelfaluban (1731, 1739?) \u00e9s Nagy\u00f6lyvesen (1737) volt lelk\u00e9sz. \u2013 F. m..: Halotti besz\u00e9d Bocskai Istv\u00e1n felett, 1673, m\u00e1j, 29, (Kv., 1674). \u2013 Irod.: Halotti besz\u00e9dek; \u0150sz.<\/p>\n","protected":false},"featured_media":0,"comment_status":"open","ping_status":"closed","template":"","meta":[],"product_brand":[],"product_cat":[137],"product_tag":[],"class_list":{"0":"post-22737","1":"product","2":"type-product","3":"status-publish","5":"product_cat-maros-megyei-eletrajzi-lexikon","7":"first","8":"instock","9":"shipping-taxable","10":"product-type-simple"},"_links":{"self":[{"href":"https:\/\/uj.adatbank.ro\/lexikon\/wp-json\/wp\/v2\/product\/22737","targetHints":{"allow":["GET"]}}],"collection":[{"href":"https:\/\/uj.adatbank.ro\/lexikon\/wp-json\/wp\/v2\/product"}],"about":[{"href":"https:\/\/uj.adatbank.ro\/lexikon\/wp-json\/wp\/v2\/types\/product"}],"replies":[{"embeddable":true,"href":"https:\/\/uj.adatbank.ro\/lexikon\/wp-json\/wp\/v2\/comments?post=22737"}],"wp:attachment":[{"href":"https:\/\/uj.adatbank.ro\/lexikon\/wp-json\/wp\/v2\/media?parent=22737"}],"wp:term":[{"taxonomy":"product_brand","embeddable":true,"href":"https:\/\/uj.adatbank.ro\/lexikon\/wp-json\/wp\/v2\/product_brand?post=22737"},{"taxonomy":"product_cat","embeddable":true,"href":"https:\/\/uj.adatbank.ro\/lexikon\/wp-json\/wp\/v2\/product_cat?post=22737"},{"taxonomy":"product_tag","embeddable":true,"href":"https:\/\/uj.adatbank.ro\/lexikon\/wp-json\/wp\/v2\/product_tag?post=22737"}],"curies":[{"name":"wp","href":"https:\/\/api.w.org\/{rel}","templated":true}]}}