{"id":22742,"date":"2025-08-01T16:58:07","date_gmt":"2025-08-01T14:58:07","guid":{"rendered":"https:\/\/uj.adatbank.ro\/lexikon\/termek\/tecsi-s-janos\/"},"modified":"2025-08-01T16:58:07","modified_gmt":"2025-08-01T14:58:07","slug":"tecsi-s-janos","status":"publish","type":"product","link":"https:\/\/uj.adatbank.ro\/lexikon\/termek\/tecsi-s-janos\/","title":{"rendered":"T\u00c9CSI S. J\u00e1nos"},"content":{"rendered":"<p>? \u2020 G\u00f6rg\u00e9nyszentimre, 1696: tan\u00edt\u00f3, ref. lelk\u00e9sz, egyh\u00e1zi \u00edr\u00f3, versszerz\u0151. \u2013 Feles\u00e9ge Borb\u00e9ly Erzs\u00e9bet. \u2013 Kv.-on subscrib\u00e1lt (1668 k.). Als\u00f3bereckiben (1653), G\u00e1lsz\u00e9csen (1655) lelk\u00e9szkedett, ahonnan a gy\u00e1sztized kezdet\u00e9n el\u0171zt\u00e9k, Erd\u00e9lybe k\u00f6lt\u00f6z\u00f6tt G\u00f6rg\u00e9nyszentimr\u00e9n (1674\u201379, 1687\u201396), Magyarr\u00e9genben (1682) \u00e9s Maross\u00e1rpatakon (1690\u201396) volt lelk\u00e9sz. A g\u00f6rg\u00e9nyi egyh\u00e1zmegy\u00e9ben szolg\u00e1lt, rektor, n\u00f3t\u00e1rius is volt \u00e9s esperes (1686\u201396). \u2013  <strong>F. m..:<\/strong> Pr\u00e9dik\u00e1ci\u00f3 Bocskai Istv\u00e1n, Zempl\u00e9n v\u00e1rmegye bujdos\u00f3 f\u0151isp\u00e1nja temet\u00e9s\u00e9n 1673. = Szomor\u00fa halotti pompa c. gy\u0171jtem\u00e9nyben; Kv., 1674.) (Ugyanebben a f\u00fczetben a G\u00f6rgei P\u00e1l besz\u00e9d\u00e9t is \u0151 rendezte sajt\u00f3 al\u00e1 az eredeti k\u00e9ziratb\u00f3l.). <br \/><strong>\u2013 Irod.:<\/strong> \u0150sz; Teleki Mih\u00e1ly udvartart\u00e1si napl\u00f3ja, 1673\u20131681 (Kv., 2007); \u00daMIL; Zov\u00e1nyi.<\/br><\/p>\n","protected":false},"excerpt":{"rendered":"<p>? \u2020 G\u00f6rg\u00e9nyszentimre, 1696: tan\u00edt\u00f3, ref. lelk\u00e9sz, egyh\u00e1zi \u00edr\u00f3, versszerz\u0151. \u2013 Feles\u00e9ge Borb\u00e9ly Erzs\u00e9bet. \u2013 Kv.-on subscrib\u00e1lt (1668 k.). Als\u00f3bereckiben (1653), G\u00e1lsz\u00e9csen (1655) lelk\u00e9szkedett, ahonnan a gy\u00e1sztized kezdet\u00e9n el\u0171zt\u00e9k, Erd\u00e9lybe k\u00f6lt\u00f6z\u00f6tt G\u00f6rg\u00e9nyszentimr\u00e9n (1674\u201379, 1687\u201396), Magyarr\u00e9genben (1682) \u00e9s Maross\u00e1rpatakon (1690\u201396) volt lelk\u00e9sz. A g\u00f6rg\u00e9nyi egyh\u00e1zmegy\u00e9ben szolg\u00e1lt, rektor, n\u00f3t\u00e1rius is volt \u00e9s esperes (1686\u201396). \u2013 F. m..: [&hellip;]<\/p>\n","protected":false},"featured_media":0,"comment_status":"open","ping_status":"closed","template":"","meta":[],"product_brand":[],"product_cat":[137],"product_tag":[],"class_list":{"0":"post-22742","1":"product","2":"type-product","3":"status-publish","5":"product_cat-maros-megyei-eletrajzi-lexikon","7":"first","8":"instock","9":"shipping-taxable","10":"product-type-simple"},"_links":{"self":[{"href":"https:\/\/uj.adatbank.ro\/lexikon\/wp-json\/wp\/v2\/product\/22742","targetHints":{"allow":["GET"]}}],"collection":[{"href":"https:\/\/uj.adatbank.ro\/lexikon\/wp-json\/wp\/v2\/product"}],"about":[{"href":"https:\/\/uj.adatbank.ro\/lexikon\/wp-json\/wp\/v2\/types\/product"}],"replies":[{"embeddable":true,"href":"https:\/\/uj.adatbank.ro\/lexikon\/wp-json\/wp\/v2\/comments?post=22742"}],"wp:attachment":[{"href":"https:\/\/uj.adatbank.ro\/lexikon\/wp-json\/wp\/v2\/media?parent=22742"}],"wp:term":[{"taxonomy":"product_brand","embeddable":true,"href":"https:\/\/uj.adatbank.ro\/lexikon\/wp-json\/wp\/v2\/product_brand?post=22742"},{"taxonomy":"product_cat","embeddable":true,"href":"https:\/\/uj.adatbank.ro\/lexikon\/wp-json\/wp\/v2\/product_cat?post=22742"},{"taxonomy":"product_tag","embeddable":true,"href":"https:\/\/uj.adatbank.ro\/lexikon\/wp-json\/wp\/v2\/product_tag?post=22742"}],"curies":[{"name":"wp","href":"https:\/\/api.w.org\/{rel}","templated":true}]}}