{"id":22743,"date":"2025-08-01T16:58:08","date_gmt":"2025-08-01T14:58:08","guid":{"rendered":"https:\/\/uj.adatbank.ro\/lexikon\/termek\/tecsi-samuel-tecsy-samuel-tetsi-samuel\/"},"modified":"2025-08-01T16:58:08","modified_gmt":"2025-08-01T14:58:08","slug":"tecsi-samuel-tecsy-samuel-tetsi-samuel","status":"publish","type":"product","link":"https:\/\/uj.adatbank.ro\/lexikon\/termek\/tecsi-samuel-tecsy-samuel-tetsi-samuel\/","title":{"rendered":"T\u00c9CSI S\u00e1muel, T\u00e9csy S\u00e1muel, Tetsi, Samuel"},"content":{"rendered":"<p>? \u2020 ?: tan\u00e1r. \u2013 A mv.-i Ref. Koll. professzora, rektora (1741\u2013). \u2013  <strong>F. m..:<\/strong>  <strong>t\u00e1rssz.:<\/strong> Splendidissimis natalibus, serenissimi \u2026 Wilhelmi Hasssiae landgravii \u2026 pietate votis adorante \/ Samuel Tetsi et Johannes Watzi (Marburg, 1738). <br \/><strong>\u2013 Irod.:<\/strong> Koncz; Kozma; Kozma B\u00e9la: Koll\u00e9giumunk \u00e9s az Erd\u00e9lyi Magyar Nyelvm\u00edvel\u0151 T\u00e1rsas\u00e1g (2.) (N\u00fa., 1993. aug. 11.); RMK III\/ 18. sz.; S\u00e1muel Alad\u00e1r: Fels\u0151csern\u00e1toni Bod P\u00e9ter \u00e9lete \u00e9s m\u0171vei (Bp., 1899).<\/br><\/p>\n","protected":false},"excerpt":{"rendered":"<p>? \u2020 ?: tan\u00e1r. \u2013 A mv.-i Ref. Koll. professzora, rektora (1741\u2013). \u2013 F. m..: t\u00e1rssz.: Splendidissimis natalibus, serenissimi \u2026 Wilhelmi Hasssiae landgravii \u2026 pietate votis adorante \/ Samuel Tetsi et Johannes Watzi (Marburg, 1738). \u2013 Irod.: Koncz; Kozma; Kozma B\u00e9la: Koll\u00e9giumunk \u00e9s az Erd\u00e9lyi Magyar Nyelvm\u00edvel\u0151 T\u00e1rsas\u00e1g (2.) (N\u00fa., 1993. aug. 11.); RMK III\/ [&hellip;]<\/p>\n","protected":false},"featured_media":0,"comment_status":"open","ping_status":"closed","template":"","meta":[],"product_brand":[],"product_cat":[137],"product_tag":[],"class_list":{"0":"post-22743","1":"product","2":"type-product","3":"status-publish","5":"product_cat-maros-megyei-eletrajzi-lexikon","7":"first","8":"instock","9":"shipping-taxable","10":"product-type-simple"},"_links":{"self":[{"href":"https:\/\/uj.adatbank.ro\/lexikon\/wp-json\/wp\/v2\/product\/22743","targetHints":{"allow":["GET"]}}],"collection":[{"href":"https:\/\/uj.adatbank.ro\/lexikon\/wp-json\/wp\/v2\/product"}],"about":[{"href":"https:\/\/uj.adatbank.ro\/lexikon\/wp-json\/wp\/v2\/types\/product"}],"replies":[{"embeddable":true,"href":"https:\/\/uj.adatbank.ro\/lexikon\/wp-json\/wp\/v2\/comments?post=22743"}],"wp:attachment":[{"href":"https:\/\/uj.adatbank.ro\/lexikon\/wp-json\/wp\/v2\/media?parent=22743"}],"wp:term":[{"taxonomy":"product_brand","embeddable":true,"href":"https:\/\/uj.adatbank.ro\/lexikon\/wp-json\/wp\/v2\/product_brand?post=22743"},{"taxonomy":"product_cat","embeddable":true,"href":"https:\/\/uj.adatbank.ro\/lexikon\/wp-json\/wp\/v2\/product_cat?post=22743"},{"taxonomy":"product_tag","embeddable":true,"href":"https:\/\/uj.adatbank.ro\/lexikon\/wp-json\/wp\/v2\/product_tag?post=22743"}],"curies":[{"name":"wp","href":"https:\/\/api.w.org\/{rel}","templated":true}]}}