{"id":22747,"date":"2025-08-01T16:58:17","date_gmt":"2025-08-01T14:58:17","guid":{"rendered":"https:\/\/uj.adatbank.ro\/lexikon\/termek\/tecsy-sandor-%c2%a7\/"},"modified":"2025-08-01T16:58:17","modified_gmt":"2025-08-01T14:58:17","slug":"tecsy-sandor-%c2%a7","status":"publish","type":"product","link":"https:\/\/uj.adatbank.ro\/lexikon\/termek\/tecsy-sandor-%c2%a7\/","title":{"rendered":"T\u00c9CSY S\u00e1ndor \u00a7"},"content":{"rendered":"<p>?, \u2020 Mv., 1987. j\u00fal. 14.: \u00e1llatorvos. <br \/><strong>\u2013 Irod.:<\/strong> [Nekrol\u00f3g] (V. Z., 1987. j\u00fal. 16. \u00e9s 17.); Gy\u00e1rf\u00e1s 2013.<\/br><\/p>\n","protected":false},"excerpt":{"rendered":"<p>?, \u2020 Mv., 1987. j\u00fal. 14.: \u00e1llatorvos. \u2013 Irod.: [Nekrol\u00f3g] (V. Z., 1987. j\u00fal. 16. \u00e9s 17.); Gy\u00e1rf\u00e1s 2013.<\/p>\n","protected":false},"featured_media":0,"comment_status":"open","ping_status":"closed","template":"","meta":[],"product_brand":[],"product_cat":[137],"product_tag":[],"class_list":{"0":"post-22747","1":"product","2":"type-product","3":"status-publish","5":"product_cat-maros-megyei-eletrajzi-lexikon","7":"first","8":"instock","9":"shipping-taxable","10":"product-type-simple"},"_links":{"self":[{"href":"https:\/\/uj.adatbank.ro\/lexikon\/wp-json\/wp\/v2\/product\/22747","targetHints":{"allow":["GET"]}}],"collection":[{"href":"https:\/\/uj.adatbank.ro\/lexikon\/wp-json\/wp\/v2\/product"}],"about":[{"href":"https:\/\/uj.adatbank.ro\/lexikon\/wp-json\/wp\/v2\/types\/product"}],"replies":[{"embeddable":true,"href":"https:\/\/uj.adatbank.ro\/lexikon\/wp-json\/wp\/v2\/comments?post=22747"}],"wp:attachment":[{"href":"https:\/\/uj.adatbank.ro\/lexikon\/wp-json\/wp\/v2\/media?parent=22747"}],"wp:term":[{"taxonomy":"product_brand","embeddable":true,"href":"https:\/\/uj.adatbank.ro\/lexikon\/wp-json\/wp\/v2\/product_brand?post=22747"},{"taxonomy":"product_cat","embeddable":true,"href":"https:\/\/uj.adatbank.ro\/lexikon\/wp-json\/wp\/v2\/product_cat?post=22747"},{"taxonomy":"product_tag","embeddable":true,"href":"https:\/\/uj.adatbank.ro\/lexikon\/wp-json\/wp\/v2\/product_tag?post=22747"}],"curies":[{"name":"wp","href":"https:\/\/api.w.org\/{rel}","templated":true}]}}