{"id":22748,"date":"2025-08-01T16:58:19","date_gmt":"2025-08-01T14:58:19","guid":{"rendered":"https:\/\/uj.adatbank.ro\/lexikon\/termek\/tecsy-zsuzsa-%c2%a7-csiszar-sandorne\/"},"modified":"2025-08-01T16:58:19","modified_gmt":"2025-08-01T14:58:19","slug":"tecsy-zsuzsa-%c2%a7-csiszar-sandorne","status":"publish","type":"product","link":"https:\/\/uj.adatbank.ro\/lexikon\/termek\/tecsy-zsuzsa-%c2%a7-csiszar-sandorne\/","title":{"rendered":"T\u00c9CSY Zsuzsa, \u00a7 Csisz\u00e1r S\u00e1ndorn\u00e9"},"content":{"rendered":"<p>Mv., 1917. okt. 3., \u2020 Mv., 1989. m\u00e1rc. 2.: sz\u00edn\u00e9szn\u0151. \u2013 A kv.-i konzervat\u00f3riumban tanult (1939\u201341). Ezt k\u00f6vet\u0151en Kass\u00e1n (1942), Kom\u00e1romban, \u00c9rsek\u00fajv\u00e1rott, Rozsny\u00f3n, Esztergomban, \u00dajpesten, Gy\u00f6ngy\u00f6s\u00f6n \u00e9s Hatvanban j\u00e1tszott szubrett- \u00e9s karakterszerepeket. A mv.-i Sz\u00e9kely Sz\u00ednh\u00e1z tagja (1946\u201368). Alak\u00edt\u00e1sai hat\u00e1rozott sz\u00ednfoltokkal gazdag\u00edtott\u00e1k az el\u0151ad\u00e1sokat. F\u00e9rje dr. Csisz\u00e1r S\u00e1ndor f\u0151orvos. Gyakran szerepelt a r\u00e1di\u00f3 gyermekm\u0171sor\u00e1ban. \u2013 <strong>F. sz.:<\/strong>: Betty, hal\u00e1szasszony (H. Heyermans: Rem\u00e9ny), Orvosn\u0151 (V. Katajev: Bolondos vas\u00e1rnap); Jelizaveta (M. Gorkij: Jegor Bulicsov \u00e9s a t\u00f6bbiek); Pernelle asszony (Moli\u00e8re: Tartuffe); Sostrata (Machiavelli: Mandrag\u00f3ra); Sarkady Imre: Szeptember (1957); Asszony (Gorkij. Kispolg\u00e1rok); feles\u00e9g (A. Gribojedov: Az \u00e9sz bajjal j\u00e1r); Amerikai \u00fajs\u00e1g\u00edr\u00f3n\u0151 (Tur testv\u00e9rek: Villa a mell\u00e9k utc\u00e1ban); II. titk\u00e1rn\u0151 (Nagy Elek: \u0150k h\u00e1rman = Vid\u00e1m ny\u00e1ri m\u0171sor); Polina Francevna (K. Szimonov: Leg\u00e9ny a talp\u00e1n); JevdokijaTyihonovna (Boroszina \u00e9s Davidzon: Harmad\u00e9vesek); Sylvia Arjoka (M. Davidoglu: T\u0171zer\u0151d); Az altiszt \u00f6zvegye (Gogol: A revizor), Hat\u00f3n\u00e9, Kozma Anna (Urb\u00e1n Ern\u0151: T\u0171zkereszts\u00e9g), Mariuca (Kiss L. \u2013 Kov\u00e1ts D.: Vihar a havason), Pityer Terka (G\u00e1dor B\u00e9la \u00e9s Urb\u00e1n Ern\u0151: A kincs); Takar\u00edt\u00f3n\u0151 a Moszkva sz\u00e1ll\u00f3ban (Iszajev \u00e9s Galics: Nem mag\u00e1m\u00fcgy); Janka (Kop\u00e1ny\u00ed Gy\u00f6rgy: Mennyetj\u00e1rt ifi\u00far); Fruzsina (T. Vornic \u2013 Ioana Postelnicu: Felsz\u00e1ll a k\u00f6d); Siposn\u00e9 (Sarkadi Imre: Szeptember); Anna h\u00e1zvezet\u0151n\u0151 (M.Sebastian: Lapz\u00e1rta el\u0151tt); Kapari Marcella (M\u00e9hes Gy\u00f6rgy: Sz\u00e9na vagy szalma); Zs\u00f3fi (S\u00fct\u0151 Andr\u00e1s: Fecskesz\u00e1rny\u00fa szem\u00f6ld\u00f6k); Mercsutkina Nasztaszja Fjodorovna (Csehov: Jubileum); I. polg\u00e1rn\u0151 (E. Rostand: Cyrano de Bergenac); La Poncia, szolg\u00e1l\u00f3 (F. Garcia Lorca: Bernarda Alba h\u00e1za); Sevasta, takar\u00edt\u00f3n\u0151 (A. Mirodan: \u00dajs\u00e1g\u00edr\u00f3k). Chiriachita (Mu\u015fatescu: Titanic kering\u0151); Poncia (Garc\u00eda Lorca: Bernarda Alba h\u00e1za).. <br \/><strong>\u2013 Irod.:<\/strong> A H\u00e9t \u00c9vk\u00f6nyve (1982); Horv\u00e1th Bea; Katona Szab\u00f3 Istv\u00e1n: Az \u00daj \u00c9let lexikona, 154. (\u00daj \u00c9let, 1976, 23. sz.); Kiss\u2013P\u00e9terffy\u2013P\u00e9terffy; Kov\u00e1cs Levente; MSZL; [Nekrol\u00f3g] (V. Z., 1989. m\u00e1rc. 4.; 1989. m\u00e1rc. 7.).<\/br><\/p>\n","protected":false},"excerpt":{"rendered":"<p>Mv., 1917. okt. 3., \u2020 Mv., 1989. m\u00e1rc. 2.: sz\u00edn\u00e9szn\u0151. \u2013 A kv.-i konzervat\u00f3riumban tanult (1939\u201341). Ezt k\u00f6vet\u0151en Kass\u00e1n (1942), Kom\u00e1romban, \u00c9rsek\u00fajv\u00e1rott, Rozsny\u00f3n, Esztergomban, \u00dajpesten, Gy\u00f6ngy\u00f6s\u00f6n \u00e9s Hatvanban j\u00e1tszott szubrett- \u00e9s karakterszerepeket. A mv.-i Sz\u00e9kely Sz\u00ednh\u00e1z tagja (1946\u201368). Alak\u00edt\u00e1sai hat\u00e1rozott sz\u00ednfoltokkal gazdag\u00edtott\u00e1k az el\u0151ad\u00e1sokat. F\u00e9rje dr. Csisz\u00e1r S\u00e1ndor f\u0151orvos. Gyakran szerepelt a r\u00e1di\u00f3 gyermekm\u0171sor\u00e1ban. \u2013 [&hellip;]<\/p>\n","protected":false},"featured_media":0,"comment_status":"open","ping_status":"closed","template":"","meta":[],"product_brand":[],"product_cat":[137],"product_tag":[],"class_list":{"0":"post-22748","1":"product","2":"type-product","3":"status-publish","5":"product_cat-maros-megyei-eletrajzi-lexikon","7":"first","8":"instock","9":"shipping-taxable","10":"product-type-simple"},"_links":{"self":[{"href":"https:\/\/uj.adatbank.ro\/lexikon\/wp-json\/wp\/v2\/product\/22748","targetHints":{"allow":["GET"]}}],"collection":[{"href":"https:\/\/uj.adatbank.ro\/lexikon\/wp-json\/wp\/v2\/product"}],"about":[{"href":"https:\/\/uj.adatbank.ro\/lexikon\/wp-json\/wp\/v2\/types\/product"}],"replies":[{"embeddable":true,"href":"https:\/\/uj.adatbank.ro\/lexikon\/wp-json\/wp\/v2\/comments?post=22748"}],"wp:attachment":[{"href":"https:\/\/uj.adatbank.ro\/lexikon\/wp-json\/wp\/v2\/media?parent=22748"}],"wp:term":[{"taxonomy":"product_brand","embeddable":true,"href":"https:\/\/uj.adatbank.ro\/lexikon\/wp-json\/wp\/v2\/product_brand?post=22748"},{"taxonomy":"product_cat","embeddable":true,"href":"https:\/\/uj.adatbank.ro\/lexikon\/wp-json\/wp\/v2\/product_cat?post=22748"},{"taxonomy":"product_tag","embeddable":true,"href":"https:\/\/uj.adatbank.ro\/lexikon\/wp-json\/wp\/v2\/product_tag?post=22748"}],"curies":[{"name":"wp","href":"https:\/\/api.w.org\/{rel}","templated":true}]}}