{"id":22755,"date":"2025-08-01T16:58:39","date_gmt":"2025-08-01T14:58:39","guid":{"rendered":"https:\/\/uj.adatbank.ro\/lexikon\/termek\/tegzi-mihaly\/"},"modified":"2025-08-01T16:58:39","modified_gmt":"2025-08-01T14:58:39","slug":"tegzi-mihaly","status":"publish","type":"product","link":"https:\/\/uj.adatbank.ro\/lexikon\/termek\/tegzi-mihaly\/","title":{"rendered":"TEGZI Mih\u00e1ly"},"content":{"rendered":"<p>? \u2020 G\u00f3g\u00e1n, 1789. jan. 11.: ref. lelk\u00e9sz. \u2013 . Feles\u00e9ge V\u00e1lyi Zsuzsanna. \u2013 Mv.-en subscrib\u00e1lt (1751). Szolg\u00e1lt D\u00e1ny\u00e1ban (1763\u201366), Marosugr\u00e1n (1768\u201385) \u00e9s G\u00f3g\u00e1nban hal\u00e1l\u00e1ig (1787\u201389). <br \/><strong>\u2013 Irod.:<\/strong> Fogarasi; K\u00fck\u00fcll\u0151i Ref. Egyh\u00e1zm. 1., 2., 3.<\/br><\/p>\n","protected":false},"excerpt":{"rendered":"<p>? \u2020 G\u00f3g\u00e1n, 1789. jan. 11.: ref. lelk\u00e9sz. \u2013 . Feles\u00e9ge V\u00e1lyi Zsuzsanna. \u2013 Mv.-en subscrib\u00e1lt (1751). Szolg\u00e1lt D\u00e1ny\u00e1ban (1763\u201366), Marosugr\u00e1n (1768\u201385) \u00e9s G\u00f3g\u00e1nban hal\u00e1l\u00e1ig (1787\u201389). \u2013 Irod.: Fogarasi; K\u00fck\u00fcll\u0151i Ref. Egyh\u00e1zm. 1., 2., 3.<\/p>\n","protected":false},"featured_media":0,"comment_status":"open","ping_status":"closed","template":"","meta":[],"product_brand":[],"product_cat":[137],"product_tag":[],"class_list":{"0":"post-22755","1":"product","2":"type-product","3":"status-publish","5":"product_cat-maros-megyei-eletrajzi-lexikon","7":"first","8":"instock","9":"shipping-taxable","10":"product-type-simple"},"_links":{"self":[{"href":"https:\/\/uj.adatbank.ro\/lexikon\/wp-json\/wp\/v2\/product\/22755","targetHints":{"allow":["GET"]}}],"collection":[{"href":"https:\/\/uj.adatbank.ro\/lexikon\/wp-json\/wp\/v2\/product"}],"about":[{"href":"https:\/\/uj.adatbank.ro\/lexikon\/wp-json\/wp\/v2\/types\/product"}],"replies":[{"embeddable":true,"href":"https:\/\/uj.adatbank.ro\/lexikon\/wp-json\/wp\/v2\/comments?post=22755"}],"wp:attachment":[{"href":"https:\/\/uj.adatbank.ro\/lexikon\/wp-json\/wp\/v2\/media?parent=22755"}],"wp:term":[{"taxonomy":"product_brand","embeddable":true,"href":"https:\/\/uj.adatbank.ro\/lexikon\/wp-json\/wp\/v2\/product_brand?post=22755"},{"taxonomy":"product_cat","embeddable":true,"href":"https:\/\/uj.adatbank.ro\/lexikon\/wp-json\/wp\/v2\/product_cat?post=22755"},{"taxonomy":"product_tag","embeddable":true,"href":"https:\/\/uj.adatbank.ro\/lexikon\/wp-json\/wp\/v2\/product_tag?post=22755"}],"curies":[{"name":"wp","href":"https:\/\/api.w.org\/{rel}","templated":true}]}}