{"id":22756,"date":"2025-08-01T16:58:41","date_gmt":"2025-08-01T14:58:41","guid":{"rendered":"https:\/\/uj.adatbank.ro\/lexikon\/termek\/tegzi-mihaly-2\/"},"modified":"2025-08-01T16:58:41","modified_gmt":"2025-08-01T14:58:41","slug":"tegzi-mihaly-2","status":"publish","type":"product","link":"https:\/\/uj.adatbank.ro\/lexikon\/termek\/tegzi-mihaly-2\/","title":{"rendered":"TEGZI Mih\u00e1ly"},"content":{"rendered":"<p>? 1790, \u2020 ? 1871. febr. 12.: ref. lelk\u00e9sz. \u2013 Tek\u00e9ben (1835\u201337) \u00e9s Marosj\u00e1r\u00e1ban (1838\u20131871) volt ref. lp. <br \/><strong>\u2013 Irod.:<\/strong> B\u00f6jthe Andor: A G\u00f6rg\u00e9nyi ev. ref. egyh\u00e1zmegye t\u00f6rt\u00e9nete [k\u00e9zirat].<\/br><\/p>\n","protected":false},"excerpt":{"rendered":"<p>? 1790, \u2020 ? 1871. febr. 12.: ref. lelk\u00e9sz. \u2013 Tek\u00e9ben (1835\u201337) \u00e9s Marosj\u00e1r\u00e1ban (1838\u20131871) volt ref. lp. \u2013 Irod.: B\u00f6jthe Andor: A G\u00f6rg\u00e9nyi ev. ref. egyh\u00e1zmegye t\u00f6rt\u00e9nete [k\u00e9zirat].<\/p>\n","protected":false},"featured_media":0,"comment_status":"open","ping_status":"closed","template":"","meta":[],"product_brand":[],"product_cat":[137],"product_tag":[],"class_list":{"0":"post-22756","1":"product","2":"type-product","3":"status-publish","5":"product_cat-maros-megyei-eletrajzi-lexikon","7":"first","8":"instock","9":"shipping-taxable","10":"product-type-simple"},"_links":{"self":[{"href":"https:\/\/uj.adatbank.ro\/lexikon\/wp-json\/wp\/v2\/product\/22756","targetHints":{"allow":["GET"]}}],"collection":[{"href":"https:\/\/uj.adatbank.ro\/lexikon\/wp-json\/wp\/v2\/product"}],"about":[{"href":"https:\/\/uj.adatbank.ro\/lexikon\/wp-json\/wp\/v2\/types\/product"}],"replies":[{"embeddable":true,"href":"https:\/\/uj.adatbank.ro\/lexikon\/wp-json\/wp\/v2\/comments?post=22756"}],"wp:attachment":[{"href":"https:\/\/uj.adatbank.ro\/lexikon\/wp-json\/wp\/v2\/media?parent=22756"}],"wp:term":[{"taxonomy":"product_brand","embeddable":true,"href":"https:\/\/uj.adatbank.ro\/lexikon\/wp-json\/wp\/v2\/product_brand?post=22756"},{"taxonomy":"product_cat","embeddable":true,"href":"https:\/\/uj.adatbank.ro\/lexikon\/wp-json\/wp\/v2\/product_cat?post=22756"},{"taxonomy":"product_tag","embeddable":true,"href":"https:\/\/uj.adatbank.ro\/lexikon\/wp-json\/wp\/v2\/product_tag?post=22756"}],"curies":[{"name":"wp","href":"https:\/\/api.w.org\/{rel}","templated":true}]}}