{"id":22757,"date":"2025-08-01T16:58:43","date_gmt":"2025-08-01T14:58:43","guid":{"rendered":"https:\/\/uj.adatbank.ro\/lexikon\/termek\/tegzi-miklos\/"},"modified":"2025-08-01T16:58:43","modified_gmt":"2025-08-01T14:58:43","slug":"tegzi-miklos","status":"publish","type":"product","link":"https:\/\/uj.adatbank.ro\/lexikon\/termek\/tegzi-miklos\/","title":{"rendered":"TEGZI Mikl\u00f3s"},"content":{"rendered":"<p>? \u2020 ?: ref. lelk\u00e9sz. \u2013 Marosugr\u00e1n szolg\u00e1lata ideje alatt (1768\u201384) \u00e9p\u00fclt fel a r\u00e9gebbi ref. fatemplom. <br \/><strong>\u2013 Irod.:<\/strong> Ogra.<\/br><\/p>\n","protected":false},"excerpt":{"rendered":"<p>? \u2020 ?: ref. lelk\u00e9sz. \u2013 Marosugr\u00e1n szolg\u00e1lata ideje alatt (1768\u201384) \u00e9p\u00fclt fel a r\u00e9gebbi ref. fatemplom. \u2013 Irod.: Ogra.<\/p>\n","protected":false},"featured_media":0,"comment_status":"open","ping_status":"closed","template":"","meta":[],"product_brand":[],"product_cat":[137],"product_tag":[],"class_list":{"0":"post-22757","1":"product","2":"type-product","3":"status-publish","5":"product_cat-maros-megyei-eletrajzi-lexikon","7":"first","8":"instock","9":"shipping-taxable","10":"product-type-simple"},"_links":{"self":[{"href":"https:\/\/uj.adatbank.ro\/lexikon\/wp-json\/wp\/v2\/product\/22757","targetHints":{"allow":["GET"]}}],"collection":[{"href":"https:\/\/uj.adatbank.ro\/lexikon\/wp-json\/wp\/v2\/product"}],"about":[{"href":"https:\/\/uj.adatbank.ro\/lexikon\/wp-json\/wp\/v2\/types\/product"}],"replies":[{"embeddable":true,"href":"https:\/\/uj.adatbank.ro\/lexikon\/wp-json\/wp\/v2\/comments?post=22757"}],"wp:attachment":[{"href":"https:\/\/uj.adatbank.ro\/lexikon\/wp-json\/wp\/v2\/media?parent=22757"}],"wp:term":[{"taxonomy":"product_brand","embeddable":true,"href":"https:\/\/uj.adatbank.ro\/lexikon\/wp-json\/wp\/v2\/product_brand?post=22757"},{"taxonomy":"product_cat","embeddable":true,"href":"https:\/\/uj.adatbank.ro\/lexikon\/wp-json\/wp\/v2\/product_cat?post=22757"},{"taxonomy":"product_tag","embeddable":true,"href":"https:\/\/uj.adatbank.ro\/lexikon\/wp-json\/wp\/v2\/product_tag?post=22757"}],"curies":[{"name":"wp","href":"https:\/\/api.w.org\/{rel}","templated":true}]}}