{"id":22760,"date":"2025-08-01T16:58:51","date_gmt":"2025-08-01T14:58:51","guid":{"rendered":"https:\/\/uj.adatbank.ro\/lexikon\/termek\/telechi-avram\/"},"modified":"2025-08-01T16:58:51","modified_gmt":"2025-08-01T14:58:51","slug":"telechi-avram","status":"publish","type":"product","link":"https:\/\/uj.adatbank.ro\/lexikon\/termek\/telechi-avram\/","title":{"rendered":"TELECHI, Avram"},"content":{"rendered":"<p>?, \u2020 Mv., 1849. febr. 8.: forradalm\u00e1r. \u2013 A forradalmi esem\u00e9nyekben val\u00f3 r\u00e9szv\u00e9tel\u00e9\u00e9rt k\u00f6t\u00e9l \u00e1ltali hal\u00e1lra \u00edt\u00e9lt\u00e9k, amit v\u00e9gre is hajtottak. <br \/><strong>\u2013 Irod.:<\/strong> Transilvania 1848\u201349.<\/br><\/p>\n","protected":false},"excerpt":{"rendered":"<p>?, \u2020 Mv., 1849. febr. 8.: forradalm\u00e1r. \u2013 A forradalmi esem\u00e9nyekben val\u00f3 r\u00e9szv\u00e9tel\u00e9\u00e9rt k\u00f6t\u00e9l \u00e1ltali hal\u00e1lra \u00edt\u00e9lt\u00e9k, amit v\u00e9gre is hajtottak. \u2013 Irod.: Transilvania 1848\u201349.<\/p>\n","protected":false},"featured_media":0,"comment_status":"open","ping_status":"closed","template":"","meta":[],"product_brand":[],"product_cat":[137],"product_tag":[],"class_list":{"0":"post-22760","1":"product","2":"type-product","3":"status-publish","5":"product_cat-maros-megyei-eletrajzi-lexikon","7":"first","8":"instock","9":"shipping-taxable","10":"product-type-simple"},"_links":{"self":[{"href":"https:\/\/uj.adatbank.ro\/lexikon\/wp-json\/wp\/v2\/product\/22760","targetHints":{"allow":["GET"]}}],"collection":[{"href":"https:\/\/uj.adatbank.ro\/lexikon\/wp-json\/wp\/v2\/product"}],"about":[{"href":"https:\/\/uj.adatbank.ro\/lexikon\/wp-json\/wp\/v2\/types\/product"}],"replies":[{"embeddable":true,"href":"https:\/\/uj.adatbank.ro\/lexikon\/wp-json\/wp\/v2\/comments?post=22760"}],"wp:attachment":[{"href":"https:\/\/uj.adatbank.ro\/lexikon\/wp-json\/wp\/v2\/media?parent=22760"}],"wp:term":[{"taxonomy":"product_brand","embeddable":true,"href":"https:\/\/uj.adatbank.ro\/lexikon\/wp-json\/wp\/v2\/product_brand?post=22760"},{"taxonomy":"product_cat","embeddable":true,"href":"https:\/\/uj.adatbank.ro\/lexikon\/wp-json\/wp\/v2\/product_cat?post=22760"},{"taxonomy":"product_tag","embeddable":true,"href":"https:\/\/uj.adatbank.ro\/lexikon\/wp-json\/wp\/v2\/product_tag?post=22760"}],"curies":[{"name":"wp","href":"https:\/\/api.w.org\/{rel}","templated":true}]}}