{"id":22765,"date":"2025-08-01T16:59:03","date_gmt":"2025-08-01T14:59:03","guid":{"rendered":"https:\/\/uj.adatbank.ro\/lexikon\/termek\/telegdy-istvan-2\/"},"modified":"2025-08-01T16:59:03","modified_gmt":"2025-08-01T14:59:03","slug":"telegdy-istvan-2","status":"publish","type":"product","link":"https:\/\/uj.adatbank.ro\/lexikon\/termek\/telegdy-istvan-2\/","title":{"rendered":"TELEGDY Istv\u00e1n"},"content":{"rendered":"<p>? \u2020 ?: tan\u00e1r. \u2013 M\u00e1rton fia fizika-k\u00e9mia szakos tan\u00e1r \u00e9s m\u00e9rn\u00f6k. Ford\u00edtott n\u00e9met szaksz\u00f6vegeket. Orvosn\u0151 feles\u00e9ge, egy le\u00e1nya \u00e9s egy fia van. <br \/><strong>\u2013 Irod.:<\/strong> Sipos.<\/br><\/p>\n","protected":false},"excerpt":{"rendered":"<p>? \u2020 ?: tan\u00e1r. \u2013 M\u00e1rton fia fizika-k\u00e9mia szakos tan\u00e1r \u00e9s m\u00e9rn\u00f6k. Ford\u00edtott n\u00e9met szaksz\u00f6vegeket. Orvosn\u0151 feles\u00e9ge, egy le\u00e1nya \u00e9s egy fia van. \u2013 Irod.: Sipos.<\/p>\n","protected":false},"featured_media":0,"comment_status":"open","ping_status":"closed","template":"","meta":[],"product_brand":[],"product_cat":[137],"product_tag":[],"class_list":{"0":"post-22765","1":"product","2":"type-product","3":"status-publish","5":"product_cat-maros-megyei-eletrajzi-lexikon","7":"first","8":"instock","9":"shipping-taxable","10":"product-type-simple"},"_links":{"self":[{"href":"https:\/\/uj.adatbank.ro\/lexikon\/wp-json\/wp\/v2\/product\/22765","targetHints":{"allow":["GET"]}}],"collection":[{"href":"https:\/\/uj.adatbank.ro\/lexikon\/wp-json\/wp\/v2\/product"}],"about":[{"href":"https:\/\/uj.adatbank.ro\/lexikon\/wp-json\/wp\/v2\/types\/product"}],"replies":[{"embeddable":true,"href":"https:\/\/uj.adatbank.ro\/lexikon\/wp-json\/wp\/v2\/comments?post=22765"}],"wp:attachment":[{"href":"https:\/\/uj.adatbank.ro\/lexikon\/wp-json\/wp\/v2\/media?parent=22765"}],"wp:term":[{"taxonomy":"product_brand","embeddable":true,"href":"https:\/\/uj.adatbank.ro\/lexikon\/wp-json\/wp\/v2\/product_brand?post=22765"},{"taxonomy":"product_cat","embeddable":true,"href":"https:\/\/uj.adatbank.ro\/lexikon\/wp-json\/wp\/v2\/product_cat?post=22765"},{"taxonomy":"product_tag","embeddable":true,"href":"https:\/\/uj.adatbank.ro\/lexikon\/wp-json\/wp\/v2\/product_tag?post=22765"}],"curies":[{"name":"wp","href":"https:\/\/api.w.org\/{rel}","templated":true}]}}