{"id":22770,"date":"2025-08-01T16:59:15","date_gmt":"2025-08-01T14:59:15","guid":{"rendered":"https:\/\/uj.adatbank.ro\/lexikon\/termek\/teleki-adam-szeki-gr-2\/"},"modified":"2025-08-01T16:59:15","modified_gmt":"2025-08-01T14:59:15","slug":"teleki-adam-szeki-gr-2","status":"publish","type":"product","link":"https:\/\/uj.adatbank.ro\/lexikon\/termek\/teleki-adam-szeki-gr-2\/","title":{"rendered":"TELEKI \u00c1d\u00e1m, sz\u00e9ki gr."},"content":{"rendered":"<p>? 1798., \u2020 ? 1848 el\u0151tt. \u2013 Nagyenyeden lakott, T. S\u00e1ndor \u00e9s Gy\u0151rffy M\u00e1ria fia. Az erd\u00e9lyi ogy.-en kir. hivatalos, az ellenz\u00e9k oldal\u00e1n kit\u0171n\u0151en szerepelt. \u2013  <strong>F. m..:<\/strong> A boldog eml\u00e9kezet\u0171 n\u00e9hai id. Gr. sz\u00e9ki Teleki J\u00f3zsef \u00far hal\u00e1l\u00e1ra (k\u00f6ltem\u00e9ny, A sz\u00e9ki gr\u00f3f Teleki J\u00f3zsef \u00far s\u00edrhalma c. gy\u0171jtem\u00e9nyes munk\u00e1ban. Pest, 1817).<\/br><\/p>\n","protected":false},"excerpt":{"rendered":"<p>? 1798., \u2020 ? 1848 el\u0151tt. \u2013 Nagyenyeden lakott, T. S\u00e1ndor \u00e9s Gy\u0151rffy M\u00e1ria fia. Az erd\u00e9lyi ogy.-en kir. hivatalos, az ellenz\u00e9k oldal\u00e1n kit\u0171n\u0151en szerepelt. \u2013 F. m..: A boldog eml\u00e9kezet\u0171 n\u00e9hai id. Gr. sz\u00e9ki Teleki J\u00f3zsef \u00far hal\u00e1l\u00e1ra (k\u00f6ltem\u00e9ny, A sz\u00e9ki gr\u00f3f Teleki J\u00f3zsef \u00far s\u00edrhalma c. gy\u0171jtem\u00e9nyes munk\u00e1ban. Pest, 1817).<\/p>\n","protected":false},"featured_media":0,"comment_status":"open","ping_status":"closed","template":"","meta":[],"product_brand":[],"product_cat":[137],"product_tag":[],"class_list":{"0":"post-22770","1":"product","2":"type-product","3":"status-publish","5":"product_cat-maros-megyei-eletrajzi-lexikon","7":"first","8":"instock","9":"shipping-taxable","10":"product-type-simple"},"_links":{"self":[{"href":"https:\/\/uj.adatbank.ro\/lexikon\/wp-json\/wp\/v2\/product\/22770","targetHints":{"allow":["GET"]}}],"collection":[{"href":"https:\/\/uj.adatbank.ro\/lexikon\/wp-json\/wp\/v2\/product"}],"about":[{"href":"https:\/\/uj.adatbank.ro\/lexikon\/wp-json\/wp\/v2\/types\/product"}],"replies":[{"embeddable":true,"href":"https:\/\/uj.adatbank.ro\/lexikon\/wp-json\/wp\/v2\/comments?post=22770"}],"wp:attachment":[{"href":"https:\/\/uj.adatbank.ro\/lexikon\/wp-json\/wp\/v2\/media?parent=22770"}],"wp:term":[{"taxonomy":"product_brand","embeddable":true,"href":"https:\/\/uj.adatbank.ro\/lexikon\/wp-json\/wp\/v2\/product_brand?post=22770"},{"taxonomy":"product_cat","embeddable":true,"href":"https:\/\/uj.adatbank.ro\/lexikon\/wp-json\/wp\/v2\/product_cat?post=22770"},{"taxonomy":"product_tag","embeddable":true,"href":"https:\/\/uj.adatbank.ro\/lexikon\/wp-json\/wp\/v2\/product_tag?post=22770"}],"curies":[{"name":"wp","href":"https:\/\/api.w.org\/{rel}","templated":true}]}}