{"id":22771,"date":"2025-08-01T16:59:17","date_gmt":"2025-08-01T14:59:17","guid":{"rendered":"https:\/\/uj.adatbank.ro\/lexikon\/termek\/teleki-adam-szeki-gr-3\/"},"modified":"2025-08-01T16:59:17","modified_gmt":"2025-08-01T14:59:17","slug":"teleki-adam-szeki-gr-3","status":"publish","type":"product","link":"https:\/\/uj.adatbank.ro\/lexikon\/termek\/teleki-adam-szeki-gr-3\/","title":{"rendered":"TELEKI \u00c1d\u00e1m, sz\u00e9ki gr."},"content":{"rendered":"<p>Kv., 1894. okt. 4., \u2020 Tigre, Prov. Buenos Aires, 1991. febr. 16.: zeneszerz\u0151. \u2013 Buenos Ariesben \u00e9lt (1934. k.) <br \/><strong>\u2013 Irod.:<\/strong> Gudenus; Marosi-KZST.<\/br><\/p>\n","protected":false},"excerpt":{"rendered":"<p>Kv., 1894. okt. 4., \u2020 Tigre, Prov. Buenos Aires, 1991. febr. 16.: zeneszerz\u0151. \u2013 Buenos Ariesben \u00e9lt (1934. k.) \u2013 Irod.: Gudenus; Marosi-KZST.<\/p>\n","protected":false},"featured_media":0,"comment_status":"open","ping_status":"closed","template":"","meta":[],"product_brand":[],"product_cat":[137],"product_tag":[],"class_list":{"0":"post-22771","1":"product","2":"type-product","3":"status-publish","5":"product_cat-maros-megyei-eletrajzi-lexikon","7":"first","8":"instock","9":"shipping-taxable","10":"product-type-simple"},"_links":{"self":[{"href":"https:\/\/uj.adatbank.ro\/lexikon\/wp-json\/wp\/v2\/product\/22771","targetHints":{"allow":["GET"]}}],"collection":[{"href":"https:\/\/uj.adatbank.ro\/lexikon\/wp-json\/wp\/v2\/product"}],"about":[{"href":"https:\/\/uj.adatbank.ro\/lexikon\/wp-json\/wp\/v2\/types\/product"}],"replies":[{"embeddable":true,"href":"https:\/\/uj.adatbank.ro\/lexikon\/wp-json\/wp\/v2\/comments?post=22771"}],"wp:attachment":[{"href":"https:\/\/uj.adatbank.ro\/lexikon\/wp-json\/wp\/v2\/media?parent=22771"}],"wp:term":[{"taxonomy":"product_brand","embeddable":true,"href":"https:\/\/uj.adatbank.ro\/lexikon\/wp-json\/wp\/v2\/product_brand?post=22771"},{"taxonomy":"product_cat","embeddable":true,"href":"https:\/\/uj.adatbank.ro\/lexikon\/wp-json\/wp\/v2\/product_cat?post=22771"},{"taxonomy":"product_tag","embeddable":true,"href":"https:\/\/uj.adatbank.ro\/lexikon\/wp-json\/wp\/v2\/product_tag?post=22771"}],"curies":[{"name":"wp","href":"https:\/\/api.w.org\/{rel}","templated":true}]}}