{"id":22775,"date":"2025-08-01T16:59:27","date_gmt":"2025-08-01T14:59:27","guid":{"rendered":"https:\/\/uj.adatbank.ro\/lexikon\/termek\/teleki-agnes-szeki-gr-zeyk-jozsefne\/"},"modified":"2025-08-01T16:59:27","modified_gmt":"2025-08-01T14:59:27","slug":"teleki-agnes-szeki-gr-zeyk-jozsefne","status":"publish","type":"product","link":"https:\/\/uj.adatbank.ro\/lexikon\/termek\/teleki-agnes-szeki-gr-zeyk-jozsefne\/","title":{"rendered":"TELEKI \u00c1gnes, sz\u00e9ki gr., Zeyk J\u00f3zsefn\u00e9"},"content":{"rendered":"<p>S\u00e1romberke, 1843. \u00e1pr. 30., \u2020 Maros\u00fajv\u00e1r, 1914. szept. 20. \u2013 T. S\u00e1muel (1819. \u20131882) \u00e9s gr. Bethlen Erzs\u00e9bet le\u00e1nya. Testv\u00e9rei: T. S\u00e1muel; T. Erzs\u00e9bet B\u00e1nffy Zolt\u00e1n. F\u00e9rje Zeyk J\u00f3zsef a f\u0151rendi h\u00e1z \u00f6r\u00f6k\u00f6s tagja, sz\u0151l\u00e9szeti szak\u00e9rt\u0151 (Esk\u00fcv\u0151 S\u00e1romberk\u00e9n, 1862. aug. 31). Gyermekeik: J\u00f3zsef, Elise, Ila, Irma, \u00c1gnes. <br \/><strong>\u2013 Irod.:<\/strong> Gudenus; Gy\u00e1szjelent\u0151.<\/br><\/p>\n","protected":false},"excerpt":{"rendered":"<p>S\u00e1romberke, 1843. \u00e1pr. 30., \u2020 Maros\u00fajv\u00e1r, 1914. szept. 20. \u2013 T. S\u00e1muel (1819. \u20131882) \u00e9s gr. Bethlen Erzs\u00e9bet le\u00e1nya. Testv\u00e9rei: T. S\u00e1muel; T. Erzs\u00e9bet B\u00e1nffy Zolt\u00e1n. F\u00e9rje Zeyk J\u00f3zsef a f\u0151rendi h\u00e1z \u00f6r\u00f6k\u00f6s tagja, sz\u0151l\u00e9szeti szak\u00e9rt\u0151 (Esk\u00fcv\u0151 S\u00e1romberk\u00e9n, 1862. aug. 31). Gyermekeik: J\u00f3zsef, Elise, Ila, Irma, \u00c1gnes. \u2013 Irod.: Gudenus; Gy\u00e1szjelent\u0151.<\/p>\n","protected":false},"featured_media":0,"comment_status":"open","ping_status":"closed","template":"","meta":[],"product_brand":[],"product_cat":[137],"product_tag":[],"class_list":{"0":"post-22775","1":"product","2":"type-product","3":"status-publish","5":"product_cat-maros-megyei-eletrajzi-lexikon","7":"first","8":"instock","9":"shipping-taxable","10":"product-type-simple"},"_links":{"self":[{"href":"https:\/\/uj.adatbank.ro\/lexikon\/wp-json\/wp\/v2\/product\/22775","targetHints":{"allow":["GET"]}}],"collection":[{"href":"https:\/\/uj.adatbank.ro\/lexikon\/wp-json\/wp\/v2\/product"}],"about":[{"href":"https:\/\/uj.adatbank.ro\/lexikon\/wp-json\/wp\/v2\/types\/product"}],"replies":[{"embeddable":true,"href":"https:\/\/uj.adatbank.ro\/lexikon\/wp-json\/wp\/v2\/comments?post=22775"}],"wp:attachment":[{"href":"https:\/\/uj.adatbank.ro\/lexikon\/wp-json\/wp\/v2\/media?parent=22775"}],"wp:term":[{"taxonomy":"product_brand","embeddable":true,"href":"https:\/\/uj.adatbank.ro\/lexikon\/wp-json\/wp\/v2\/product_brand?post=22775"},{"taxonomy":"product_cat","embeddable":true,"href":"https:\/\/uj.adatbank.ro\/lexikon\/wp-json\/wp\/v2\/product_cat?post=22775"},{"taxonomy":"product_tag","embeddable":true,"href":"https:\/\/uj.adatbank.ro\/lexikon\/wp-json\/wp\/v2\/product_tag?post=22775"}],"curies":[{"name":"wp","href":"https:\/\/api.w.org\/{rel}","templated":true}]}}