{"id":22779,"date":"2025-08-01T16:59:39","date_gmt":"2025-08-01T14:59:39","guid":{"rendered":"https:\/\/uj.adatbank.ro\/lexikon\/termek\/teleki-anna-szeki-wass-laszlone-kereszturi-janosne\/"},"modified":"2025-08-01T16:59:39","modified_gmt":"2025-08-01T14:59:39","slug":"teleki-anna-szeki-wass-laszlone-kereszturi-janosne","status":"publish","type":"product","link":"https:\/\/uj.adatbank.ro\/lexikon\/termek\/teleki-anna-szeki-wass-laszlone-kereszturi-janosne\/","title":{"rendered":"TELEKI Anna, sz\u00e9ki, Wass L\u00e1szl\u00f3n\u00e9; Kereszt\u00fari J\u00e1nosn\u00e9"},"content":{"rendered":"<p>? \u2020 ? 1689.: birtokos nemes. \u2013 T. J\u00e1nos borosjen\u0151i v\u00e1rkapit\u00e1ny \u00e9s Bornemisza Anna l\u00e1nya, Teleki Mih\u00e1ly testv\u00e9re, els\u0151 f\u00e9rje cegei Wass L\u00e1szl\u00f3, ennek hal\u00e1la ut\u00e1n Kereszt\u00fari J\u00e1noshoz ment f\u00e9rjhez. <br \/><strong>\u2013 Irod.:<\/strong> Nagy Iv\u00e1n; P\u00e1lmay; Teleki Mih\u00e1ly udvartart\u00e1si napl\u00f3ja (1673\u20131681) (Kv., 2007).<\/br><\/p>\n","protected":false},"excerpt":{"rendered":"<p>? \u2020 ? 1689.: birtokos nemes. \u2013 T. J\u00e1nos borosjen\u0151i v\u00e1rkapit\u00e1ny \u00e9s Bornemisza Anna l\u00e1nya, Teleki Mih\u00e1ly testv\u00e9re, els\u0151 f\u00e9rje cegei Wass L\u00e1szl\u00f3, ennek hal\u00e1la ut\u00e1n Kereszt\u00fari J\u00e1noshoz ment f\u00e9rjhez. \u2013 Irod.: Nagy Iv\u00e1n; P\u00e1lmay; Teleki Mih\u00e1ly udvartart\u00e1si napl\u00f3ja (1673\u20131681) (Kv., 2007).<\/p>\n","protected":false},"featured_media":0,"comment_status":"open","ping_status":"closed","template":"","meta":[],"product_brand":[],"product_cat":[137],"product_tag":[],"class_list":{"0":"post-22779","1":"product","2":"type-product","3":"status-publish","5":"product_cat-maros-megyei-eletrajzi-lexikon","7":"first","8":"instock","9":"shipping-taxable","10":"product-type-simple"},"_links":{"self":[{"href":"https:\/\/uj.adatbank.ro\/lexikon\/wp-json\/wp\/v2\/product\/22779","targetHints":{"allow":["GET"]}}],"collection":[{"href":"https:\/\/uj.adatbank.ro\/lexikon\/wp-json\/wp\/v2\/product"}],"about":[{"href":"https:\/\/uj.adatbank.ro\/lexikon\/wp-json\/wp\/v2\/types\/product"}],"replies":[{"embeddable":true,"href":"https:\/\/uj.adatbank.ro\/lexikon\/wp-json\/wp\/v2\/comments?post=22779"}],"wp:attachment":[{"href":"https:\/\/uj.adatbank.ro\/lexikon\/wp-json\/wp\/v2\/media?parent=22779"}],"wp:term":[{"taxonomy":"product_brand","embeddable":true,"href":"https:\/\/uj.adatbank.ro\/lexikon\/wp-json\/wp\/v2\/product_brand?post=22779"},{"taxonomy":"product_cat","embeddable":true,"href":"https:\/\/uj.adatbank.ro\/lexikon\/wp-json\/wp\/v2\/product_cat?post=22779"},{"taxonomy":"product_tag","embeddable":true,"href":"https:\/\/uj.adatbank.ro\/lexikon\/wp-json\/wp\/v2\/product_tag?post=22779"}],"curies":[{"name":"wp","href":"https:\/\/api.w.org\/{rel}","templated":true}]}}