{"id":22781,"date":"2025-08-01T16:59:45","date_gmt":"2025-08-01T14:59:45","guid":{"rendered":"https:\/\/uj.adatbank.ro\/lexikon\/termek\/teleki-bela-teleki-artur-bela-ferenc-szeki-gr\/"},"modified":"2025-08-01T16:59:45","modified_gmt":"2025-08-01T14:59:45","slug":"teleki-bela-teleki-artur-bela-ferenc-szeki-gr","status":"publish","type":"product","link":"https:\/\/uj.adatbank.ro\/lexikon\/termek\/teleki-bela-teleki-artur-bela-ferenc-szeki-gr\/","title":{"rendered":"TELEKI B\u00e9la, Teleki Artur B\u00e9la Ferenc, sz\u00e9ki gr."},"content":{"rendered":"<p>S\u00e1romberke, 1847. j\u00fal. 24., \u2020 S\u00e1romberke, 1865. szept. 11., temetve a csal\u00e1di Teleki-kript\u00e1ba: f\u00f6ldbirtokos. \u2013 T. S\u00e1muel Ferenc f\u00f6ldbirtokos (1819\u20131882) \u00e9s gr. Bethlen Erzs\u00e9bet fia. Testv\u00e9rei: \u00c1gnes Zejk J\u00f3zsefn\u00e9; T. S\u00e1muel, az Afrika-kutat\u00f3; T. Eliz. \u2013 Tanult a berlini egyetem B\u00f6lcs. Kar\u00e1n (1864\u2013) <br \/><strong>\u2013 Irod.:<\/strong> Gy\u00e1szjelent\u0151; MNZSK; S\u00e1romberke1994; Szab\u00f3\u2013Simon\u2013Sz\u00f6gi.<\/br><\/p>\n","protected":false},"excerpt":{"rendered":"<p>S\u00e1romberke, 1847. j\u00fal. 24., \u2020 S\u00e1romberke, 1865. szept. 11., temetve a csal\u00e1di Teleki-kript\u00e1ba: f\u00f6ldbirtokos. \u2013 T. S\u00e1muel Ferenc f\u00f6ldbirtokos (1819\u20131882) \u00e9s gr. Bethlen Erzs\u00e9bet fia. Testv\u00e9rei: \u00c1gnes Zejk J\u00f3zsefn\u00e9; T. S\u00e1muel, az Afrika-kutat\u00f3; T. Eliz. \u2013 Tanult a berlini egyetem B\u00f6lcs. Kar\u00e1n (1864\u2013) \u2013 Irod.: Gy\u00e1szjelent\u0151; MNZSK; S\u00e1romberke1994; Szab\u00f3\u2013Simon\u2013Sz\u00f6gi.<\/p>\n","protected":false},"featured_media":0,"comment_status":"open","ping_status":"closed","template":"","meta":[],"product_brand":[],"product_cat":[137],"product_tag":[],"class_list":{"0":"post-22781","1":"product","2":"type-product","3":"status-publish","5":"product_cat-maros-megyei-eletrajzi-lexikon","7":"first","8":"instock","9":"shipping-taxable","10":"product-type-simple"},"_links":{"self":[{"href":"https:\/\/uj.adatbank.ro\/lexikon\/wp-json\/wp\/v2\/product\/22781","targetHints":{"allow":["GET"]}}],"collection":[{"href":"https:\/\/uj.adatbank.ro\/lexikon\/wp-json\/wp\/v2\/product"}],"about":[{"href":"https:\/\/uj.adatbank.ro\/lexikon\/wp-json\/wp\/v2\/types\/product"}],"replies":[{"embeddable":true,"href":"https:\/\/uj.adatbank.ro\/lexikon\/wp-json\/wp\/v2\/comments?post=22781"}],"wp:attachment":[{"href":"https:\/\/uj.adatbank.ro\/lexikon\/wp-json\/wp\/v2\/media?parent=22781"}],"wp:term":[{"taxonomy":"product_brand","embeddable":true,"href":"https:\/\/uj.adatbank.ro\/lexikon\/wp-json\/wp\/v2\/product_brand?post=22781"},{"taxonomy":"product_cat","embeddable":true,"href":"https:\/\/uj.adatbank.ro\/lexikon\/wp-json\/wp\/v2\/product_cat?post=22781"},{"taxonomy":"product_tag","embeddable":true,"href":"https:\/\/uj.adatbank.ro\/lexikon\/wp-json\/wp\/v2\/product_tag?post=22781"}],"curies":[{"name":"wp","href":"https:\/\/api.w.org\/{rel}","templated":true}]}}