{"id":22783,"date":"2025-08-01T16:59:49","date_gmt":"2025-08-01T14:59:49","guid":{"rendered":"https:\/\/uj.adatbank.ro\/lexikon\/termek\/teleki-borbala-szeki-gr-daniel-lorincne-horvath-andrasne\/"},"modified":"2025-08-01T16:59:49","modified_gmt":"2025-08-01T14:59:49","slug":"teleki-borbala-szeki-gr-daniel-lorincne-horvath-andrasne","status":"publish","type":"product","link":"https:\/\/uj.adatbank.ro\/lexikon\/termek\/teleki-borbala-szeki-gr-daniel-lorincne-horvath-andrasne\/","title":{"rendered":"TELEKI Borb\u00e1la, sz\u00e9ki, gr., Daniel L\u0151rincn\u00e9; Horv\u00e1th Andr\u00e1sn\u00e9"},"content":{"rendered":"<p>? \u2020 ?: birtokos.- T. Mih\u00e1ly (1671\u20131700) \u00e9s torock\u00f3szentgy\u00f6rgyi Toroczkai Katalin le\u00e1nya. F\u00e9rje: 1. olasztelki Daniel L\u0151rinc (1712\u2013), 2. v\u00e1radi Horv\u00e1th Andr\u00e1s (1727\u2013). Gyermeke: Daniel L\u0151rinc (\u2020 1780), ezredes, t\u00e1blab\u00edr\u00f3, b\u00e1r\u00f3 (1751). <br \/><strong>\u2013 Irod.:<\/strong> \u00c1rva Bethlen K.; Sas P\u00e9ter.<\/br><\/p>\n","protected":false},"excerpt":{"rendered":"<p>? \u2020 ?: birtokos.- T. Mih\u00e1ly (1671\u20131700) \u00e9s torock\u00f3szentgy\u00f6rgyi Toroczkai Katalin le\u00e1nya. F\u00e9rje: 1. olasztelki Daniel L\u0151rinc (1712\u2013), 2. v\u00e1radi Horv\u00e1th Andr\u00e1s (1727\u2013). Gyermeke: Daniel L\u0151rinc (\u2020 1780), ezredes, t\u00e1blab\u00edr\u00f3, b\u00e1r\u00f3 (1751). \u2013 Irod.: \u00c1rva Bethlen K.; Sas P\u00e9ter.<\/p>\n","protected":false},"featured_media":0,"comment_status":"open","ping_status":"closed","template":"","meta":[],"product_brand":[],"product_cat":[137],"product_tag":[],"class_list":{"0":"post-22783","1":"product","2":"type-product","3":"status-publish","5":"product_cat-maros-megyei-eletrajzi-lexikon","7":"first","8":"instock","9":"shipping-taxable","10":"product-type-simple"},"_links":{"self":[{"href":"https:\/\/uj.adatbank.ro\/lexikon\/wp-json\/wp\/v2\/product\/22783","targetHints":{"allow":["GET"]}}],"collection":[{"href":"https:\/\/uj.adatbank.ro\/lexikon\/wp-json\/wp\/v2\/product"}],"about":[{"href":"https:\/\/uj.adatbank.ro\/lexikon\/wp-json\/wp\/v2\/types\/product"}],"replies":[{"embeddable":true,"href":"https:\/\/uj.adatbank.ro\/lexikon\/wp-json\/wp\/v2\/comments?post=22783"}],"wp:attachment":[{"href":"https:\/\/uj.adatbank.ro\/lexikon\/wp-json\/wp\/v2\/media?parent=22783"}],"wp:term":[{"taxonomy":"product_brand","embeddable":true,"href":"https:\/\/uj.adatbank.ro\/lexikon\/wp-json\/wp\/v2\/product_brand?post=22783"},{"taxonomy":"product_cat","embeddable":true,"href":"https:\/\/uj.adatbank.ro\/lexikon\/wp-json\/wp\/v2\/product_cat?post=22783"},{"taxonomy":"product_tag","embeddable":true,"href":"https:\/\/uj.adatbank.ro\/lexikon\/wp-json\/wp\/v2\/product_tag?post=22783"}],"curies":[{"name":"wp","href":"https:\/\/api.w.org\/{rel}","templated":true}]}}