{"id":22784,"date":"2025-08-01T16:59:53","date_gmt":"2025-08-01T14:59:53","guid":{"rendered":"https:\/\/uj.adatbank.ro\/lexikon\/termek\/teleki-borbala-sebe-samuelne\/"},"modified":"2025-08-01T16:59:53","modified_gmt":"2025-08-01T14:59:53","slug":"teleki-borbala-sebe-samuelne","status":"publish","type":"product","link":"https:\/\/uj.adatbank.ro\/lexikon\/termek\/teleki-borbala-sebe-samuelne\/","title":{"rendered":"TELEKI Borb\u00e1la, Sebe S\u00e1mueln\u00e9"},"content":{"rendered":"<p>1819? \u2020 Mv., 1857. j\u00fal. 4.A marosszentkir\u00e1lyi temet\u0151be temett\u00e9k. \u2013 Testv\u00e9re T. Polix\u00e9nia; K\u00e1roly; M\u00e1ria D\u00e9csei P\u00e9ln\u00e9, \u00e9s L\u00e1szl\u00f3. Gyermekeik: M\u00e1ria Szentiv\u00e1ni K\u00e1rolyn\u00e9; Giza \u00e9s Gyula. <br \/><strong>\u2013 Irod.:<\/strong> Lev\u00e9lt\u00e1ri gy\u00e1szj.<\/br><\/p>\n","protected":false},"excerpt":{"rendered":"<p>1819? \u2020 Mv., 1857. j\u00fal. 4.A marosszentkir\u00e1lyi temet\u0151be temett\u00e9k. \u2013 Testv\u00e9re T. Polix\u00e9nia; K\u00e1roly; M\u00e1ria D\u00e9csei P\u00e9ln\u00e9, \u00e9s L\u00e1szl\u00f3. Gyermekeik: M\u00e1ria Szentiv\u00e1ni K\u00e1rolyn\u00e9; Giza \u00e9s Gyula. \u2013 Irod.: Lev\u00e9lt\u00e1ri gy\u00e1szj.<\/p>\n","protected":false},"featured_media":0,"comment_status":"open","ping_status":"closed","template":"","meta":[],"product_brand":[],"product_cat":[137],"product_tag":[],"class_list":{"0":"post-22784","1":"product","2":"type-product","3":"status-publish","5":"product_cat-maros-megyei-eletrajzi-lexikon","7":"first","8":"instock","9":"shipping-taxable","10":"product-type-simple"},"_links":{"self":[{"href":"https:\/\/uj.adatbank.ro\/lexikon\/wp-json\/wp\/v2\/product\/22784","targetHints":{"allow":["GET"]}}],"collection":[{"href":"https:\/\/uj.adatbank.ro\/lexikon\/wp-json\/wp\/v2\/product"}],"about":[{"href":"https:\/\/uj.adatbank.ro\/lexikon\/wp-json\/wp\/v2\/types\/product"}],"replies":[{"embeddable":true,"href":"https:\/\/uj.adatbank.ro\/lexikon\/wp-json\/wp\/v2\/comments?post=22784"}],"wp:attachment":[{"href":"https:\/\/uj.adatbank.ro\/lexikon\/wp-json\/wp\/v2\/media?parent=22784"}],"wp:term":[{"taxonomy":"product_brand","embeddable":true,"href":"https:\/\/uj.adatbank.ro\/lexikon\/wp-json\/wp\/v2\/product_brand?post=22784"},{"taxonomy":"product_cat","embeddable":true,"href":"https:\/\/uj.adatbank.ro\/lexikon\/wp-json\/wp\/v2\/product_cat?post=22784"},{"taxonomy":"product_tag","embeddable":true,"href":"https:\/\/uj.adatbank.ro\/lexikon\/wp-json\/wp\/v2\/product_tag?post=22784"}],"curies":[{"name":"wp","href":"https:\/\/api.w.org\/{rel}","templated":true}]}}