{"id":22785,"date":"2025-08-01T16:59:56","date_gmt":"2025-08-01T14:59:56","guid":{"rendered":"https:\/\/uj.adatbank.ro\/lexikon\/termek\/teleki-borbala-szeki-gr-zeyk-danielne\/"},"modified":"2025-08-01T16:59:56","modified_gmt":"2025-08-01T14:59:56","slug":"teleki-borbala-szeki-gr-zeyk-danielne","status":"publish","type":"product","link":"https:\/\/uj.adatbank.ro\/lexikon\/termek\/teleki-borbala-szeki-gr-zeyk-danielne\/","title":{"rendered":"TELEKI Borb\u00e1la, sz\u00e9ki, gr.; Zeyk D\u00e1nieln\u00e9"},"content":{"rendered":"<p>? 1749. j\u00fan. 3., \u2020 Mv., 1819. m\u00e1j. 19, tem. Di\u00f3d m\u00e1j. 29: T. Lajos \u00e9s Bethlen Katalin le\u00e1nya. \u2013 F\u00e9rjhezment Zeyk D\u00e1niel m. k. test\u0151r, kir. \u00edt\u00e9l\u0151mester, f\u0151korm\u00e1nysz\u00e9ki tan. kir. f\u0151poh\u00e1rnok, az Erd\u00e9lyi Kir. T\u00e1bla eln\u00f6k\u00e9hez (1778). <br \/><strong>\u2013 Irod.:<\/strong> Gudenus.<\/br><\/p>\n","protected":false},"excerpt":{"rendered":"<p>? 1749. j\u00fan. 3., \u2020 Mv., 1819. m\u00e1j. 19, tem. Di\u00f3d m\u00e1j. 29: T. Lajos \u00e9s Bethlen Katalin le\u00e1nya. \u2013 F\u00e9rjhezment Zeyk D\u00e1niel m. k. test\u0151r, kir. \u00edt\u00e9l\u0151mester, f\u0151korm\u00e1nysz\u00e9ki tan. kir. f\u0151poh\u00e1rnok, az Erd\u00e9lyi Kir. T\u00e1bla eln\u00f6k\u00e9hez (1778). \u2013 Irod.: Gudenus.<\/p>\n","protected":false},"featured_media":0,"comment_status":"open","ping_status":"closed","template":"","meta":[],"product_brand":[],"product_cat":[137],"product_tag":[],"class_list":{"0":"post-22785","1":"product","2":"type-product","3":"status-publish","5":"product_cat-maros-megyei-eletrajzi-lexikon","7":"first","8":"instock","9":"shipping-taxable","10":"product-type-simple"},"_links":{"self":[{"href":"https:\/\/uj.adatbank.ro\/lexikon\/wp-json\/wp\/v2\/product\/22785","targetHints":{"allow":["GET"]}}],"collection":[{"href":"https:\/\/uj.adatbank.ro\/lexikon\/wp-json\/wp\/v2\/product"}],"about":[{"href":"https:\/\/uj.adatbank.ro\/lexikon\/wp-json\/wp\/v2\/types\/product"}],"replies":[{"embeddable":true,"href":"https:\/\/uj.adatbank.ro\/lexikon\/wp-json\/wp\/v2\/comments?post=22785"}],"wp:attachment":[{"href":"https:\/\/uj.adatbank.ro\/lexikon\/wp-json\/wp\/v2\/media?parent=22785"}],"wp:term":[{"taxonomy":"product_brand","embeddable":true,"href":"https:\/\/uj.adatbank.ro\/lexikon\/wp-json\/wp\/v2\/product_brand?post=22785"},{"taxonomy":"product_cat","embeddable":true,"href":"https:\/\/uj.adatbank.ro\/lexikon\/wp-json\/wp\/v2\/product_cat?post=22785"},{"taxonomy":"product_tag","embeddable":true,"href":"https:\/\/uj.adatbank.ro\/lexikon\/wp-json\/wp\/v2\/product_tag?post=22785"}],"curies":[{"name":"wp","href":"https:\/\/api.w.org\/{rel}","templated":true}]}}