{"id":22794,"date":"2025-08-01T17:00:20","date_gmt":"2025-08-01T15:00:20","guid":{"rendered":"https:\/\/uj.adatbank.ro\/lexikon\/termek\/teleki-domokosne-szidonia\/"},"modified":"2025-08-01T17:00:20","modified_gmt":"2025-08-01T15:00:20","slug":"teleki-domokosne-szidonia","status":"publish","type":"product","link":"https:\/\/uj.adatbank.ro\/lexikon\/termek\/teleki-domokosne-szidonia\/","title":{"rendered":"TELEKI Domokosn\u00e9; Szid\u00f3nia"},"content":{"rendered":"<p>? \u2020 ?: f\u00f6ldbirtokos . \u2013 Az I. vh. idej\u00e9n j\u00f3t\u00e9konys\u00e1gi c\u00e9l\u00fa hangversenyeken is fell\u00e9pett. <br \/><strong>\u2013 Irod.:<\/strong> Mv. \u00e9s a h\u00e1bor\u00fa 1.; Papp Mikl\u00f3s: Itt is, ott is (Bp., \u00e9.n.); Egy l\u00e1togat\u00e1s Gernyeszegen (Bp., s.a.); Tr\u00f3cs\u00e1nyi Zolt\u00e1n: Kir\u00e1ndul\u00e1s a magyar m\u00faltba (Bp., 1937); Bulyovszki Gyula verse: Teleki Domokos \u00e9s Szid\u00f3nia.<\/br><\/p>\n","protected":false},"excerpt":{"rendered":"<p>? \u2020 ?: f\u00f6ldbirtokos . \u2013 Az I. vh. idej\u00e9n j\u00f3t\u00e9konys\u00e1gi c\u00e9l\u00fa hangversenyeken is fell\u00e9pett. \u2013 Irod.: Mv. \u00e9s a h\u00e1bor\u00fa 1.; Papp Mikl\u00f3s: Itt is, ott is (Bp., \u00e9.n.); Egy l\u00e1togat\u00e1s Gernyeszegen (Bp., s.a.); Tr\u00f3cs\u00e1nyi Zolt\u00e1n: Kir\u00e1ndul\u00e1s a magyar m\u00faltba (Bp., 1937); Bulyovszki Gyula verse: Teleki Domokos \u00e9s Szid\u00f3nia.<\/p>\n","protected":false},"featured_media":0,"comment_status":"open","ping_status":"closed","template":"","meta":[],"product_brand":[],"product_cat":[137],"product_tag":[],"class_list":{"0":"post-22794","1":"product","2":"type-product","3":"status-publish","5":"product_cat-maros-megyei-eletrajzi-lexikon","7":"first","8":"instock","9":"shipping-taxable","10":"product-type-simple"},"_links":{"self":[{"href":"https:\/\/uj.adatbank.ro\/lexikon\/wp-json\/wp\/v2\/product\/22794","targetHints":{"allow":["GET"]}}],"collection":[{"href":"https:\/\/uj.adatbank.ro\/lexikon\/wp-json\/wp\/v2\/product"}],"about":[{"href":"https:\/\/uj.adatbank.ro\/lexikon\/wp-json\/wp\/v2\/types\/product"}],"replies":[{"embeddable":true,"href":"https:\/\/uj.adatbank.ro\/lexikon\/wp-json\/wp\/v2\/comments?post=22794"}],"wp:attachment":[{"href":"https:\/\/uj.adatbank.ro\/lexikon\/wp-json\/wp\/v2\/media?parent=22794"}],"wp:term":[{"taxonomy":"product_brand","embeddable":true,"href":"https:\/\/uj.adatbank.ro\/lexikon\/wp-json\/wp\/v2\/product_brand?post=22794"},{"taxonomy":"product_cat","embeddable":true,"href":"https:\/\/uj.adatbank.ro\/lexikon\/wp-json\/wp\/v2\/product_cat?post=22794"},{"taxonomy":"product_tag","embeddable":true,"href":"https:\/\/uj.adatbank.ro\/lexikon\/wp-json\/wp\/v2\/product_tag?post=22794"}],"curies":[{"name":"wp","href":"https:\/\/api.w.org\/{rel}","templated":true}]}}