{"id":22796,"date":"2025-08-01T17:00:26","date_gmt":"2025-08-01T15:00:26","guid":{"rendered":"https:\/\/uj.adatbank.ro\/lexikon\/termek\/teleki-eduardina-sarolta-iren-matild-roza-edina-szeki-gr-teleki-domokosne\/"},"modified":"2025-08-01T17:00:26","modified_gmt":"2025-08-01T15:00:26","slug":"teleki-eduardina-sarolta-iren-matild-roza-edina-szeki-gr-teleki-domokosne","status":"publish","type":"product","link":"https:\/\/uj.adatbank.ro\/lexikon\/termek\/teleki-eduardina-sarolta-iren-matild-roza-edina-szeki-gr-teleki-domokosne\/","title":{"rendered":"TELEKI Eduardina, Sarolta, Ir\u00e9n, Matild, R\u00f3za, Edina, sz\u00e9ki gr.; Teleki Domokosn\u00e9"},"content":{"rendered":"<p>Nagysomk\u00fat, 1883. jan. 11., \u2020 Csomb\u00e1rd, 1953. j\u00fan 30: birtokos gr.. \u2013Teleki Domokos (1880\u20131955) feles\u00e9ge. Gyermekei: Domokos, Mih\u00e1ly (1908\u20131988), Margit (1910\u20131950). A MSE \u00e9s a Magyar \u00dajs\u00e1g\u00edr\u00f3k Klubja rendez\u00e9s\u00e9ben megtartott d\u00edsztorna f\u0151v\u00e9dn\u00f6ke (1926). <br \/><strong>\u2013 Irod.:<\/strong> Bir\u00f3 J\u00f3zsef, Id\u0151t\u00e1r 3.<\/br><\/p>\n","protected":false},"excerpt":{"rendered":"<p>Nagysomk\u00fat, 1883. jan. 11., \u2020 Csomb\u00e1rd, 1953. j\u00fan 30: birtokos gr.. \u2013Teleki Domokos (1880\u20131955) feles\u00e9ge. Gyermekei: Domokos, Mih\u00e1ly (1908\u20131988), Margit (1910\u20131950). A MSE \u00e9s a Magyar \u00dajs\u00e1g\u00edr\u00f3k Klubja rendez\u00e9s\u00e9ben megtartott d\u00edsztorna f\u0151v\u00e9dn\u00f6ke (1926). \u2013 Irod.: Bir\u00f3 J\u00f3zsef, Id\u0151t\u00e1r 3.<\/p>\n","protected":false},"featured_media":0,"comment_status":"open","ping_status":"closed","template":"","meta":[],"product_brand":[],"product_cat":[137],"product_tag":[],"class_list":{"0":"post-22796","1":"product","2":"type-product","3":"status-publish","5":"product_cat-maros-megyei-eletrajzi-lexikon","7":"first","8":"instock","9":"shipping-taxable","10":"product-type-simple"},"_links":{"self":[{"href":"https:\/\/uj.adatbank.ro\/lexikon\/wp-json\/wp\/v2\/product\/22796","targetHints":{"allow":["GET"]}}],"collection":[{"href":"https:\/\/uj.adatbank.ro\/lexikon\/wp-json\/wp\/v2\/product"}],"about":[{"href":"https:\/\/uj.adatbank.ro\/lexikon\/wp-json\/wp\/v2\/types\/product"}],"replies":[{"embeddable":true,"href":"https:\/\/uj.adatbank.ro\/lexikon\/wp-json\/wp\/v2\/comments?post=22796"}],"wp:attachment":[{"href":"https:\/\/uj.adatbank.ro\/lexikon\/wp-json\/wp\/v2\/media?parent=22796"}],"wp:term":[{"taxonomy":"product_brand","embeddable":true,"href":"https:\/\/uj.adatbank.ro\/lexikon\/wp-json\/wp\/v2\/product_brand?post=22796"},{"taxonomy":"product_cat","embeddable":true,"href":"https:\/\/uj.adatbank.ro\/lexikon\/wp-json\/wp\/v2\/product_cat?post=22796"},{"taxonomy":"product_tag","embeddable":true,"href":"https:\/\/uj.adatbank.ro\/lexikon\/wp-json\/wp\/v2\/product_tag?post=22796"}],"curies":[{"name":"wp","href":"https:\/\/api.w.org\/{rel}","templated":true}]}}