{"id":22800,"date":"2025-08-01T17:00:37","date_gmt":"2025-08-01T15:00:37","guid":{"rendered":"https:\/\/uj.adatbank.ro\/lexikon\/termek\/teleki-erzsebet-%c2%a7-eliz-szeki-gr-banffy-zoltanne-br\/"},"modified":"2025-08-01T17:00:37","modified_gmt":"2025-08-01T15:00:37","slug":"teleki-erzsebet-%c2%a7-eliz-szeki-gr-banffy-zoltanne-br","status":"publish","type":"product","link":"https:\/\/uj.adatbank.ro\/lexikon\/termek\/teleki-erzsebet-%c2%a7-eliz-szeki-gr-banffy-zoltanne-br\/","title":{"rendered":"TELEKI Erzs\u00e9bet, \u00a7 Eliz, sz\u00e9ki gr., B\u00e1nffy Zolt\u00e1nn\u00e9, br."},"content":{"rendered":"<p>S\u00e1romberke, 1853. aug. 17., \u2020 Kv., 1937. aug. 27. temetve a s\u00e1romberki Teleki-kript\u00e1ban: birtokos f\u0151nemes, EMKE n\u0151v\u00e1lasztm\u00e1nyi eln\u00f6k. \u2013 T. S\u00e1muel (1819.- 1882) \u00e9s gr. Bethlen Erzs\u00e9bet (1818\u20131860) le\u00e1nya. F\u00e9rje losonczi br. B\u00e1nffy Zolt\u00e1n Marostorda megye f\u0151isp\u00e1nja (Esk\u00fcv\u0151 S\u00e1romberke 1878. nov. 26). Az Afrika-kutat\u00f3 T. S\u00e1muel h\u00faga. Gyermekeik: br. B\u00e1nffy Endre (1879\u20131962), feles\u00e9ge v\u00e1sonke\u0151i gr. Zichy Jo; br. B. Elza, br. Wildburg Alad\u00e1rn\u00e9; br. B. Zolt\u00e1n, feles\u00e9ge herceg Odescalchi Anna. \u2013 Az EMKE mv.-i n\u0151i v\u00e1lasztm\u00e1ny\u00e1nak tagja, eln\u00f6ke (1889. febr. 10\u2013). Alap\u00edtv\u00e1ny\u00e1b\u00f3l Beresztelk\u00e9n egy ny\u00e1ri gyermekmenhelyet l\u00e9tes\u00edtett az EMKE \u00f3vod\u00e1sok r\u00e9sz\u00e9re (1896). <br \/><strong>\u2013 Irod.:<\/strong> Gudenus; Id\u0151t\u00e1r 2; MNZSK; S\u00e1ndor; S\u00e1romberke, 1319\u20131994 (S\u00e1romberke, 1994).<\/br><\/p>\n","protected":false},"excerpt":{"rendered":"<p>S\u00e1romberke, 1853. aug. 17., \u2020 Kv., 1937. aug. 27. temetve a s\u00e1romberki Teleki-kript\u00e1ban: birtokos f\u0151nemes, EMKE n\u0151v\u00e1lasztm\u00e1nyi eln\u00f6k. \u2013 T. S\u00e1muel (1819.- 1882) \u00e9s gr. Bethlen Erzs\u00e9bet (1818\u20131860) le\u00e1nya. F\u00e9rje losonczi br. B\u00e1nffy Zolt\u00e1n Marostorda megye f\u0151isp\u00e1nja (Esk\u00fcv\u0151 S\u00e1romberke 1878. nov. 26). Az Afrika-kutat\u00f3 T. S\u00e1muel h\u00faga. Gyermekeik: br. B\u00e1nffy Endre (1879\u20131962), feles\u00e9ge v\u00e1sonke\u0151i gr. [&hellip;]<\/p>\n","protected":false},"featured_media":0,"comment_status":"open","ping_status":"closed","template":"","meta":[],"product_brand":[],"product_cat":[137],"product_tag":[],"class_list":{"0":"post-22800","1":"product","2":"type-product","3":"status-publish","5":"product_cat-maros-megyei-eletrajzi-lexikon","7":"first","8":"instock","9":"shipping-taxable","10":"product-type-simple"},"_links":{"self":[{"href":"https:\/\/uj.adatbank.ro\/lexikon\/wp-json\/wp\/v2\/product\/22800","targetHints":{"allow":["GET"]}}],"collection":[{"href":"https:\/\/uj.adatbank.ro\/lexikon\/wp-json\/wp\/v2\/product"}],"about":[{"href":"https:\/\/uj.adatbank.ro\/lexikon\/wp-json\/wp\/v2\/types\/product"}],"replies":[{"embeddable":true,"href":"https:\/\/uj.adatbank.ro\/lexikon\/wp-json\/wp\/v2\/comments?post=22800"}],"wp:attachment":[{"href":"https:\/\/uj.adatbank.ro\/lexikon\/wp-json\/wp\/v2\/media?parent=22800"}],"wp:term":[{"taxonomy":"product_brand","embeddable":true,"href":"https:\/\/uj.adatbank.ro\/lexikon\/wp-json\/wp\/v2\/product_brand?post=22800"},{"taxonomy":"product_cat","embeddable":true,"href":"https:\/\/uj.adatbank.ro\/lexikon\/wp-json\/wp\/v2\/product_cat?post=22800"},{"taxonomy":"product_tag","embeddable":true,"href":"https:\/\/uj.adatbank.ro\/lexikon\/wp-json\/wp\/v2\/product_tag?post=22800"}],"curies":[{"name":"wp","href":"https:\/\/api.w.org\/{rel}","templated":true}]}}