{"id":22801,"date":"2025-08-01T17:00:40","date_gmt":"2025-08-01T15:00:40","guid":{"rendered":"https:\/\/uj.adatbank.ro\/lexikon\/termek\/teleki-erzsebet-szeki-gr-vay-lajosne\/"},"modified":"2025-08-01T17:00:40","modified_gmt":"2025-08-01T15:00:40","slug":"teleki-erzsebet-szeki-gr-vay-lajosne","status":"publish","type":"product","link":"https:\/\/uj.adatbank.ro\/lexikon\/termek\/teleki-erzsebet-szeki-gr-vay-lajosne\/","title":{"rendered":"TELEKI Erzs\u00e9bet, sz\u00e9ki gr; Vay Lajosn\u00e9"},"content":{"rendered":"<p>S\u00e1romberke, 1812. jan. 9., \u2020 Bp., 1881, m\u00e1j. 9: birtokos f\u0151nemes. \u2013 T. Ferenc (1787\u20131861) \u00e9s losonczi B\u00e1nffy Erzs\u00e9bet le\u00e1nya. Teleki S\u00e1muel kancell\u00e1r unok\u00e1ja. F\u00e9rjhez ment vajai Vay Lajoshoz Borsod megye f\u0151isp\u00e1nja \u00e9s k\u00f6vet\u00e9hez (Gernyeszeg 1829). <br \/><strong>\u2013 Irod.:<\/strong> Gudenus.<\/br><\/p>\n","protected":false},"excerpt":{"rendered":"<p>S\u00e1romberke, 1812. jan. 9., \u2020 Bp., 1881, m\u00e1j. 9: birtokos f\u0151nemes. \u2013 T. Ferenc (1787\u20131861) \u00e9s losonczi B\u00e1nffy Erzs\u00e9bet le\u00e1nya. Teleki S\u00e1muel kancell\u00e1r unok\u00e1ja. F\u00e9rjhez ment vajai Vay Lajoshoz Borsod megye f\u0151isp\u00e1nja \u00e9s k\u00f6vet\u00e9hez (Gernyeszeg 1829). \u2013 Irod.: Gudenus.<\/p>\n","protected":false},"featured_media":0,"comment_status":"open","ping_status":"closed","template":"","meta":[],"product_brand":[],"product_cat":[137],"product_tag":[],"class_list":{"0":"post-22801","1":"product","2":"type-product","3":"status-publish","5":"product_cat-maros-megyei-eletrajzi-lexikon","7":"first","8":"instock","9":"shipping-taxable","10":"product-type-simple"},"_links":{"self":[{"href":"https:\/\/uj.adatbank.ro\/lexikon\/wp-json\/wp\/v2\/product\/22801","targetHints":{"allow":["GET"]}}],"collection":[{"href":"https:\/\/uj.adatbank.ro\/lexikon\/wp-json\/wp\/v2\/product"}],"about":[{"href":"https:\/\/uj.adatbank.ro\/lexikon\/wp-json\/wp\/v2\/types\/product"}],"replies":[{"embeddable":true,"href":"https:\/\/uj.adatbank.ro\/lexikon\/wp-json\/wp\/v2\/comments?post=22801"}],"wp:attachment":[{"href":"https:\/\/uj.adatbank.ro\/lexikon\/wp-json\/wp\/v2\/media?parent=22801"}],"wp:term":[{"taxonomy":"product_brand","embeddable":true,"href":"https:\/\/uj.adatbank.ro\/lexikon\/wp-json\/wp\/v2\/product_brand?post=22801"},{"taxonomy":"product_cat","embeddable":true,"href":"https:\/\/uj.adatbank.ro\/lexikon\/wp-json\/wp\/v2\/product_cat?post=22801"},{"taxonomy":"product_tag","embeddable":true,"href":"https:\/\/uj.adatbank.ro\/lexikon\/wp-json\/wp\/v2\/product_tag?post=22801"}],"curies":[{"name":"wp","href":"https:\/\/api.w.org\/{rel}","templated":true}]}}