{"id":22803,"date":"2025-08-01T17:00:44","date_gmt":"2025-08-01T15:00:44","guid":{"rendered":"https:\/\/uj.adatbank.ro\/lexikon\/termek\/teleki-eszter-szeki-gr-thoroczkai-sigmondne\/"},"modified":"2025-08-01T17:00:44","modified_gmt":"2025-08-01T15:00:44","slug":"teleki-eszter-szeki-gr-thoroczkai-sigmondne","status":"publish","type":"product","link":"https:\/\/uj.adatbank.ro\/lexikon\/termek\/teleki-eszter-szeki-gr-thoroczkai-sigmondne\/","title":{"rendered":"TELEKI Eszter, sz\u00e9ki gr. Thoroczkai Sigmondn\u00e9"},"content":{"rendered":"<p>1739, \u2020 Gernyeszeg, 1778. m\u00e1j. 26: birtokos f\u0151nemes. \u2013 Apja T. L\u00e1szl\u00f3 (1710\u20131778) anyja R\u00e1day Eszter. T. J\u00f3zsef korona\u0151r h\u00faga. F\u00e9rje torock\u00f3szentgy\u00f6rgyi gr Thoroczkay Zsigmond. A gernyeszegi \u00faj kript\u00e1ban nyugszanak. <br \/><strong>\u2013 Irod.:<\/strong> B\u00f6jthe Andor; Fogarasi Pap J\u00f3zsef: Minden asszonyi nemet meg\u00e9kes\u00edt\u0151 kereszt\u00e9nyi igaz virtusoknak egy t\u00f6k\u00e9letes p\u00e9ld\u00e1nya&#8230; sz\u00e9ki Teleki Eszter gr. Toroczkai Zsigmond \u00e9lete p\u00e1rja, kinek kegyess\u00e9g\u00e9hez szabott \u00e9let\u00e9t \u00e9s ahhoz hasonl\u00f3 hal\u00e1l\u00e1t egy\u00fcgy\u00fcen de igaz\u00e1n leirta..: Gy\u00e1szvers (Kv., 1779); Gudenus; Nagy Iv\u00e1n.<\/br><\/p>\n","protected":false},"excerpt":{"rendered":"<p>1739, \u2020 Gernyeszeg, 1778. m\u00e1j. 26: birtokos f\u0151nemes. \u2013 Apja T. L\u00e1szl\u00f3 (1710\u20131778) anyja R\u00e1day Eszter. T. J\u00f3zsef korona\u0151r h\u00faga. F\u00e9rje torock\u00f3szentgy\u00f6rgyi gr Thoroczkay Zsigmond. A gernyeszegi \u00faj kript\u00e1ban nyugszanak. \u2013 Irod.: B\u00f6jthe Andor; Fogarasi Pap J\u00f3zsef: Minden asszonyi nemet meg\u00e9kes\u00edt\u0151 kereszt\u00e9nyi igaz virtusoknak egy t\u00f6k\u00e9letes p\u00e9ld\u00e1nya&#8230; sz\u00e9ki Teleki Eszter gr. Toroczkai Zsigmond \u00e9lete p\u00e1rja, [&hellip;]<\/p>\n","protected":false},"featured_media":0,"comment_status":"open","ping_status":"closed","template":"","meta":[],"product_brand":[],"product_cat":[137],"product_tag":[],"class_list":{"0":"post-22803","1":"product","2":"type-product","3":"status-publish","5":"product_cat-maros-megyei-eletrajzi-lexikon","7":"first","8":"instock","9":"shipping-taxable","10":"product-type-simple"},"_links":{"self":[{"href":"https:\/\/uj.adatbank.ro\/lexikon\/wp-json\/wp\/v2\/product\/22803","targetHints":{"allow":["GET"]}}],"collection":[{"href":"https:\/\/uj.adatbank.ro\/lexikon\/wp-json\/wp\/v2\/product"}],"about":[{"href":"https:\/\/uj.adatbank.ro\/lexikon\/wp-json\/wp\/v2\/types\/product"}],"replies":[{"embeddable":true,"href":"https:\/\/uj.adatbank.ro\/lexikon\/wp-json\/wp\/v2\/comments?post=22803"}],"wp:attachment":[{"href":"https:\/\/uj.adatbank.ro\/lexikon\/wp-json\/wp\/v2\/media?parent=22803"}],"wp:term":[{"taxonomy":"product_brand","embeddable":true,"href":"https:\/\/uj.adatbank.ro\/lexikon\/wp-json\/wp\/v2\/product_brand?post=22803"},{"taxonomy":"product_cat","embeddable":true,"href":"https:\/\/uj.adatbank.ro\/lexikon\/wp-json\/wp\/v2\/product_cat?post=22803"},{"taxonomy":"product_tag","embeddable":true,"href":"https:\/\/uj.adatbank.ro\/lexikon\/wp-json\/wp\/v2\/product_tag?post=22803"}],"curies":[{"name":"wp","href":"https:\/\/api.w.org\/{rel}","templated":true}]}}