{"id":22814,"date":"2025-08-01T17:01:11","date_gmt":"2025-08-01T15:01:11","guid":{"rendered":"https:\/\/uj.adatbank.ro\/lexikon\/termek\/teleki-geza-4\/"},"modified":"2025-08-01T17:01:11","modified_gmt":"2025-08-01T15:01:11","slug":"teleki-geza-4","status":"publish","type":"product","link":"https:\/\/uj.adatbank.ro\/lexikon\/termek\/teleki-geza-4\/","title":{"rendered":"TELEKI G\u00e9za"},"content":{"rendered":"<p>1844 \u2020 ?: ?: mint Tisza K\u00e1lm\u00e1n korm\u00e1ny\u00e1ban az utols\u00f3 bel\u00fcgyminiszter \u0151 dolgozta ki az els\u0151 k\u00f6zigazgat\u00e1si reformjavaslatot s t\u00e1rsadalmi \u00e9s irodalmi munk\u00e1ss\u00e1g\u00e1val is jelent\u00e9keny sikereket v\u00edvott ki. <br \/><strong>\u2013 Irod.:<\/strong> Nagy Iv\u00e1n.<\/br><\/p>\n","protected":false},"excerpt":{"rendered":"<p>1844 \u2020 ?: ?: mint Tisza K\u00e1lm\u00e1n korm\u00e1ny\u00e1ban az utols\u00f3 bel\u00fcgyminiszter \u0151 dolgozta ki az els\u0151 k\u00f6zigazgat\u00e1si reformjavaslatot s t\u00e1rsadalmi \u00e9s irodalmi munk\u00e1ss\u00e1g\u00e1val is jelent\u00e9keny sikereket v\u00edvott ki. \u2013 Irod.: Nagy Iv\u00e1n.<\/p>\n","protected":false},"featured_media":0,"comment_status":"open","ping_status":"closed","template":"","meta":[],"product_brand":[],"product_cat":[137],"product_tag":[],"class_list":{"0":"post-22814","1":"product","2":"type-product","3":"status-publish","5":"product_cat-maros-megyei-eletrajzi-lexikon","7":"first","8":"instock","9":"shipping-taxable","10":"product-type-simple"},"_links":{"self":[{"href":"https:\/\/uj.adatbank.ro\/lexikon\/wp-json\/wp\/v2\/product\/22814","targetHints":{"allow":["GET"]}}],"collection":[{"href":"https:\/\/uj.adatbank.ro\/lexikon\/wp-json\/wp\/v2\/product"}],"about":[{"href":"https:\/\/uj.adatbank.ro\/lexikon\/wp-json\/wp\/v2\/types\/product"}],"replies":[{"embeddable":true,"href":"https:\/\/uj.adatbank.ro\/lexikon\/wp-json\/wp\/v2\/comments?post=22814"}],"wp:attachment":[{"href":"https:\/\/uj.adatbank.ro\/lexikon\/wp-json\/wp\/v2\/media?parent=22814"}],"wp:term":[{"taxonomy":"product_brand","embeddable":true,"href":"https:\/\/uj.adatbank.ro\/lexikon\/wp-json\/wp\/v2\/product_brand?post=22814"},{"taxonomy":"product_cat","embeddable":true,"href":"https:\/\/uj.adatbank.ro\/lexikon\/wp-json\/wp\/v2\/product_cat?post=22814"},{"taxonomy":"product_tag","embeddable":true,"href":"https:\/\/uj.adatbank.ro\/lexikon\/wp-json\/wp\/v2\/product_tag?post=22814"}],"curies":[{"name":"wp","href":"https:\/\/api.w.org\/{rel}","templated":true}]}}