{"id":22815,"date":"2025-08-01T17:01:14","date_gmt":"2025-08-01T15:01:14","guid":{"rendered":"https:\/\/uj.adatbank.ro\/lexikon\/termek\/teleki-geza-szeki-gr\/"},"modified":"2025-08-01T17:01:14","modified_gmt":"2025-08-01T15:01:14","slug":"teleki-geza-szeki-gr","status":"publish","type":"product","link":"https:\/\/uj.adatbank.ro\/lexikon\/termek\/teleki-geza-szeki-gr\/","title":{"rendered":"TELEKI G\u00e9za, sz\u00e9ki gr."},"content":{"rendered":"<p>Gy\u00f6mr\u0151 (Mo.), 1850. szept. 4., \u2020 Kv., 1882. febr. 14., temetve Gernyeszegen a csal\u00e1di s\u00edrboltban: gernyeszegi birtokos. \u2013 T. Domokos (1810\u20131876) \u00e9s gr. Teleki Klementina (1827\u20131894) fia. Testv\u00e9reik: T. Ilona gr. Bethlen Istv\u00e1nn\u00e9; gr. T. Zs\u00f3fia b. Vay B\u00e9l\u00e1n\u00e9; gr. T. Jozefa Teleki S\u00e1ndorn\u00e9. Feles\u00e9ge gr. Bethlen Margit (Bethlen, 1858. jan 18. \u2013 Bp., 1929. okt. 28.), elv\u00e1ltak 1887-ben. Gyermekeik: Domokos (1880\u20131955), feles\u00e9ge Teleki Edina; G\u00e9za \u2013 a fest\u0151 (1881\u20131937), feles\u00e9ge uzoni gr. B\u00e9ldi Margit. \u2013 A gernyeszegi uradalmat \u00f6r\u00f6k\u00f6lte, ami majd Domokos nev\u0171 fia birtoka lett. A g\u00f6rg\u00e9nyi egyh\u00e1zmegyei f\u0151kur\u00e1tor, egyh\u00e1zmegyei k\u00e9pvisel\u0151 \u00e9s egyh\u00e1zmegyei algondnok. Az EMKE alap\u00edt\u00f3 \u00e9s \u00f6r\u00f6k\u00f6s tagja (1886. nov. 28.), 1000 koron\u00e1t adom\u00e1nyozott. Halotti c\u00edmere a kv.-i Farkas utcai templomban. <br \/><strong>\u2013 Irod.:<\/strong> Bicsok\u2013Orb\u00e1n; B\u00f6jthe Andor; Entz\u2013Kov\u00e1cs; Fekete; Gudenus; Gy\u00e1szjelent\u0151; Lukinich; S\u00e1ndor.<\/br><\/p>\n","protected":false},"excerpt":{"rendered":"<p>Gy\u00f6mr\u0151 (Mo.), 1850. szept. 4., \u2020 Kv., 1882. febr. 14., temetve Gernyeszegen a csal\u00e1di s\u00edrboltban: gernyeszegi birtokos. \u2013 T. Domokos (1810\u20131876) \u00e9s gr. Teleki Klementina (1827\u20131894) fia. Testv\u00e9reik: T. Ilona gr. Bethlen Istv\u00e1nn\u00e9; gr. T. Zs\u00f3fia b. Vay B\u00e9l\u00e1n\u00e9; gr. T. Jozefa Teleki S\u00e1ndorn\u00e9. Feles\u00e9ge gr. Bethlen Margit (Bethlen, 1858. jan 18. \u2013 Bp., 1929. [&hellip;]<\/p>\n","protected":false},"featured_media":0,"comment_status":"open","ping_status":"closed","template":"","meta":[],"product_brand":[],"product_cat":[137],"product_tag":[],"class_list":{"0":"post-22815","1":"product","2":"type-product","3":"status-publish","5":"product_cat-maros-megyei-eletrajzi-lexikon","7":"first","8":"instock","9":"shipping-taxable","10":"product-type-simple"},"_links":{"self":[{"href":"https:\/\/uj.adatbank.ro\/lexikon\/wp-json\/wp\/v2\/product\/22815","targetHints":{"allow":["GET"]}}],"collection":[{"href":"https:\/\/uj.adatbank.ro\/lexikon\/wp-json\/wp\/v2\/product"}],"about":[{"href":"https:\/\/uj.adatbank.ro\/lexikon\/wp-json\/wp\/v2\/types\/product"}],"replies":[{"embeddable":true,"href":"https:\/\/uj.adatbank.ro\/lexikon\/wp-json\/wp\/v2\/comments?post=22815"}],"wp:attachment":[{"href":"https:\/\/uj.adatbank.ro\/lexikon\/wp-json\/wp\/v2\/media?parent=22815"}],"wp:term":[{"taxonomy":"product_brand","embeddable":true,"href":"https:\/\/uj.adatbank.ro\/lexikon\/wp-json\/wp\/v2\/product_brand?post=22815"},{"taxonomy":"product_cat","embeddable":true,"href":"https:\/\/uj.adatbank.ro\/lexikon\/wp-json\/wp\/v2\/product_cat?post=22815"},{"taxonomy":"product_tag","embeddable":true,"href":"https:\/\/uj.adatbank.ro\/lexikon\/wp-json\/wp\/v2\/product_tag?post=22815"}],"curies":[{"name":"wp","href":"https:\/\/api.w.org\/{rel}","templated":true}]}}