{"id":22819,"date":"2025-08-01T17:01:24","date_gmt":"2025-08-01T15:01:24","guid":{"rendered":"https:\/\/uj.adatbank.ro\/lexikon\/termek\/teleki-gyorgy-gr\/"},"modified":"2025-08-01T17:01:24","modified_gmt":"2025-08-01T15:01:24","slug":"teleki-gyorgy-gr","status":"publish","type":"product","link":"https:\/\/uj.adatbank.ro\/lexikon\/termek\/teleki-gyorgy-gr\/","title":{"rendered":"TELEKI Gy\u00f6rgy, gr."},"content":{"rendered":"<p>Mv., 1826. szept. 2., \u2020 V\u00e1rhegy, 1896. nov. 5.: Feles\u00e9ge malomvizi Kendeffy Ilona (Esk. Kv., 1863. szept. 28). \u2013 Selmecb\u00e1ny\u00e1n a b\u00e1ny\u00e1szati szak hallgat\u00f3ja volt (1847). <br \/><strong>\u2013 Irod.:<\/strong> Gudenus; Szab\u00f3 Mikl\u00f3s 2005.<\/br><\/p>\n","protected":false},"excerpt":{"rendered":"<p>Mv., 1826. szept. 2., \u2020 V\u00e1rhegy, 1896. nov. 5.: Feles\u00e9ge malomvizi Kendeffy Ilona (Esk. Kv., 1863. szept. 28). \u2013 Selmecb\u00e1ny\u00e1n a b\u00e1ny\u00e1szati szak hallgat\u00f3ja volt (1847). \u2013 Irod.: Gudenus; Szab\u00f3 Mikl\u00f3s 2005.<\/p>\n","protected":false},"featured_media":0,"comment_status":"open","ping_status":"closed","template":"","meta":[],"product_brand":[],"product_cat":[137],"product_tag":[],"class_list":{"0":"post-22819","1":"product","2":"type-product","3":"status-publish","5":"product_cat-maros-megyei-eletrajzi-lexikon","7":"first","8":"instock","9":"shipping-taxable","10":"product-type-simple"},"_links":{"self":[{"href":"https:\/\/uj.adatbank.ro\/lexikon\/wp-json\/wp\/v2\/product\/22819","targetHints":{"allow":["GET"]}}],"collection":[{"href":"https:\/\/uj.adatbank.ro\/lexikon\/wp-json\/wp\/v2\/product"}],"about":[{"href":"https:\/\/uj.adatbank.ro\/lexikon\/wp-json\/wp\/v2\/types\/product"}],"replies":[{"embeddable":true,"href":"https:\/\/uj.adatbank.ro\/lexikon\/wp-json\/wp\/v2\/comments?post=22819"}],"wp:attachment":[{"href":"https:\/\/uj.adatbank.ro\/lexikon\/wp-json\/wp\/v2\/media?parent=22819"}],"wp:term":[{"taxonomy":"product_brand","embeddable":true,"href":"https:\/\/uj.adatbank.ro\/lexikon\/wp-json\/wp\/v2\/product_brand?post=22819"},{"taxonomy":"product_cat","embeddable":true,"href":"https:\/\/uj.adatbank.ro\/lexikon\/wp-json\/wp\/v2\/product_cat?post=22819"},{"taxonomy":"product_tag","embeddable":true,"href":"https:\/\/uj.adatbank.ro\/lexikon\/wp-json\/wp\/v2\/product_tag?post=22819"}],"curies":[{"name":"wp","href":"https:\/\/api.w.org\/{rel}","templated":true}]}}