{"id":22820,"date":"2025-08-01T17:01:26","date_gmt":"2025-08-01T15:01:26","guid":{"rendered":"https:\/\/uj.adatbank.ro\/lexikon\/termek\/teleki-gyula\/"},"modified":"2025-08-01T17:01:26","modified_gmt":"2025-08-01T15:01:26","slug":"teleki-gyula","status":"publish","type":"product","link":"https:\/\/uj.adatbank.ro\/lexikon\/termek\/teleki-gyula\/","title":{"rendered":"TELEKI Gyula"},"content":{"rendered":"<p>? \u2020 ?: f\u00f6ldbirtokos. \u2013 Maros megy\u00e9ben volt 1223 hold birtoka, amelyet eg\u00e9sz\u00e9ben kisaj\u00e1t\u00edtott a rom\u00e1n \u00e1llam az imp\u00e9riumv\u00e1ltoz\u00e1s ut\u00e1n, a f\u00f6ldreformmal (1921). <br \/><strong>\u2013 Irod.:<\/strong> Pan\u0103.<\/br><\/p>\n","protected":false},"excerpt":{"rendered":"<p>? \u2020 ?: f\u00f6ldbirtokos. \u2013 Maros megy\u00e9ben volt 1223 hold birtoka, amelyet eg\u00e9sz\u00e9ben kisaj\u00e1t\u00edtott a rom\u00e1n \u00e1llam az imp\u00e9riumv\u00e1ltoz\u00e1s ut\u00e1n, a f\u00f6ldreformmal (1921). \u2013 Irod.: Pan\u0103.<\/p>\n","protected":false},"featured_media":0,"comment_status":"open","ping_status":"closed","template":"","meta":[],"product_brand":[],"product_cat":[137],"product_tag":[],"class_list":{"0":"post-22820","1":"product","2":"type-product","3":"status-publish","5":"product_cat-maros-megyei-eletrajzi-lexikon","7":"first","8":"instock","9":"shipping-taxable","10":"product-type-simple"},"_links":{"self":[{"href":"https:\/\/uj.adatbank.ro\/lexikon\/wp-json\/wp\/v2\/product\/22820","targetHints":{"allow":["GET"]}}],"collection":[{"href":"https:\/\/uj.adatbank.ro\/lexikon\/wp-json\/wp\/v2\/product"}],"about":[{"href":"https:\/\/uj.adatbank.ro\/lexikon\/wp-json\/wp\/v2\/types\/product"}],"replies":[{"embeddable":true,"href":"https:\/\/uj.adatbank.ro\/lexikon\/wp-json\/wp\/v2\/comments?post=22820"}],"wp:attachment":[{"href":"https:\/\/uj.adatbank.ro\/lexikon\/wp-json\/wp\/v2\/media?parent=22820"}],"wp:term":[{"taxonomy":"product_brand","embeddable":true,"href":"https:\/\/uj.adatbank.ro\/lexikon\/wp-json\/wp\/v2\/product_brand?post=22820"},{"taxonomy":"product_cat","embeddable":true,"href":"https:\/\/uj.adatbank.ro\/lexikon\/wp-json\/wp\/v2\/product_cat?post=22820"},{"taxonomy":"product_tag","embeddable":true,"href":"https:\/\/uj.adatbank.ro\/lexikon\/wp-json\/wp\/v2\/product_tag?post=22820"}],"curies":[{"name":"wp","href":"https:\/\/api.w.org\/{rel}","templated":true}]}}