{"id":22828,"date":"2025-08-01T17:01:46","date_gmt":"2025-08-01T15:01:46","guid":{"rendered":"https:\/\/uj.adatbank.ro\/lexikon\/termek\/teleki-janos-szeki-2\/"},"modified":"2025-08-01T17:01:46","modified_gmt":"2025-08-01T15:01:46","slug":"teleki-janos-szeki-2","status":"publish","type":"product","link":"https:\/\/uj.adatbank.ro\/lexikon\/termek\/teleki-janos-szeki-2\/","title":{"rendered":"TELEKI J\u00e1nos, sz\u00e9ki"},"content":{"rendered":"<p>? 1663 \u2020 ? 1679: birtokos. \u2013 T. Mih\u00e1ly \u00e9s Ve\u00e9r Judit legid\u0151sebb fia, a kv.-i (1674), majd az enyedi koll.-ban tanult, 16 \u00e9vesen halt meg. <br \/><strong>\u2013 Irod.:<\/strong> Nagy Iv\u00e1n; Teleki Mih\u00e1ly udvartart\u00e1si napl\u00f3ja (1673\u20131681) (Kv., 2007).<\/br><\/p>\n","protected":false},"excerpt":{"rendered":"<p>? 1663 \u2020 ? 1679: birtokos. \u2013 T. Mih\u00e1ly \u00e9s Ve\u00e9r Judit legid\u0151sebb fia, a kv.-i (1674), majd az enyedi koll.-ban tanult, 16 \u00e9vesen halt meg. \u2013 Irod.: Nagy Iv\u00e1n; Teleki Mih\u00e1ly udvartart\u00e1si napl\u00f3ja (1673\u20131681) (Kv., 2007).<\/p>\n","protected":false},"featured_media":0,"comment_status":"open","ping_status":"closed","template":"","meta":[],"product_brand":[],"product_cat":[137],"product_tag":[],"class_list":{"0":"post-22828","1":"product","2":"type-product","3":"status-publish","5":"product_cat-maros-megyei-eletrajzi-lexikon","7":"first","8":"instock","9":"shipping-taxable","10":"product-type-simple"},"_links":{"self":[{"href":"https:\/\/uj.adatbank.ro\/lexikon\/wp-json\/wp\/v2\/product\/22828","targetHints":{"allow":["GET"]}}],"collection":[{"href":"https:\/\/uj.adatbank.ro\/lexikon\/wp-json\/wp\/v2\/product"}],"about":[{"href":"https:\/\/uj.adatbank.ro\/lexikon\/wp-json\/wp\/v2\/types\/product"}],"replies":[{"embeddable":true,"href":"https:\/\/uj.adatbank.ro\/lexikon\/wp-json\/wp\/v2\/comments?post=22828"}],"wp:attachment":[{"href":"https:\/\/uj.adatbank.ro\/lexikon\/wp-json\/wp\/v2\/media?parent=22828"}],"wp:term":[{"taxonomy":"product_brand","embeddable":true,"href":"https:\/\/uj.adatbank.ro\/lexikon\/wp-json\/wp\/v2\/product_brand?post=22828"},{"taxonomy":"product_cat","embeddable":true,"href":"https:\/\/uj.adatbank.ro\/lexikon\/wp-json\/wp\/v2\/product_cat?post=22828"},{"taxonomy":"product_tag","embeddable":true,"href":"https:\/\/uj.adatbank.ro\/lexikon\/wp-json\/wp\/v2\/product_tag?post=22828"}],"curies":[{"name":"wp","href":"https:\/\/api.w.org\/{rel}","templated":true}]}}