{"id":22829,"date":"2025-08-01T17:01:49","date_gmt":"2025-08-01T15:01:49","guid":{"rendered":"https:\/\/uj.adatbank.ro\/lexikon\/termek\/teleki-janos-szeki-3\/"},"modified":"2025-08-01T17:01:49","modified_gmt":"2025-08-01T15:01:49","slug":"teleki-janos-szeki-3","status":"publish","type":"product","link":"https:\/\/uj.adatbank.ro\/lexikon\/termek\/teleki-janos-szeki-3\/","title":{"rendered":"TELEKI J\u00e1nos, sz\u00e9ki"},"content":{"rendered":"<p>? \u2020 ?: T. Mih\u00e1ly \u00e9s Thoroczkai Kata gr.-n\u0151 fia. \u2013 Pataki S\u00e1muel volt a szolg\u00e1ja \u00e9s tanul\u00f3t\u00e1rsa (1707. szept. 20.\u20131712. szept.). <br \/><strong>\u2013 Irod.:<\/strong> Pataki.<\/br><\/p>\n","protected":false},"excerpt":{"rendered":"<p>? \u2020 ?: T. Mih\u00e1ly \u00e9s Thoroczkai Kata gr.-n\u0151 fia. \u2013 Pataki S\u00e1muel volt a szolg\u00e1ja \u00e9s tanul\u00f3t\u00e1rsa (1707. szept. 20.\u20131712. szept.). \u2013 Irod.: Pataki.<\/p>\n","protected":false},"featured_media":0,"comment_status":"open","ping_status":"closed","template":"","meta":[],"product_brand":[],"product_cat":[137],"product_tag":[],"class_list":{"0":"post-22829","1":"product","2":"type-product","3":"status-publish","5":"product_cat-maros-megyei-eletrajzi-lexikon","7":"first","8":"instock","9":"shipping-taxable","10":"product-type-simple"},"_links":{"self":[{"href":"https:\/\/uj.adatbank.ro\/lexikon\/wp-json\/wp\/v2\/product\/22829","targetHints":{"allow":["GET"]}}],"collection":[{"href":"https:\/\/uj.adatbank.ro\/lexikon\/wp-json\/wp\/v2\/product"}],"about":[{"href":"https:\/\/uj.adatbank.ro\/lexikon\/wp-json\/wp\/v2\/types\/product"}],"replies":[{"embeddable":true,"href":"https:\/\/uj.adatbank.ro\/lexikon\/wp-json\/wp\/v2\/comments?post=22829"}],"wp:attachment":[{"href":"https:\/\/uj.adatbank.ro\/lexikon\/wp-json\/wp\/v2\/media?parent=22829"}],"wp:term":[{"taxonomy":"product_brand","embeddable":true,"href":"https:\/\/uj.adatbank.ro\/lexikon\/wp-json\/wp\/v2\/product_brand?post=22829"},{"taxonomy":"product_cat","embeddable":true,"href":"https:\/\/uj.adatbank.ro\/lexikon\/wp-json\/wp\/v2\/product_cat?post=22829"},{"taxonomy":"product_tag","embeddable":true,"href":"https:\/\/uj.adatbank.ro\/lexikon\/wp-json\/wp\/v2\/product_tag?post=22829"}],"curies":[{"name":"wp","href":"https:\/\/api.w.org\/{rel}","templated":true}]}}