{"id":22830,"date":"2025-08-01T17:01:50","date_gmt":"2025-08-01T15:01:50","guid":{"rendered":"https:\/\/uj.adatbank.ro\/lexikon\/termek\/teleki-janos-szeki-gr\/"},"modified":"2025-08-01T17:01:50","modified_gmt":"2025-08-01T15:01:50","slug":"teleki-janos-szeki-gr","status":"publish","type":"product","link":"https:\/\/uj.adatbank.ro\/lexikon\/termek\/teleki-janos-szeki-gr\/","title":{"rendered":"TELEKI J\u00e1nos, sz\u00e9ki gr."},"content":{"rendered":"<p>1792. m\u00e1j. 18., \u2020 Kv., 1860. szept. 13. Nagys\u00e1rm\u00e1son temett\u00e9k apja porai mell\u00e9: nagys\u00e1rm\u00e1si birtokos, f\u0151\u00far. cs. k. kamar\u00e1s. \u2013 A T. csal\u00e1d katolikus \u00e1g\u00e1b\u00f3l sz\u00e1rmazott. T. J\u00f3zsef (1755\u20131809) \u00e9s zabolai Mikes M\u00e1ria (1760\u20131846) fia. Feles\u00e9ge zabolai Mikes Erzs\u00e9bet (1802. \u2013 Kv., 1882. m\u00e1rc. 29.), csillagkeresztes h\u00f6lgy. Gyermekeik: S\u00e1ndor, feles\u00e9ge Bickersteth Johanna; J\u00e1nos J\u00f3zsef (1821\u20131892), Pet\u0151fi S\u00e1ndor bar\u00e1tja, a vad gr.; R\u00f3za Bethlen Farkasn\u00e9 (1822. \u2013 Bonyha, 1880). Nagygazda Nagys\u00e1rm\u00e1son, nemesfaj\u00fa teh\u00e9nteny\u00e9szt\u0151, \u00e1llati meghajt\u00e1s\u00fa cs\u00e9pl\u0151g\u00e9pe volt. <br \/><strong>\u2013 Irod.:<\/strong> Gudenus; Lev\u00e9lt\u00e1ri gy\u00e1szj.; Lukinich; Nagy Iv\u00e1n; Teleki S\u00e1ndor: Eml\u00e9kezz\u00fcnk r\u00e9giekr\u0151l (Buk., 1973).<\/br><\/p>\n","protected":false},"excerpt":{"rendered":"<p>1792. m\u00e1j. 18., \u2020 Kv., 1860. szept. 13. Nagys\u00e1rm\u00e1son temett\u00e9k apja porai mell\u00e9: nagys\u00e1rm\u00e1si birtokos, f\u0151\u00far. cs. k. kamar\u00e1s. \u2013 A T. csal\u00e1d katolikus \u00e1g\u00e1b\u00f3l sz\u00e1rmazott. T. J\u00f3zsef (1755\u20131809) \u00e9s zabolai Mikes M\u00e1ria (1760\u20131846) fia. Feles\u00e9ge zabolai Mikes Erzs\u00e9bet (1802. \u2013 Kv., 1882. m\u00e1rc. 29.), csillagkeresztes h\u00f6lgy. Gyermekeik: S\u00e1ndor, feles\u00e9ge Bickersteth Johanna; J\u00e1nos J\u00f3zsef (1821\u20131892), [&hellip;]<\/p>\n","protected":false},"featured_media":0,"comment_status":"open","ping_status":"closed","template":"","meta":[],"product_brand":[],"product_cat":[137],"product_tag":[],"class_list":{"0":"post-22830","1":"product","2":"type-product","3":"status-publish","5":"product_cat-maros-megyei-eletrajzi-lexikon","7":"first","8":"instock","9":"shipping-taxable","10":"product-type-simple"},"_links":{"self":[{"href":"https:\/\/uj.adatbank.ro\/lexikon\/wp-json\/wp\/v2\/product\/22830","targetHints":{"allow":["GET"]}}],"collection":[{"href":"https:\/\/uj.adatbank.ro\/lexikon\/wp-json\/wp\/v2\/product"}],"about":[{"href":"https:\/\/uj.adatbank.ro\/lexikon\/wp-json\/wp\/v2\/types\/product"}],"replies":[{"embeddable":true,"href":"https:\/\/uj.adatbank.ro\/lexikon\/wp-json\/wp\/v2\/comments?post=22830"}],"wp:attachment":[{"href":"https:\/\/uj.adatbank.ro\/lexikon\/wp-json\/wp\/v2\/media?parent=22830"}],"wp:term":[{"taxonomy":"product_brand","embeddable":true,"href":"https:\/\/uj.adatbank.ro\/lexikon\/wp-json\/wp\/v2\/product_brand?post=22830"},{"taxonomy":"product_cat","embeddable":true,"href":"https:\/\/uj.adatbank.ro\/lexikon\/wp-json\/wp\/v2\/product_cat?post=22830"},{"taxonomy":"product_tag","embeddable":true,"href":"https:\/\/uj.adatbank.ro\/lexikon\/wp-json\/wp\/v2\/product_tag?post=22830"}],"curies":[{"name":"wp","href":"https:\/\/api.w.org\/{rel}","templated":true}]}}