{"id":22835,"date":"2025-08-01T17:02:04","date_gmt":"2025-08-01T15:02:04","guid":{"rendered":"https:\/\/uj.adatbank.ro\/lexikon\/termek\/teleki-jozsef-2\/"},"modified":"2025-08-01T17:02:04","modified_gmt":"2025-08-01T15:02:04","slug":"teleki-jozsef-2","status":"publish","type":"product","link":"https:\/\/uj.adatbank.ro\/lexikon\/termek\/teleki-jozsef-2\/","title":{"rendered":"TELEKI J\u00f3zsef"},"content":{"rendered":"<p>? \u2020 ?: orvos, vit\u00e9z. \u2013 orvos dr., f\u00f6ldbirtokos. \u2013 \u00c1kosfalv\u00e1n, a Tolvaly csal\u00e1di h\u00e1zban \u00e9ltek. Feles\u00e9ge Tolvaly Margit. Gyermekeik: J\u00f3zsef (1925\u2013), S\u00e1ndor Csaba (1926\u2013), Ildik\u00f3. \u2013 A csal\u00e1dj\u00e1val egy\u00fctt elt\u00e1vol\u00edtott\u00e1k a falub\u00f3l. Szentbenedeken k\u00f6rorvos. <br \/><strong>\u2013 Irod.:<\/strong> Berekm\u00e9ri\u2013Nemes; (N\u00e9p\u00fajs\u00e1g, 1950. febr.8.); Ny\u00e1r\u00e1dszentbenedek.<\/br><\/p>\n","protected":false},"excerpt":{"rendered":"<p>? \u2020 ?: orvos, vit\u00e9z. \u2013 orvos dr., f\u00f6ldbirtokos. \u2013 \u00c1kosfalv\u00e1n, a Tolvaly csal\u00e1di h\u00e1zban \u00e9ltek. Feles\u00e9ge Tolvaly Margit. Gyermekeik: J\u00f3zsef (1925\u2013), S\u00e1ndor Csaba (1926\u2013), Ildik\u00f3. \u2013 A csal\u00e1dj\u00e1val egy\u00fctt elt\u00e1vol\u00edtott\u00e1k a falub\u00f3l. Szentbenedeken k\u00f6rorvos. \u2013 Irod.: Berekm\u00e9ri\u2013Nemes; (N\u00e9p\u00fajs\u00e1g, 1950. febr.8.); Ny\u00e1r\u00e1dszentbenedek.<\/p>\n","protected":false},"featured_media":0,"comment_status":"open","ping_status":"closed","template":"","meta":[],"product_brand":[],"product_cat":[137],"product_tag":[],"class_list":{"0":"post-22835","1":"product","2":"type-product","3":"status-publish","5":"product_cat-maros-megyei-eletrajzi-lexikon","7":"first","8":"instock","9":"shipping-taxable","10":"product-type-simple"},"_links":{"self":[{"href":"https:\/\/uj.adatbank.ro\/lexikon\/wp-json\/wp\/v2\/product\/22835","targetHints":{"allow":["GET"]}}],"collection":[{"href":"https:\/\/uj.adatbank.ro\/lexikon\/wp-json\/wp\/v2\/product"}],"about":[{"href":"https:\/\/uj.adatbank.ro\/lexikon\/wp-json\/wp\/v2\/types\/product"}],"replies":[{"embeddable":true,"href":"https:\/\/uj.adatbank.ro\/lexikon\/wp-json\/wp\/v2\/comments?post=22835"}],"wp:attachment":[{"href":"https:\/\/uj.adatbank.ro\/lexikon\/wp-json\/wp\/v2\/media?parent=22835"}],"wp:term":[{"taxonomy":"product_brand","embeddable":true,"href":"https:\/\/uj.adatbank.ro\/lexikon\/wp-json\/wp\/v2\/product_brand?post=22835"},{"taxonomy":"product_cat","embeddable":true,"href":"https:\/\/uj.adatbank.ro\/lexikon\/wp-json\/wp\/v2\/product_cat?post=22835"},{"taxonomy":"product_tag","embeddable":true,"href":"https:\/\/uj.adatbank.ro\/lexikon\/wp-json\/wp\/v2\/product_tag?post=22835"}],"curies":[{"name":"wp","href":"https:\/\/api.w.org\/{rel}","templated":true}]}}