{"id":22849,"date":"2025-08-01T17:02:40","date_gmt":"2025-08-01T15:02:40","guid":{"rendered":"https:\/\/uj.adatbank.ro\/lexikon\/termek\/teleki-karolina-gr-no-gr-teleki-ferencne\/"},"modified":"2025-08-01T17:02:40","modified_gmt":"2025-08-01T15:02:40","slug":"teleki-karolina-gr-no-gr-teleki-ferencne","status":"publish","type":"product","link":"https:\/\/uj.adatbank.ro\/lexikon\/termek\/teleki-karolina-gr-no-gr-teleki-ferencne\/","title":{"rendered":"TELEKI Karolina, gr.-n\u0151, gr. Teleki Ferencn\u00e9"},"content":{"rendered":"<p>?, \u2020 Sz\u00e1szr\u00e9gen, 1769.: birtokos f\u0151nemes. \u2013 a sz\u00e1szr\u00e9geni ev. templomban van eltemetve. <br \/><strong>\u2013 Irod.:<\/strong> B\u00edr\u00f3 Don\u00e1t; Gy\u00f6rgy: A ferencrendiek.<\/br><\/p>\n","protected":false},"excerpt":{"rendered":"<p>?, \u2020 Sz\u00e1szr\u00e9gen, 1769.: birtokos f\u0151nemes. \u2013 a sz\u00e1szr\u00e9geni ev. templomban van eltemetve. \u2013 Irod.: B\u00edr\u00f3 Don\u00e1t; Gy\u00f6rgy: A ferencrendiek.<\/p>\n","protected":false},"featured_media":0,"comment_status":"open","ping_status":"closed","template":"","meta":[],"product_brand":[],"product_cat":[137],"product_tag":[],"class_list":{"0":"post-22849","1":"product","2":"type-product","3":"status-publish","5":"product_cat-maros-megyei-eletrajzi-lexikon","7":"first","8":"instock","9":"shipping-taxable","10":"product-type-simple"},"_links":{"self":[{"href":"https:\/\/uj.adatbank.ro\/lexikon\/wp-json\/wp\/v2\/product\/22849","targetHints":{"allow":["GET"]}}],"collection":[{"href":"https:\/\/uj.adatbank.ro\/lexikon\/wp-json\/wp\/v2\/product"}],"about":[{"href":"https:\/\/uj.adatbank.ro\/lexikon\/wp-json\/wp\/v2\/types\/product"}],"replies":[{"embeddable":true,"href":"https:\/\/uj.adatbank.ro\/lexikon\/wp-json\/wp\/v2\/comments?post=22849"}],"wp:attachment":[{"href":"https:\/\/uj.adatbank.ro\/lexikon\/wp-json\/wp\/v2\/media?parent=22849"}],"wp:term":[{"taxonomy":"product_brand","embeddable":true,"href":"https:\/\/uj.adatbank.ro\/lexikon\/wp-json\/wp\/v2\/product_brand?post=22849"},{"taxonomy":"product_cat","embeddable":true,"href":"https:\/\/uj.adatbank.ro\/lexikon\/wp-json\/wp\/v2\/product_cat?post=22849"},{"taxonomy":"product_tag","embeddable":true,"href":"https:\/\/uj.adatbank.ro\/lexikon\/wp-json\/wp\/v2\/product_tag?post=22849"}],"curies":[{"name":"wp","href":"https:\/\/api.w.org\/{rel}","templated":true}]}}