{"id":22850,"date":"2025-08-01T17:02:42","date_gmt":"2025-08-01T15:02:42","guid":{"rendered":"https:\/\/uj.adatbank.ro\/lexikon\/termek\/teleki-karoly-szeki-gr\/"},"modified":"2025-08-01T17:02:42","modified_gmt":"2025-08-01T15:02:42","slug":"teleki-karoly-szeki-gr","status":"publish","type":"product","link":"https:\/\/uj.adatbank.ro\/lexikon\/termek\/teleki-karoly-szeki-gr\/","title":{"rendered":"TELEKI K\u00e1roly, sz\u00e9ki gr."},"content":{"rendered":"<p>S\u00e1rpatak, 1836. nov. 11., \u2020 Kv., 1912. m\u00e1j. 16: a f\u0151rendi h\u00e1z \u00f6r\u00f6k\u00f6s tagja. \u2013 Teleki Lajos (1807\u20131842) \u00e9s bethleni gr. Bethlen Eszter (1814 \u2013 Kv., 1865. m\u00e1rc. 10.) fia. Feles\u00e9ge hidv\u00e9gi gr. Mik\u00f3 M\u00e1ria (Esk.: Kv., 1860. okt. 24), M. Imre kir. f\u0151poh\u00e1rnok \u00e9s kisr\u00e9dei Rh\u00e9dey M\u00e1ria le\u00e1nya. Testv\u00e9rei: T. Lajos \u00e9s Domokos. \u2013 Kiskor\u00fa \u00f6r\u00f6k\u00f6seit\u0151l v\u00e1s\u00e1rolta meg a mv.-i Tornakert Egyes\u00fclet a Tornakertet az els\u0151 vh. h\u00e1bor\u00fa alatt. <br \/><strong>\u2013 Irod.:<\/strong> Gudenus; Gy\u00e1szjelent\u0151; Id\u0151t\u00e1r 3.<\/br><\/p>\n","protected":false},"excerpt":{"rendered":"<p>S\u00e1rpatak, 1836. nov. 11., \u2020 Kv., 1912. m\u00e1j. 16: a f\u0151rendi h\u00e1z \u00f6r\u00f6k\u00f6s tagja. \u2013 Teleki Lajos (1807\u20131842) \u00e9s bethleni gr. Bethlen Eszter (1814 \u2013 Kv., 1865. m\u00e1rc. 10.) fia. Feles\u00e9ge hidv\u00e9gi gr. Mik\u00f3 M\u00e1ria (Esk.: Kv., 1860. okt. 24), M. Imre kir. f\u0151poh\u00e1rnok \u00e9s kisr\u00e9dei Rh\u00e9dey M\u00e1ria le\u00e1nya. Testv\u00e9rei: T. Lajos \u00e9s Domokos. \u2013 [&hellip;]<\/p>\n","protected":false},"featured_media":0,"comment_status":"open","ping_status":"closed","template":"","meta":[],"product_brand":[],"product_cat":[137],"product_tag":[],"class_list":{"0":"post-22850","1":"product","2":"type-product","3":"status-publish","5":"product_cat-maros-megyei-eletrajzi-lexikon","7":"first","8":"instock","9":"shipping-taxable","10":"product-type-simple"},"_links":{"self":[{"href":"https:\/\/uj.adatbank.ro\/lexikon\/wp-json\/wp\/v2\/product\/22850","targetHints":{"allow":["GET"]}}],"collection":[{"href":"https:\/\/uj.adatbank.ro\/lexikon\/wp-json\/wp\/v2\/product"}],"about":[{"href":"https:\/\/uj.adatbank.ro\/lexikon\/wp-json\/wp\/v2\/types\/product"}],"replies":[{"embeddable":true,"href":"https:\/\/uj.adatbank.ro\/lexikon\/wp-json\/wp\/v2\/comments?post=22850"}],"wp:attachment":[{"href":"https:\/\/uj.adatbank.ro\/lexikon\/wp-json\/wp\/v2\/media?parent=22850"}],"wp:term":[{"taxonomy":"product_brand","embeddable":true,"href":"https:\/\/uj.adatbank.ro\/lexikon\/wp-json\/wp\/v2\/product_brand?post=22850"},{"taxonomy":"product_cat","embeddable":true,"href":"https:\/\/uj.adatbank.ro\/lexikon\/wp-json\/wp\/v2\/product_cat?post=22850"},{"taxonomy":"product_tag","embeddable":true,"href":"https:\/\/uj.adatbank.ro\/lexikon\/wp-json\/wp\/v2\/product_tag?post=22850"}],"curies":[{"name":"wp","href":"https:\/\/api.w.org\/{rel}","templated":true}]}}