{"id":22851,"date":"2025-08-01T17:02:45","date_gmt":"2025-08-01T15:02:45","guid":{"rendered":"https:\/\/uj.adatbank.ro\/lexikon\/termek\/teleki-karoly-szeki-gr-pufi\/"},"modified":"2025-08-01T17:02:45","modified_gmt":"2025-08-01T15:02:45","slug":"teleki-karoly-szeki-gr-pufi","status":"publish","type":"product","link":"https:\/\/uj.adatbank.ro\/lexikon\/termek\/teleki-karoly-szeki-gr-pufi\/","title":{"rendered":"TELEKI K\u00e1roly, sz\u00e9ki gr., Pufi"},"content":{"rendered":"<p>Kv., 1899. nov. 21., \u2020 Toronto, 1977. okt. 31., temetve a kv.-i H\u00e1zsong\u00e1rdi temet\u0151ben (1978): s\u00e1romberki f\u00f6ldbirtokos, a Teleki T\u00e9ka kur\u00e1tora, a Johannita rend lovagja, . \u2013 \u00c1d\u00e1m Ferenc (1867\u20131918) \u00e9s Zeyk \u00c1gnes (1878\u20131977) fia. Feles\u00e9ge: 1. Teleki Gemma (Esk: Tancs, 1928. jan. 15, elv\u00e1ltak 1943). Gyermekeik: M\u00e1ria-\u00c1gnes (1928), B\u00e9csben \u00e9lt, K\u00e1roly (1930. m\u00e1j. 11. \u2013 Berkeley, 2012. aug. 2.) az AE\u00c1-ban \u00e9lt, S\u00e1muel (1931) mikrobiol\u00f3gus, a kanadai Toront\u00f3ban \u00e9l. 2. Przibram Vera Philips (B\u00e9cs, 1910. \u2013), h\u00e1zass\u00e1g (1944. j\u00fan. 22.).: gyermekek: G\u00e9za K\u00e1roly (P\u00e9cs, 1945); Vera Ren\u00e1ta (1947). Teleki Samu \u00f6r\u00f6k\u00f6se (1916). Birtokai: S\u00e1romberke, ahol f\u0171r\u00e9szgy\u00e1ra volt (1920-as \u00e9vek), Vajdaszentiv\u00e1ny 100 holdon fel\u00fcli birtokos. Birtokaib\u00f3l 2193 holdat (100 %) kisaj\u00e1t\u00edtott a rom\u00e1n \u00e1llam az imp\u00e9riumv\u00e1ltoz\u00e1s ut\u00e1n, a f\u00f6ldreformmal (1921), Tancs. A Teleki T\u00e9ka kur\u00e1tora volt (1916\u201336), form\u00e1lisan lemond\u00e1s\u00e1ig (1942-ig). Nem tartotta tiszteletben az alap\u00edt\u00f3 rendelkez\u00e9seit. A hagyat\u00e9ki vagyon\u00e1b\u00f3l 500 ezer koron\u00e1t fizetett be az \u00e1llamp\u00e9nzt\u00e1rba (1919. jan. 14.), a Teleki S\u00e1muel rendelkez\u00e9s\u00e9nek megfelel\u0151en, a k\u00f6nyvt\u00e1r fenntart\u00e1s\u00e1nak k\u00f6lts\u00e9geire. Ezzel a T\u00e9ka fenntart\u00e1sa a kultuszminiszt\u00e9riumra h\u00e1rult, de az imp\u00e9riumv\u00e1ltoz\u00e1s miatt, a miniszt\u00e9rium nem tehetett eleget a fenntart\u00e1s k\u00f6telezetts\u00e9g\u00e9nek, \u00edgy a Teleki T\u00e9ka a birtok\u00e1ban maradt. Az \u00e9p\u00fcletet elhanyagolta \u00e9s r\u00e9szint mag\u00e1nc\u00e9lokra haszn\u00e1lta: ott m\u0171k\u00f6dtette a s\u00e1romberki gazdas\u00e1g k\u00f6zponti irod\u00e1j\u00e1t, majd saj\u00e1t r\u00e9szv\u00e9nyt\u00e1rsas\u00e1g\u00e1t is, \u201eGr\u00f3f Teleki K\u00e1roly \u00e9s T\u00e1rsai Mez\u0151gazdas\u00e1gi, ipari \u00e9s kereskedelmi v\u00e1llalat\u00e1\u201d-t. S\u00e1romberk\u00e9n malmot is birtokolt (1926). A T\u00e9ka \u00e9p\u00fclete egyre romlott, a h\u00e1zb\u00e9reket nem ford\u00edtott\u00e1k a k\u00f6nyvt\u00e1r c\u00e9ljaira, a leg\u00e9rt\u00e9kesebb k\u00f6nyvekb\u0151l eladott. A s\u00e1romberki T. birtok \u00e9s a s\u00e1rpataki kast\u00e9ly utols\u00f3 tulajdonosa volt (1944\u201347). Az utols\u00f3 tulajdonosa a s\u00e1rpataki kast\u00e9lynak, Gyermekei a 2001-ben megjelent 10-es t\u00f6rv\u00e9ny alapj\u00e1n visszaig\u00e9nyelt\u00e9k, megkapt\u00e1k (2005) A Johannita rend lovagja. <br \/><strong>\u2013 Irod.:<\/strong> B\u00e1nyai R\u00e9ka: Guly\u00e1s K\u00e1roly [k\u00e9zirat]; B\u00e1nyai R\u00e9ka: Egy k\u00f6nyvt\u00e1r mindennapjai = K\u00f6nyvek \u00e1ltal\u2026; B\u00e1nyai R\u00e9ka: Pufina: elt\u0171nt, megker\u00fclt, lappang\u00f3 k\u00f6nyvek = Telekiek; EM; Ga\u00e1l Gy; Gudenus; Id\u0151t\u00e1r 2; Id\u0151t\u00e1r 3; K\u00e1d\u00e1r \u2013 P\u00e1l-Antal; Keresztes Gyula: Kast\u00e9lyaink 9.: A s\u00e1rpataki kast\u00e9ly (N\u00fa., 1992. m\u00e1j. 23.); Kornis; L\u0151wy 2013; Maros megye; Mv. Molter; Pan\u0103; Teleki T\u00e9ka; A Teleki Th\u00e9ka \u00fcgy\u00e9nek rendez\u00e9se: T. K\u00e1roly nyilatkozata (Kv., s.a); Vajdaszentiv\u00e1ny; Visszaszolg\u00e1ltatt\u00e1k a Teleki-kast\u00e9lyt: \u00daj fejezet kezd\u0151dik az \u00e9p\u00fclet t\u00f6rt\u00e9net\u00e9ben (N\u00fa., 2011. j\u00fal. 26.); Vitus K. Gy\u00f6rgy: Tal\u00e1lkoz\u00e1s gr\u00f3f T. K\u00e1rollyal&#8230; (N\u00fa., 1998. nov. 27.).<\/br><\/p>\n","protected":false},"excerpt":{"rendered":"<p>Kv., 1899. nov. 21., \u2020 Toronto, 1977. okt. 31., temetve a kv.-i H\u00e1zsong\u00e1rdi temet\u0151ben (1978): s\u00e1romberki f\u00f6ldbirtokos, a Teleki T\u00e9ka kur\u00e1tora, a Johannita rend lovagja, . \u2013 \u00c1d\u00e1m Ferenc (1867\u20131918) \u00e9s Zeyk \u00c1gnes (1878\u20131977) fia. Feles\u00e9ge: 1. Teleki Gemma (Esk: Tancs, 1928. jan. 15, elv\u00e1ltak 1943). Gyermekeik: M\u00e1ria-\u00c1gnes (1928), B\u00e9csben \u00e9lt, K\u00e1roly (1930. m\u00e1j. 11. [&hellip;]<\/p>\n","protected":false},"featured_media":0,"comment_status":"open","ping_status":"closed","template":"","meta":[],"product_brand":[],"product_cat":[137],"product_tag":[],"class_list":{"0":"post-22851","1":"product","2":"type-product","3":"status-publish","5":"product_cat-maros-megyei-eletrajzi-lexikon","7":"first","8":"instock","9":"shipping-taxable","10":"product-type-simple"},"_links":{"self":[{"href":"https:\/\/uj.adatbank.ro\/lexikon\/wp-json\/wp\/v2\/product\/22851","targetHints":{"allow":["GET"]}}],"collection":[{"href":"https:\/\/uj.adatbank.ro\/lexikon\/wp-json\/wp\/v2\/product"}],"about":[{"href":"https:\/\/uj.adatbank.ro\/lexikon\/wp-json\/wp\/v2\/types\/product"}],"replies":[{"embeddable":true,"href":"https:\/\/uj.adatbank.ro\/lexikon\/wp-json\/wp\/v2\/comments?post=22851"}],"wp:attachment":[{"href":"https:\/\/uj.adatbank.ro\/lexikon\/wp-json\/wp\/v2\/media?parent=22851"}],"wp:term":[{"taxonomy":"product_brand","embeddable":true,"href":"https:\/\/uj.adatbank.ro\/lexikon\/wp-json\/wp\/v2\/product_brand?post=22851"},{"taxonomy":"product_cat","embeddable":true,"href":"https:\/\/uj.adatbank.ro\/lexikon\/wp-json\/wp\/v2\/product_cat?post=22851"},{"taxonomy":"product_tag","embeddable":true,"href":"https:\/\/uj.adatbank.ro\/lexikon\/wp-json\/wp\/v2\/product_tag?post=22851"}],"curies":[{"name":"wp","href":"https:\/\/api.w.org\/{rel}","templated":true}]}}