{"id":22852,"date":"2025-08-01T17:02:49","date_gmt":"2025-08-01T15:02:49","guid":{"rendered":"https:\/\/uj.adatbank.ro\/lexikon\/termek\/teleki-kata-szeki-gr-lazar-janosne\/"},"modified":"2025-08-01T17:02:49","modified_gmt":"2025-08-01T15:02:49","slug":"teleki-kata-szeki-gr-lazar-janosne","status":"publish","type":"product","link":"https:\/\/uj.adatbank.ro\/lexikon\/termek\/teleki-kata-szeki-gr-lazar-janosne\/","title":{"rendered":"TELEKI Kata, sz\u00e9ki gr., L\u00e1z\u00e1r J\u00e1nosn\u00e9"},"content":{"rendered":"<p>?, \u2020 1758: birtokos f\u0151nemes. \u2013 T J\u00e1nos (1697\u20131772) \u00e9s Vay Borb\u00e1la l\u00e1nya. F\u00e9rje gyulakuti L\u00e1z\u00e1r J\u00e1nos (1703\u20131772). Gyermekei: Imre (1743\u20131831), Anna (\u2020 1746), J\u00e1nos (1755\u20131800). <br \/><strong>\u2013 Irod.:<\/strong> Gudenus; Nagy Iv\u00e1n; Gyulakuta \u00e9s egyh\u00e1za.<\/br><\/p>\n","protected":false},"excerpt":{"rendered":"<p>?, \u2020 1758: birtokos f\u0151nemes. \u2013 T J\u00e1nos (1697\u20131772) \u00e9s Vay Borb\u00e1la l\u00e1nya. F\u00e9rje gyulakuti L\u00e1z\u00e1r J\u00e1nos (1703\u20131772). Gyermekei: Imre (1743\u20131831), Anna (\u2020 1746), J\u00e1nos (1755\u20131800). \u2013 Irod.: Gudenus; Nagy Iv\u00e1n; Gyulakuta \u00e9s egyh\u00e1za.<\/p>\n","protected":false},"featured_media":0,"comment_status":"open","ping_status":"closed","template":"","meta":[],"product_brand":[],"product_cat":[137],"product_tag":[],"class_list":{"0":"post-22852","1":"product","2":"type-product","3":"status-publish","5":"product_cat-maros-megyei-eletrajzi-lexikon","7":"first","8":"instock","9":"shipping-taxable","10":"product-type-simple"},"_links":{"self":[{"href":"https:\/\/uj.adatbank.ro\/lexikon\/wp-json\/wp\/v2\/product\/22852","targetHints":{"allow":["GET"]}}],"collection":[{"href":"https:\/\/uj.adatbank.ro\/lexikon\/wp-json\/wp\/v2\/product"}],"about":[{"href":"https:\/\/uj.adatbank.ro\/lexikon\/wp-json\/wp\/v2\/types\/product"}],"replies":[{"embeddable":true,"href":"https:\/\/uj.adatbank.ro\/lexikon\/wp-json\/wp\/v2\/comments?post=22852"}],"wp:attachment":[{"href":"https:\/\/uj.adatbank.ro\/lexikon\/wp-json\/wp\/v2\/media?parent=22852"}],"wp:term":[{"taxonomy":"product_brand","embeddable":true,"href":"https:\/\/uj.adatbank.ro\/lexikon\/wp-json\/wp\/v2\/product_brand?post=22852"},{"taxonomy":"product_cat","embeddable":true,"href":"https:\/\/uj.adatbank.ro\/lexikon\/wp-json\/wp\/v2\/product_cat?post=22852"},{"taxonomy":"product_tag","embeddable":true,"href":"https:\/\/uj.adatbank.ro\/lexikon\/wp-json\/wp\/v2\/product_tag?post=22852"}],"curies":[{"name":"wp","href":"https:\/\/api.w.org\/{rel}","templated":true}]}}