{"id":22853,"date":"2025-08-01T17:02:51","date_gmt":"2025-08-01T15:02:51","guid":{"rendered":"https:\/\/uj.adatbank.ro\/lexikon\/termek\/teleki-katalin-szeki-banffy-palne\/"},"modified":"2025-08-01T17:02:51","modified_gmt":"2025-08-01T15:02:51","slug":"teleki-katalin-szeki-banffy-palne","status":"publish","type":"product","link":"https:\/\/uj.adatbank.ro\/lexikon\/termek\/teleki-katalin-szeki-banffy-palne\/","title":{"rendered":"TELEKI Katalin, sz\u00e9ki; B\u00e1nffy P\u00e1ln\u00e9"},"content":{"rendered":"<p>1669 ?, \u2020 ?: birtokos nemes. \u2013 T. Mih\u00e1ly \u00e9s Ve\u00e9r Judit l\u00e1nya, B\u00e1nffy P\u00e1l feles\u00e9ge. <br \/><strong>\u2013 Irod.:<\/strong> Teleki Mih\u00e1ly udvartart\u00e1si napl\u00f3ja (1673\u20131681) (Kv., 2007).<\/br><\/p>\n","protected":false},"excerpt":{"rendered":"<p>1669 ?, \u2020 ?: birtokos nemes. \u2013 T. Mih\u00e1ly \u00e9s Ve\u00e9r Judit l\u00e1nya, B\u00e1nffy P\u00e1l feles\u00e9ge. \u2013 Irod.: Teleki Mih\u00e1ly udvartart\u00e1si napl\u00f3ja (1673\u20131681) (Kv., 2007).<\/p>\n","protected":false},"featured_media":0,"comment_status":"open","ping_status":"closed","template":"","meta":[],"product_brand":[],"product_cat":[137],"product_tag":[],"class_list":{"0":"post-22853","1":"product","2":"type-product","3":"status-publish","5":"product_cat-maros-megyei-eletrajzi-lexikon","7":"first","8":"instock","9":"shipping-taxable","10":"product-type-simple"},"_links":{"self":[{"href":"https:\/\/uj.adatbank.ro\/lexikon\/wp-json\/wp\/v2\/product\/22853","targetHints":{"allow":["GET"]}}],"collection":[{"href":"https:\/\/uj.adatbank.ro\/lexikon\/wp-json\/wp\/v2\/product"}],"about":[{"href":"https:\/\/uj.adatbank.ro\/lexikon\/wp-json\/wp\/v2\/types\/product"}],"replies":[{"embeddable":true,"href":"https:\/\/uj.adatbank.ro\/lexikon\/wp-json\/wp\/v2\/comments?post=22853"}],"wp:attachment":[{"href":"https:\/\/uj.adatbank.ro\/lexikon\/wp-json\/wp\/v2\/media?parent=22853"}],"wp:term":[{"taxonomy":"product_brand","embeddable":true,"href":"https:\/\/uj.adatbank.ro\/lexikon\/wp-json\/wp\/v2\/product_brand?post=22853"},{"taxonomy":"product_cat","embeddable":true,"href":"https:\/\/uj.adatbank.ro\/lexikon\/wp-json\/wp\/v2\/product_cat?post=22853"},{"taxonomy":"product_tag","embeddable":true,"href":"https:\/\/uj.adatbank.ro\/lexikon\/wp-json\/wp\/v2\/product_tag?post=22853"}],"curies":[{"name":"wp","href":"https:\/\/api.w.org\/{rel}","templated":true}]}}