{"id":22855,"date":"2025-08-01T17:02:58","date_gmt":"2025-08-01T15:02:58","guid":{"rendered":"https:\/\/uj.adatbank.ro\/lexikon\/termek\/teleki-krisztina-kriska-kendeffi-janosne\/"},"modified":"2025-08-01T17:02:58","modified_gmt":"2025-08-01T15:02:58","slug":"teleki-krisztina-kriska-kendeffi-janosne","status":"publish","type":"product","link":"https:\/\/uj.adatbank.ro\/lexikon\/termek\/teleki-krisztina-kriska-kendeffi-janosne\/","title":{"rendered":"TELEKI Krisztina, Kriska, Kendeffi J\u00e1nosn\u00e9"},"content":{"rendered":"<p>1670 k. \u2020 ?: T. Mih\u00e1ly \u00e9s Ve\u00e9r Judit l\u00e1nya, Kendeffi J\u00e1nos feles\u00e9ge (1684\u201394), k\u00e9s\u0151bb Barcsai \u00c1brah\u00e1m feles\u00e9ge. <br \/><strong>\u2013 Irod.:<\/strong> Erd\u00e9lyi f\u00e9niks; Teleki Mih\u00e1ly udvartart\u00e1si napl\u00f3ja (1673\u20131681) (Kv., 2007).<\/br><\/p>\n","protected":false},"excerpt":{"rendered":"<p>1670 k. \u2020 ?: T. Mih\u00e1ly \u00e9s Ve\u00e9r Judit l\u00e1nya, Kendeffi J\u00e1nos feles\u00e9ge (1684\u201394), k\u00e9s\u0151bb Barcsai \u00c1brah\u00e1m feles\u00e9ge. \u2013 Irod.: Erd\u00e9lyi f\u00e9niks; Teleki Mih\u00e1ly udvartart\u00e1si napl\u00f3ja (1673\u20131681) (Kv., 2007).<\/p>\n","protected":false},"featured_media":0,"comment_status":"open","ping_status":"closed","template":"","meta":[],"product_brand":[],"product_cat":[137],"product_tag":[],"class_list":{"0":"post-22855","1":"product","2":"type-product","3":"status-publish","5":"product_cat-maros-megyei-eletrajzi-lexikon","7":"first","8":"instock","9":"shipping-taxable","10":"product-type-simple"},"_links":{"self":[{"href":"https:\/\/uj.adatbank.ro\/lexikon\/wp-json\/wp\/v2\/product\/22855","targetHints":{"allow":["GET"]}}],"collection":[{"href":"https:\/\/uj.adatbank.ro\/lexikon\/wp-json\/wp\/v2\/product"}],"about":[{"href":"https:\/\/uj.adatbank.ro\/lexikon\/wp-json\/wp\/v2\/types\/product"}],"replies":[{"embeddable":true,"href":"https:\/\/uj.adatbank.ro\/lexikon\/wp-json\/wp\/v2\/comments?post=22855"}],"wp:attachment":[{"href":"https:\/\/uj.adatbank.ro\/lexikon\/wp-json\/wp\/v2\/media?parent=22855"}],"wp:term":[{"taxonomy":"product_brand","embeddable":true,"href":"https:\/\/uj.adatbank.ro\/lexikon\/wp-json\/wp\/v2\/product_brand?post=22855"},{"taxonomy":"product_cat","embeddable":true,"href":"https:\/\/uj.adatbank.ro\/lexikon\/wp-json\/wp\/v2\/product_cat?post=22855"},{"taxonomy":"product_tag","embeddable":true,"href":"https:\/\/uj.adatbank.ro\/lexikon\/wp-json\/wp\/v2\/product_tag?post=22855"}],"curies":[{"name":"wp","href":"https:\/\/api.w.org\/{rel}","templated":true}]}}