{"id":22857,"date":"2025-08-01T17:03:02","date_gmt":"2025-08-01T15:03:02","guid":{"rendered":"https:\/\/uj.adatbank.ro\/lexikon\/termek\/teleki-lajos-szeki-gr\/"},"modified":"2025-08-01T17:03:02","modified_gmt":"2025-08-01T15:03:02","slug":"teleki-lajos-szeki-gr","status":"publish","type":"product","link":"https:\/\/uj.adatbank.ro\/lexikon\/termek\/teleki-lajos-szeki-gr\/","title":{"rendered":"TELEKI Lajos, sz\u00e9ki gr."},"content":{"rendered":"<p>1778. febr. 8., \u2020 Mv., 1810. m\u00e1j. 3, temetve: Maross\u00e1rpatakon, m\u00e1j. 21.: f\u0151korm\u00e1nysz\u00e9ki fogalmaz\u00f3, s\u00e1rpataki birtokos..- T. Mih\u00e1ly (1750\u20131826) \u00e9s tancsi F\u00f6ldv\u00e1ry Druzsianna (\u2020 1751) fia. Feles\u00e9ge: malomvizi Kendeffy Anna (1781?-Kv., 1846. jan. 8. Dobok\u00e1n temett\u00e9k), fiaik: Mikl\u00f3s (1804\u20131884), feles\u00e9ge Sim\u00e9ny Kl\u00e1ra; Mih\u00e1ly (1806\u20131847), Lajos (1807\u20131842), feles\u00e9ge gr. Bethlen Eszter. \u2013 Maross\u00e1rpataki birtokos. A mv.-i Ref. Koll. f\u0151gondnoka (1781). A kv.-i the\u00e1tr\u00e1lis direci\u00f3, vagyis sz\u00ednh\u00e1zi bizotts\u00e1g egyik tagja Wessel\u00e9nyi Mikl\u00f3s, Bethlen Farkas, Fritsi Fekete Ferenc \u00e9s Teleki Ferenc mellett (1805). \u0150 \u00e9s feles\u00e9ge t\u00e1mogatt\u00e1k a maross\u00e1rpataki egyh\u00e1zk\u00f6zs\u00e9get, k\u00e9t ez\u00fcstpoharat \u00e9s ez\u00fcst t\u00e1ny\u00e9rt adom\u00e1nyoztak az egyh\u00e1znak. Tompa J\u00e1nos ref. koll.-i tan\u00e1r mondott felette pr\u00e9dik\u00e1ci\u00f3t (1810).\u2013  <strong>F. m..:<\/strong> Versei = T. Domokos Az emberi sorsnak v\u00e1ltozand\u00f3s\u00e1ga&#8230;(Kv., 1815), p. 187\u2013198. <br \/><strong>\u2013 Irod.:<\/strong> Berekm\u00e9ri\u2013G\u00e1lfi; B\u00f6jthe Andor: A G\u00f6rg\u00e9nyi ev. ref. egyh\u00e1zmegye t\u00f6rt\u00e9nete [k\u00e9zirat]; Enyedi: erd\u00e9lyi m. sz\u00ednj\u00e1tsz\u00e1s; Gudenus; Koncz; Kov\u00e1sznai; K\u0151v\u00e1ry L.: Erd\u00e9lyorsz\u00e1g statisztik\u00e1ja (Kv., 1847); Lev\u00e9lt\u00e1ri gy\u00e1szj.; Nagy Iv\u00e1n; S\u00e1rpatak; Teleki Domokos: Az emberi sorsnak v\u00e1ltozand\u00f3s\u00e1ga&#8230;(Kv., 1815); Kovachich M\u00e1rton Gy\u00f6rgy: Specimen cognitionis decreti comitialis Ludovici I&#8230; (Claudiopoli, 1814); Nagy Iv\u00e1n.<\/br><\/p>\n","protected":false},"excerpt":{"rendered":"<p>1778. febr. 8., \u2020 Mv., 1810. m\u00e1j. 3, temetve: Maross\u00e1rpatakon, m\u00e1j. 21.: f\u0151korm\u00e1nysz\u00e9ki fogalmaz\u00f3, s\u00e1rpataki birtokos..- T. Mih\u00e1ly (1750\u20131826) \u00e9s tancsi F\u00f6ldv\u00e1ry Druzsianna (\u2020 1751) fia. Feles\u00e9ge: malomvizi Kendeffy Anna (1781?-Kv., 1846. jan. 8. Dobok\u00e1n temett\u00e9k), fiaik: Mikl\u00f3s (1804\u20131884), feles\u00e9ge Sim\u00e9ny Kl\u00e1ra; Mih\u00e1ly (1806\u20131847), Lajos (1807\u20131842), feles\u00e9ge gr. Bethlen Eszter. \u2013 Maross\u00e1rpataki birtokos. A mv.-i [&hellip;]<\/p>\n","protected":false},"featured_media":0,"comment_status":"open","ping_status":"closed","template":"","meta":[],"product_brand":[],"product_cat":[137],"product_tag":[],"class_list":{"0":"post-22857","1":"product","2":"type-product","3":"status-publish","5":"product_cat-maros-megyei-eletrajzi-lexikon","7":"first","8":"instock","9":"shipping-taxable","10":"product-type-simple"},"_links":{"self":[{"href":"https:\/\/uj.adatbank.ro\/lexikon\/wp-json\/wp\/v2\/product\/22857","targetHints":{"allow":["GET"]}}],"collection":[{"href":"https:\/\/uj.adatbank.ro\/lexikon\/wp-json\/wp\/v2\/product"}],"about":[{"href":"https:\/\/uj.adatbank.ro\/lexikon\/wp-json\/wp\/v2\/types\/product"}],"replies":[{"embeddable":true,"href":"https:\/\/uj.adatbank.ro\/lexikon\/wp-json\/wp\/v2\/comments?post=22857"}],"wp:attachment":[{"href":"https:\/\/uj.adatbank.ro\/lexikon\/wp-json\/wp\/v2\/media?parent=22857"}],"wp:term":[{"taxonomy":"product_brand","embeddable":true,"href":"https:\/\/uj.adatbank.ro\/lexikon\/wp-json\/wp\/v2\/product_brand?post=22857"},{"taxonomy":"product_cat","embeddable":true,"href":"https:\/\/uj.adatbank.ro\/lexikon\/wp-json\/wp\/v2\/product_cat?post=22857"},{"taxonomy":"product_tag","embeddable":true,"href":"https:\/\/uj.adatbank.ro\/lexikon\/wp-json\/wp\/v2\/product_tag?post=22857"}],"curies":[{"name":"wp","href":"https:\/\/api.w.org\/{rel}","templated":true}]}}