{"id":22858,"date":"2025-08-01T17:03:04","date_gmt":"2025-08-01T15:03:04","guid":{"rendered":"https:\/\/uj.adatbank.ro\/lexikon\/termek\/teleki-lajos-szeki-gr-2\/"},"modified":"2025-08-01T17:03:04","modified_gmt":"2025-08-01T15:03:04","slug":"teleki-lajos-szeki-gr-2","status":"publish","type":"product","link":"https:\/\/uj.adatbank.ro\/lexikon\/termek\/teleki-lajos-szeki-gr-2\/","title":{"rendered":"TELEKI Lajos, sz\u00e9ki gr."},"content":{"rendered":"<p>1807. jan. 6., \u2020 S\u00e1rpatak, 1842. szept. 3, p\u00e1rbajban. \u2013 Lajos (1778\u20131810) \u00e9s Kendeffy Anna fia. Feles\u00e9ge: bethleni gr. Bethlen Eszter, B. K\u00e1roly \u00e9s hidv\u00e9gi gr. Mik\u00f3 Krisztina le\u00e1nya (1813. jan 6. \u2013 Kv., 1865. m\u00e1rc. 10, S\u00e1rpatakon a csal\u00e1di kript\u00e1ban nyugszik. Halotti c\u00edmere a kv.-i Farkas utcai templomban van) (esk\u00fcv\u0151, 1834). Fiaik: T. K\u00e1roly, f\u0151rendih\u00e1zi tag, maros\u00fajv\u00e1ri birtokos (S\u00e1rpatak, 1836. \u2013 Kv., 1912, temetve S\u00e1rpatak), feles\u00e9ge gr. Mik\u00f3 M\u00e1ria; T. Lajos (S\u00e1rpatak, 1840. \u2013 Amerik\u00e1ban \u00e9lt, lesz\u00e1rmazottai most is ott \u00e9lnek ); T. Domokos koz\u00e1rv\u00e1ri birtokos (S\u00e1rpatak, 1841. \u2013 Bp., 1907, temetve Koz\u00e1rv\u00e1r), a s\u00e1rpataki ma is megl\u00e9v\u0151 kast\u00e9ly \u00e9p\u00edttet\u0151je; Eszter (1838. \u2013 Pest, 1851, temetve S\u00e1rpatak). \u2013 Maross\u00e1rpataki birtokos. A Mv.-i Kaszin\u00f3 alap\u00edt\u00f3tagja (1832). Bethlen Gergely elleni p\u00e1rbajban halt meg. <br \/><strong>\u2013 Irod.:<\/strong> Berekm\u00e9ri\u2013G\u00e1lfi; Bi\u00e1s Istv\u00e1n; Entz\u2013Kov\u00e1cs; Gudenus, Gy\u00e1szjelent\u0151; Lev\u00e9lt\u00e1ri gy\u00e1szj; MNZSk, Nagy Iv\u00e1n; Pesty 2014.<\/br><\/p>\n","protected":false},"excerpt":{"rendered":"<p>1807. jan. 6., \u2020 S\u00e1rpatak, 1842. szept. 3, p\u00e1rbajban. \u2013 Lajos (1778\u20131810) \u00e9s Kendeffy Anna fia. Feles\u00e9ge: bethleni gr. Bethlen Eszter, B. K\u00e1roly \u00e9s hidv\u00e9gi gr. Mik\u00f3 Krisztina le\u00e1nya (1813. jan 6. \u2013 Kv., 1865. m\u00e1rc. 10, S\u00e1rpatakon a csal\u00e1di kript\u00e1ban nyugszik. Halotti c\u00edmere a kv.-i Farkas utcai templomban van) (esk\u00fcv\u0151, 1834). Fiaik: T. K\u00e1roly, [&hellip;]<\/p>\n","protected":false},"featured_media":0,"comment_status":"open","ping_status":"closed","template":"","meta":[],"product_brand":[],"product_cat":[137],"product_tag":[],"class_list":{"0":"post-22858","1":"product","2":"type-product","3":"status-publish","5":"product_cat-maros-megyei-eletrajzi-lexikon","7":"first","8":"instock","9":"shipping-taxable","10":"product-type-simple"},"_links":{"self":[{"href":"https:\/\/uj.adatbank.ro\/lexikon\/wp-json\/wp\/v2\/product\/22858","targetHints":{"allow":["GET"]}}],"collection":[{"href":"https:\/\/uj.adatbank.ro\/lexikon\/wp-json\/wp\/v2\/product"}],"about":[{"href":"https:\/\/uj.adatbank.ro\/lexikon\/wp-json\/wp\/v2\/types\/product"}],"replies":[{"embeddable":true,"href":"https:\/\/uj.adatbank.ro\/lexikon\/wp-json\/wp\/v2\/comments?post=22858"}],"wp:attachment":[{"href":"https:\/\/uj.adatbank.ro\/lexikon\/wp-json\/wp\/v2\/media?parent=22858"}],"wp:term":[{"taxonomy":"product_brand","embeddable":true,"href":"https:\/\/uj.adatbank.ro\/lexikon\/wp-json\/wp\/v2\/product_brand?post=22858"},{"taxonomy":"product_cat","embeddable":true,"href":"https:\/\/uj.adatbank.ro\/lexikon\/wp-json\/wp\/v2\/product_cat?post=22858"},{"taxonomy":"product_tag","embeddable":true,"href":"https:\/\/uj.adatbank.ro\/lexikon\/wp-json\/wp\/v2\/product_tag?post=22858"}],"curies":[{"name":"wp","href":"https:\/\/api.w.org\/{rel}","templated":true}]}}