{"id":22867,"date":"2025-08-01T17:03:25","date_gmt":"2025-08-01T15:03:25","guid":{"rendered":"https:\/\/uj.adatbank.ro\/lexikon\/termek\/teleki-margit-margareta\/"},"modified":"2025-08-01T17:03:25","modified_gmt":"2025-08-01T15:03:25","slug":"teleki-margit-margareta","status":"publish","type":"product","link":"https:\/\/uj.adatbank.ro\/lexikon\/termek\/teleki-margit-margareta\/","title":{"rendered":"TELEKI Margit, Margareta"},"content":{"rendered":"<p>? \u2020 ?: f\u00f6ldbirtokos. \u2013 F\u00e9rje: T. J\u00f3zsef, h\u00e1bor\u00fas b\u0171n\u00f6s. \u2013 \u00c1kosfalv\u00e1n voltak birtokai. A szeg\u00e9nyparasztoknak meg\u00edg\u00e9rte, hogy t\u0151le f\u00f6ldet kapnak, ha nem \u00e1llnak be a kollekt\u00edv gazdas\u00e1gba, de a p\u00e1rtszervek meggy\u0151zt\u00e9k a parasztokat, \u00e9s csal\u00e1dj\u00e1val egy\u00fctt ki\u0171zt\u00e9k a falub\u00f3l (1951). <br \/><strong>\u2013 Irod.:<\/strong> Bartos 2012.<\/br><\/p>\n","protected":false},"excerpt":{"rendered":"<p>? \u2020 ?: f\u00f6ldbirtokos. \u2013 F\u00e9rje: T. J\u00f3zsef, h\u00e1bor\u00fas b\u0171n\u00f6s. \u2013 \u00c1kosfalv\u00e1n voltak birtokai. A szeg\u00e9nyparasztoknak meg\u00edg\u00e9rte, hogy t\u0151le f\u00f6ldet kapnak, ha nem \u00e1llnak be a kollekt\u00edv gazdas\u00e1gba, de a p\u00e1rtszervek meggy\u0151zt\u00e9k a parasztokat, \u00e9s csal\u00e1dj\u00e1val egy\u00fctt ki\u0171zt\u00e9k a falub\u00f3l (1951). \u2013 Irod.: Bartos 2012.<\/p>\n","protected":false},"featured_media":0,"comment_status":"open","ping_status":"closed","template":"","meta":[],"product_brand":[],"product_cat":[137],"product_tag":[],"class_list":{"0":"post-22867","1":"product","2":"type-product","3":"status-publish","5":"product_cat-maros-megyei-eletrajzi-lexikon","7":"first","8":"instock","9":"shipping-taxable","10":"product-type-simple"},"_links":{"self":[{"href":"https:\/\/uj.adatbank.ro\/lexikon\/wp-json\/wp\/v2\/product\/22867","targetHints":{"allow":["GET"]}}],"collection":[{"href":"https:\/\/uj.adatbank.ro\/lexikon\/wp-json\/wp\/v2\/product"}],"about":[{"href":"https:\/\/uj.adatbank.ro\/lexikon\/wp-json\/wp\/v2\/types\/product"}],"replies":[{"embeddable":true,"href":"https:\/\/uj.adatbank.ro\/lexikon\/wp-json\/wp\/v2\/comments?post=22867"}],"wp:attachment":[{"href":"https:\/\/uj.adatbank.ro\/lexikon\/wp-json\/wp\/v2\/media?parent=22867"}],"wp:term":[{"taxonomy":"product_brand","embeddable":true,"href":"https:\/\/uj.adatbank.ro\/lexikon\/wp-json\/wp\/v2\/product_brand?post=22867"},{"taxonomy":"product_cat","embeddable":true,"href":"https:\/\/uj.adatbank.ro\/lexikon\/wp-json\/wp\/v2\/product_cat?post=22867"},{"taxonomy":"product_tag","embeddable":true,"href":"https:\/\/uj.adatbank.ro\/lexikon\/wp-json\/wp\/v2\/product_tag?post=22867"}],"curies":[{"name":"wp","href":"https:\/\/api.w.org\/{rel}","templated":true}]}}