{"id":22869,"date":"2025-08-01T17:03:30","date_gmt":"2025-08-01T15:03:30","guid":{"rendered":"https:\/\/uj.adatbank.ro\/lexikon\/termek\/teleki-maria-agnes\/"},"modified":"2025-08-01T17:03:30","modified_gmt":"2025-08-01T15:03:30","slug":"teleki-maria-agnes","status":"publish","type":"product","link":"https:\/\/uj.adatbank.ro\/lexikon\/termek\/teleki-maria-agnes\/","title":{"rendered":"TELEKI M\u00e1ria \u00c1gnes"},"content":{"rendered":"<p>S\u00e1romberke, 1928. nov. 16., \u2020 ?: tolm\u00e1cs. \u2013 F\u00e9rje Akantisz Arisztid Istv\u00e1n okl. m\u00e9rn\u00f6k (Esk\u00fcv\u0151 Graz: 1952). <br \/><strong>\u2013 Irod.:<\/strong> Gudenus.<\/br><\/p>\n","protected":false},"excerpt":{"rendered":"<p>S\u00e1romberke, 1928. nov. 16., \u2020 ?: tolm\u00e1cs. \u2013 F\u00e9rje Akantisz Arisztid Istv\u00e1n okl. m\u00e9rn\u00f6k (Esk\u00fcv\u0151 Graz: 1952). \u2013 Irod.: Gudenus.<\/p>\n","protected":false},"featured_media":0,"comment_status":"open","ping_status":"closed","template":"","meta":[],"product_brand":[],"product_cat":[137],"product_tag":[],"class_list":{"0":"post-22869","1":"product","2":"type-product","3":"status-publish","5":"product_cat-maros-megyei-eletrajzi-lexikon","7":"first","8":"instock","9":"shipping-taxable","10":"product-type-simple"},"_links":{"self":[{"href":"https:\/\/uj.adatbank.ro\/lexikon\/wp-json\/wp\/v2\/product\/22869","targetHints":{"allow":["GET"]}}],"collection":[{"href":"https:\/\/uj.adatbank.ro\/lexikon\/wp-json\/wp\/v2\/product"}],"about":[{"href":"https:\/\/uj.adatbank.ro\/lexikon\/wp-json\/wp\/v2\/types\/product"}],"replies":[{"embeddable":true,"href":"https:\/\/uj.adatbank.ro\/lexikon\/wp-json\/wp\/v2\/comments?post=22869"}],"wp:attachment":[{"href":"https:\/\/uj.adatbank.ro\/lexikon\/wp-json\/wp\/v2\/media?parent=22869"}],"wp:term":[{"taxonomy":"product_brand","embeddable":true,"href":"https:\/\/uj.adatbank.ro\/lexikon\/wp-json\/wp\/v2\/product_brand?post=22869"},{"taxonomy":"product_cat","embeddable":true,"href":"https:\/\/uj.adatbank.ro\/lexikon\/wp-json\/wp\/v2\/product_cat?post=22869"},{"taxonomy":"product_tag","embeddable":true,"href":"https:\/\/uj.adatbank.ro\/lexikon\/wp-json\/wp\/v2\/product_tag?post=22869"}],"curies":[{"name":"wp","href":"https:\/\/api.w.org\/{rel}","templated":true}]}}