{"id":22870,"date":"2025-08-01T17:03:34","date_gmt":"2025-08-01T15:03:34","guid":{"rendered":"https:\/\/uj.adatbank.ro\/lexikon\/termek\/teleki-maria-szeki-gr-rhedey-adamne\/"},"modified":"2025-08-01T17:03:34","modified_gmt":"2025-08-01T15:03:34","slug":"teleki-maria-szeki-gr-rhedey-adamne","status":"publish","type":"product","link":"https:\/\/uj.adatbank.ro\/lexikon\/termek\/teleki-maria-szeki-gr-rhedey-adamne\/","title":{"rendered":"TELEKI M\u00e1ria, sz\u00e9ki gr.; Rh\u00e9dey \u00c1d\u00e1mn\u00e9"},"content":{"rendered":"<p>S\u00e1romberke, 1777. \u2020 Kv., 1826. j\u00fan. 16.: birtokos. \u2013 T. S\u00e1muel (1739\u20131822) \u00e9s ikt\u00e1ri Bethlen Zsuzsa (1754\u20131797) l\u00e1nya; kisr\u00e9dei gr. Rh\u00e9dey \u00c1d\u00e1m (1768\u20131849) Dob\u00f3ka vm. f\u0151isp\u00e1nja feles\u00e9ge (1795\u2013). Le\u00e1nyaik: Kl\u00e1ra (1809\u20131868) \u2013 Rad\u00e1k Istv\u00e1nn\u00e9 \u00e9s M\u00e1ria (1811\u20131849) \u2013 Mik\u00f3 Imr\u00e9n\u00e9. \u2013 Nevel\u0151k tan\u00edtott\u00e1k a sz\u00fcl\u0151i h\u00e1zn\u00e1l. Leford\u00edtotta a sk\u00f3t teol\u00f3gus \u00e9s eszt\u00e9tikus Hugo Blaire egyh\u00e1zi besz\u00e9deit. A ford\u00edt\u00e1s hal\u00e1la ut\u00e1n egy \u00e9vvel f\u00e9rje r\u00f6vid bevezet\u0151j\u00e9vel l\u00e1tott napvil\u00e1got. \u2013  <strong>F. m..:<\/strong>  <strong>ford.:<\/strong> Blair Hugo: Tizenn\u00e9gy pr\u00e9dik\u00e1ci\u00f3i (ford. Rh\u00e9dey \u00c1d\u00e1m; Kv., 1827). <br \/><strong>\u2013 Irod.:<\/strong> De\u00e9 Nagy Anik\u00f3 1997; 2007; Gy\u00e1szjelent\u0151; Halotti besz\u00e9dek; Koncz 1905.<\/br><\/p>\n","protected":false},"excerpt":{"rendered":"<p>S\u00e1romberke, 1777. \u2020 Kv., 1826. j\u00fan. 16.: birtokos. \u2013 T. S\u00e1muel (1739\u20131822) \u00e9s ikt\u00e1ri Bethlen Zsuzsa (1754\u20131797) l\u00e1nya; kisr\u00e9dei gr. Rh\u00e9dey \u00c1d\u00e1m (1768\u20131849) Dob\u00f3ka vm. f\u0151isp\u00e1nja feles\u00e9ge (1795\u2013). Le\u00e1nyaik: Kl\u00e1ra (1809\u20131868) \u2013 Rad\u00e1k Istv\u00e1nn\u00e9 \u00e9s M\u00e1ria (1811\u20131849) \u2013 Mik\u00f3 Imr\u00e9n\u00e9. \u2013 Nevel\u0151k tan\u00edtott\u00e1k a sz\u00fcl\u0151i h\u00e1zn\u00e1l. Leford\u00edtotta a sk\u00f3t teol\u00f3gus \u00e9s eszt\u00e9tikus Hugo Blaire egyh\u00e1zi [&hellip;]<\/p>\n","protected":false},"featured_media":0,"comment_status":"open","ping_status":"closed","template":"","meta":[],"product_brand":[],"product_cat":[137],"product_tag":[],"class_list":{"0":"post-22870","1":"product","2":"type-product","3":"status-publish","5":"product_cat-maros-megyei-eletrajzi-lexikon","7":"first","8":"instock","9":"shipping-taxable","10":"product-type-simple"},"_links":{"self":[{"href":"https:\/\/uj.adatbank.ro\/lexikon\/wp-json\/wp\/v2\/product\/22870","targetHints":{"allow":["GET"]}}],"collection":[{"href":"https:\/\/uj.adatbank.ro\/lexikon\/wp-json\/wp\/v2\/product"}],"about":[{"href":"https:\/\/uj.adatbank.ro\/lexikon\/wp-json\/wp\/v2\/types\/product"}],"replies":[{"embeddable":true,"href":"https:\/\/uj.adatbank.ro\/lexikon\/wp-json\/wp\/v2\/comments?post=22870"}],"wp:attachment":[{"href":"https:\/\/uj.adatbank.ro\/lexikon\/wp-json\/wp\/v2\/media?parent=22870"}],"wp:term":[{"taxonomy":"product_brand","embeddable":true,"href":"https:\/\/uj.adatbank.ro\/lexikon\/wp-json\/wp\/v2\/product_brand?post=22870"},{"taxonomy":"product_cat","embeddable":true,"href":"https:\/\/uj.adatbank.ro\/lexikon\/wp-json\/wp\/v2\/product_cat?post=22870"},{"taxonomy":"product_tag","embeddable":true,"href":"https:\/\/uj.adatbank.ro\/lexikon\/wp-json\/wp\/v2\/product_tag?post=22870"}],"curies":[{"name":"wp","href":"https:\/\/api.w.org\/{rel}","templated":true}]}}