{"id":22871,"date":"2025-08-01T17:03:36","date_gmt":"2025-08-01T15:03:36","guid":{"rendered":"https:\/\/uj.adatbank.ro\/lexikon\/termek\/teleki-maria-szeki-gr-teleki-laszlone\/"},"modified":"2025-08-01T17:03:36","modified_gmt":"2025-08-01T15:03:36","slug":"teleki-maria-szeki-gr-teleki-laszlone","status":"publish","type":"product","link":"https:\/\/uj.adatbank.ro\/lexikon\/termek\/teleki-maria-szeki-gr-teleki-laszlone\/","title":{"rendered":"TELEKI M\u00e1ria, sz\u00e9ki gr., Teleki L\u00e1szl\u00f3n\u00e9"},"content":{"rendered":"<p>? \u2020 B\u00e9cs, 1800. \u00e1pr. 23., temetve Szir\u00e1k: birtokos. \u2013 Apja T. \u00c1d\u00e1m (1740\u20131792)., anyja hadadi Wessel\u00e9nyi M\u00e1ria (1748\u20131785). F\u00e9rje sz\u00e9ki gr. Teleki L\u00e1szl\u00f3 (1764\u20131821). Gyermekei: \u00c1d\u00e1m (1789\u20131851), J\u00f3zsef (1790\u20131855), erd\u00e9lyi korm\u00e1nyz\u00f3, a MTA eln\u00f6ke, S\u00e1muel (1792\u20131857). <br \/><strong>\u2013 Irod.:<\/strong> Gudenus; Nagy Iv\u00e1n.<\/br><\/p>\n","protected":false},"excerpt":{"rendered":"<p>? \u2020 B\u00e9cs, 1800. \u00e1pr. 23., temetve Szir\u00e1k: birtokos. \u2013 Apja T. \u00c1d\u00e1m (1740\u20131792)., anyja hadadi Wessel\u00e9nyi M\u00e1ria (1748\u20131785). F\u00e9rje sz\u00e9ki gr. Teleki L\u00e1szl\u00f3 (1764\u20131821). Gyermekei: \u00c1d\u00e1m (1789\u20131851), J\u00f3zsef (1790\u20131855), erd\u00e9lyi korm\u00e1nyz\u00f3, a MTA eln\u00f6ke, S\u00e1muel (1792\u20131857). \u2013 Irod.: Gudenus; Nagy Iv\u00e1n.<\/p>\n","protected":false},"featured_media":0,"comment_status":"open","ping_status":"closed","template":"","meta":[],"product_brand":[],"product_cat":[137],"product_tag":[],"class_list":{"0":"post-22871","1":"product","2":"type-product","3":"status-publish","5":"product_cat-maros-megyei-eletrajzi-lexikon","7":"first","8":"instock","9":"shipping-taxable","10":"product-type-simple"},"_links":{"self":[{"href":"https:\/\/uj.adatbank.ro\/lexikon\/wp-json\/wp\/v2\/product\/22871","targetHints":{"allow":["GET"]}}],"collection":[{"href":"https:\/\/uj.adatbank.ro\/lexikon\/wp-json\/wp\/v2\/product"}],"about":[{"href":"https:\/\/uj.adatbank.ro\/lexikon\/wp-json\/wp\/v2\/types\/product"}],"replies":[{"embeddable":true,"href":"https:\/\/uj.adatbank.ro\/lexikon\/wp-json\/wp\/v2\/comments?post=22871"}],"wp:attachment":[{"href":"https:\/\/uj.adatbank.ro\/lexikon\/wp-json\/wp\/v2\/media?parent=22871"}],"wp:term":[{"taxonomy":"product_brand","embeddable":true,"href":"https:\/\/uj.adatbank.ro\/lexikon\/wp-json\/wp\/v2\/product_brand?post=22871"},{"taxonomy":"product_cat","embeddable":true,"href":"https:\/\/uj.adatbank.ro\/lexikon\/wp-json\/wp\/v2\/product_cat?post=22871"},{"taxonomy":"product_tag","embeddable":true,"href":"https:\/\/uj.adatbank.ro\/lexikon\/wp-json\/wp\/v2\/product_tag?post=22871"}],"curies":[{"name":"wp","href":"https:\/\/api.w.org\/{rel}","templated":true}]}}