{"id":22872,"date":"2025-08-01T17:03:38","date_gmt":"2025-08-01T15:03:38","guid":{"rendered":"https:\/\/uj.adatbank.ro\/lexikon\/termek\/teleki-mihaly\/"},"modified":"2025-08-01T17:03:38","modified_gmt":"2025-08-01T15:03:38","slug":"teleki-mihaly","status":"publish","type":"product","link":"https:\/\/uj.adatbank.ro\/lexikon\/termek\/teleki-mihaly\/","title":{"rendered":"TELEKI Mih\u00e1ly"},"content":{"rendered":"<p>? \u2020 ?: ? . Az MSE egyik aleln\u00f6ke az alakul\u00e1st\u00f3l (1898). <br \/><strong>\u2013 Irod.:<\/strong> K\u00f6peczi De\u00e1k Albert: Parlamenti korm\u00e1nyrendszer Mo.-on (Bp., 1912); Pluh\u00e1r; Szinnyei J.<\/br><\/p>\n","protected":false},"excerpt":{"rendered":"<p>? \u2020 ?: ? . Az MSE egyik aleln\u00f6ke az alakul\u00e1st\u00f3l (1898). \u2013 Irod.: K\u00f6peczi De\u00e1k Albert: Parlamenti korm\u00e1nyrendszer Mo.-on (Bp., 1912); Pluh\u00e1r; Szinnyei J.<\/p>\n","protected":false},"featured_media":0,"comment_status":"open","ping_status":"closed","template":"","meta":[],"product_brand":[],"product_cat":[137],"product_tag":[],"class_list":{"0":"post-22872","1":"product","2":"type-product","3":"status-publish","5":"product_cat-maros-megyei-eletrajzi-lexikon","7":"first","8":"instock","9":"shipping-taxable","10":"product-type-simple"},"_links":{"self":[{"href":"https:\/\/uj.adatbank.ro\/lexikon\/wp-json\/wp\/v2\/product\/22872","targetHints":{"allow":["GET"]}}],"collection":[{"href":"https:\/\/uj.adatbank.ro\/lexikon\/wp-json\/wp\/v2\/product"}],"about":[{"href":"https:\/\/uj.adatbank.ro\/lexikon\/wp-json\/wp\/v2\/types\/product"}],"replies":[{"embeddable":true,"href":"https:\/\/uj.adatbank.ro\/lexikon\/wp-json\/wp\/v2\/comments?post=22872"}],"wp:attachment":[{"href":"https:\/\/uj.adatbank.ro\/lexikon\/wp-json\/wp\/v2\/media?parent=22872"}],"wp:term":[{"taxonomy":"product_brand","embeddable":true,"href":"https:\/\/uj.adatbank.ro\/lexikon\/wp-json\/wp\/v2\/product_brand?post=22872"},{"taxonomy":"product_cat","embeddable":true,"href":"https:\/\/uj.adatbank.ro\/lexikon\/wp-json\/wp\/v2\/product_cat?post=22872"},{"taxonomy":"product_tag","embeddable":true,"href":"https:\/\/uj.adatbank.ro\/lexikon\/wp-json\/wp\/v2\/product_tag?post=22872"}],"curies":[{"name":"wp","href":"https:\/\/api.w.org\/{rel}","templated":true}]}}