{"id":22885,"date":"2025-08-01T17:04:08","date_gmt":"2025-08-01T15:04:08","guid":{"rendered":"https:\/\/uj.adatbank.ro\/lexikon\/termek\/teleki-pal-szeki-gr\/"},"modified":"2025-08-01T17:04:08","modified_gmt":"2025-08-01T15:04:08","slug":"teleki-pal-szeki-gr","status":"publish","type":"product","link":"https:\/\/uj.adatbank.ro\/lexikon\/termek\/teleki-pal-szeki-gr\/","title":{"rendered":"TELEKI P\u00e1l, sz\u00e9ki gr."},"content":{"rendered":"<p>1733 k., \u2020 ? 1755.: \u0151rnagy.\u2013 L\u00e1szl\u00f3 (1710\u20131778) \u00e9s R\u00e1day Eszter fia. T. J\u00f3zsef korona\u0151r b\u00e1tyja. \u2013 K\u00fclf\u00f6ldi tanulm\u00e1ny\u00fatra indult Halm\u00e1gyi Istv\u00e1n k\u00eds\u00e9ret\u00e9ben G\u00f6tting\u00e1ba (1752). Korai hal\u00e1la volt. <br \/><strong>\u2013 Irod.:<\/strong> Gudenus; Nagy Iv\u00e1n.<\/br><\/p>\n","protected":false},"excerpt":{"rendered":"<p>1733 k., \u2020 ? 1755.: \u0151rnagy.\u2013 L\u00e1szl\u00f3 (1710\u20131778) \u00e9s R\u00e1day Eszter fia. T. J\u00f3zsef korona\u0151r b\u00e1tyja. \u2013 K\u00fclf\u00f6ldi tanulm\u00e1ny\u00fatra indult Halm\u00e1gyi Istv\u00e1n k\u00eds\u00e9ret\u00e9ben G\u00f6tting\u00e1ba (1752). Korai hal\u00e1la volt. \u2013 Irod.: Gudenus; Nagy Iv\u00e1n.<\/p>\n","protected":false},"featured_media":0,"comment_status":"open","ping_status":"closed","template":"","meta":[],"product_brand":[],"product_cat":[137],"product_tag":[],"class_list":{"0":"post-22885","1":"product","2":"type-product","3":"status-publish","5":"product_cat-maros-megyei-eletrajzi-lexikon","7":"first","8":"instock","9":"shipping-taxable","10":"product-type-simple"},"_links":{"self":[{"href":"https:\/\/uj.adatbank.ro\/lexikon\/wp-json\/wp\/v2\/product\/22885","targetHints":{"allow":["GET"]}}],"collection":[{"href":"https:\/\/uj.adatbank.ro\/lexikon\/wp-json\/wp\/v2\/product"}],"about":[{"href":"https:\/\/uj.adatbank.ro\/lexikon\/wp-json\/wp\/v2\/types\/product"}],"replies":[{"embeddable":true,"href":"https:\/\/uj.adatbank.ro\/lexikon\/wp-json\/wp\/v2\/comments?post=22885"}],"wp:attachment":[{"href":"https:\/\/uj.adatbank.ro\/lexikon\/wp-json\/wp\/v2\/media?parent=22885"}],"wp:term":[{"taxonomy":"product_brand","embeddable":true,"href":"https:\/\/uj.adatbank.ro\/lexikon\/wp-json\/wp\/v2\/product_brand?post=22885"},{"taxonomy":"product_cat","embeddable":true,"href":"https:\/\/uj.adatbank.ro\/lexikon\/wp-json\/wp\/v2\/product_cat?post=22885"},{"taxonomy":"product_tag","embeddable":true,"href":"https:\/\/uj.adatbank.ro\/lexikon\/wp-json\/wp\/v2\/product_tag?post=22885"}],"curies":[{"name":"wp","href":"https:\/\/api.w.org\/{rel}","templated":true}]}}